{"id":5670,"date":"2026-04-18T11:05:26","date_gmt":"2026-04-18T09:05:26","guid":{"rendered":"https:\/\/port2port.be\/product\/2009-taylor-fladgate-vargellas-vinha-velha-vintage-port-kist-3x0-75l-douro\/"},"modified":"2026-04-18T12:52:05","modified_gmt":"2026-04-18T10:52:05","slug":"2009-taylor-fladgate-vargellas-vinha-velha-vintage-port-kist-3x0-75l-douro","status":"publish","type":"product","link":"https:\/\/port2port.be\/fr\/produit\/2009-taylor-fladgate-vargellas-vinha-velha-vintage-porto-case-3x0-75l-douro\/","title":{"rendered":"2009 Taylor Fladgate Vargellas Vinha Velha Vintage Port Case (3\u00d70.75L) - Douro"},"content":{"rendered":"<h2>2009 Taylor Fladgate Vargellas Vinha Velha Vintage Port du Douro<\/h2>\n<h2>Un porto \u00e9l\u00e9gant et rare, issu de vieilles vignes et d'une complexit\u00e9 raffin\u00e9e.<\/h2>\n<p>Le Porto Vintage Vargellas Vinha Velha 2009 de Taylor Fladgate est une bouteille sp\u00e9ciale et rare provenant des plus vieilles vignes de la Quinta de Vargellas. Cette caisse de trois bouteilles offre une occasion unique de d\u00e9couvrir une expression raffin\u00e9e et \u00e9l\u00e9gante de ce domaine embl\u00e9matique.<\/p>\n<h3>Ar\u00f4me et go\u00fbt<\/h3>\n<p>Dans le verre, ce porto pr\u00e9sente une couleur rouge rubis profond. Le nez est raffin\u00e9 avec des ar\u00f4mes de cerises m\u00fbres, de prunes, de baies et de subtiles notes \u00e9pic\u00e9es. En bouche, il est souple et \u00e9l\u00e9gant, avec des tanins doux et une finale longue et harmonieuse.<\/p>\n<h3>Service et r\u00e9partition des aliments<\/h3>\n<p>Servir \u00e0 16-18\u00b0C. Id\u00e9al pour accompagner les fromages, les desserts au chocolat ou aux noix, ou pour terminer un d\u00eener en beaut\u00e9. Parfait pour partager lors d'occasions sp\u00e9ciales.<\/p>\n<h3>L'histoire derri\u00e8re la bouteille<\/h3>\n<p>Vinha Velha d\u00e9signe les plus vieilles vignes de la Quinta de Vargellas, connues pour leur faible rendement mais leur qualit\u00e9 exceptionnelle. Le mill\u00e9sime 2009 a produit des portos mill\u00e9sim\u00e9s \u00e9l\u00e9gants et accessibles. Cette caisse de trois bouteilles est une pi\u00e8ce de collection rare et un excellent choix pour les amateurs de portos raffin\u00e9s.<\/p>\n<h3>En savoir plus<\/h3>\n<p>D\u00e9couvrez notre gamme <a href=\"https:\/\/port2port.be\/fr\/product-categorie\/porto\/vintage\/\">Porto Vintage<\/a> ou voir tous les <a href=\"https:\/\/port2port.be\/fr\/product-categorie\/porto\/colheita\/\">Port de Colheita<\/a><\/p>\n<p>Vous cherchez des bouteilles similaires ? D\u00e9couvrez d'autres <a href=\"https:\/\/port2port.be\/fr\/product-categorie\/porto\/\">Ports<\/a>.<\/p>\n<p>Jetez \u00e9galement un coup d'\u0153il \u00e0 cette \u00e9l\u00e9gante cuv\u00e9e : <a href=\"https:\/\/port2port.be\/fr\/product\/2007-taylor-fladgate-vintage-port\/\">Porto Vintage Taylor Fladgate 2007<\/a>.<\/p>","protected":false},"excerpt":{"rendered":"<ul>\n<li>Coffret exclusif avec 3 bouteilles de 2009<\/li>\n<li>Rare s\u00e9lection Vinha Velha<\/li>\n<li>Style \u00e9l\u00e9gant et sophistiqu\u00e9<\/li>\n<li>Id\u00e9al pour les collectionneurs et les amateurs<\/li>\n<\/ul>","protected":false},"featured_media":5676,"template":"","meta":{"_seopress_robots_primary_cat":"none","_seopress_titles_title":"2009 Taylor Fladgate Vargellas Vinha Velha Vintage Port Kist (3x0.75L) \u2013 Douro","_seopress_titles_desc":"Zeldzame 2009 Vinha Velha port van Taylor in kist. Elegant, verfijnd en ideaal voor verzamelaars.","_seopress_robots_index":"","iawp_total_views":1},"product_brand":[1336],"product_cat":[22,71],"product_tag":[936,920,914],"land":[],"jaar":[61],"class_list":{"0":"post-5670","1":"product","2":"type-product","3":"status-publish","4":"has-post-thumbnail","6":"product_brand-taylor-fladgate","7":"product_cat-porto","8":"product_cat-vintage","9":"product_tag-douro-valley","10":"product_tag-taylor-fladgate-port","11":"product_tag-vintage-port","12":"pa_druivensoort-tinta-roriz-2","13":"pa_druivensoort-touriga-franca","14":"pa_druivensoort-touriga-nacional","15":"pa_eenheid-750-ml","16":"pa_houten-kist-houten-kist-3-flessen","17":"pa_regio-douro","18":"jaar-61","20":"first","21":"instock","22":"taxable","23":"shipping-taxable","24":"purchasable","25":"product-type-simple"},"jetpack_sharing_enabled":true,"_links":{"self":[{"href":"https:\/\/port2port.be\/fr\/wp-json\/wp\/v2\/product\/5670","targetHints":{"allow":["GET"]}}],"collection":[{"href":"https:\/\/port2port.be\/fr\/wp-json\/wp\/v2\/product"}],"about":[{"href":"https:\/\/port2port.be\/fr\/wp-json\/wp\/v2\/types\/product"}],"wp:featuredmedia":[{"embeddable":true,"href":"https:\/\/port2port.be\/fr\/wp-json\/wp\/v2\/media\/5676"}],"wp:attachment":[{"href":"https:\/\/port2port.be\/fr\/wp-json\/wp\/v2\/media?parent=5670"}],"wp:term":[{"taxonomy":"product_brand","embeddable":true,"href":"https:\/\/port2port.be\/fr\/wp-json\/wp\/v2\/product_brand?post=5670"},{"taxonomy":"product_cat","embeddable":true,"href":"https:\/\/port2port.be\/fr\/wp-json\/wp\/v2\/product_cat?post=5670"},{"taxonomy":"product_tag","embeddable":true,"href":"https:\/\/port2port.be\/fr\/wp-json\/wp\/v2\/product_tag?post=5670"},{"taxonomy":"land","embeddable":true,"href":"https:\/\/port2port.be\/fr\/wp-json\/wp\/v2\/land?post=5670"},{"taxonomy":"jaar","embeddable":true,"href":"https:\/\/port2port.be\/fr\/wp-json\/wp\/v2\/jaar?post=5670"}],"curies":[{"name":"wp","href":"https:\/\/api.w.org\/{rel}","templated":true}]}}