{"id":5668,"date":"2026-04-18T11:05:24","date_gmt":"2026-04-18T09:05:24","guid":{"rendered":"https:\/\/port2port.be\/product\/2000-taylor-fladgate-vargellas-vinha-velha-vintage-port-kist-3x0-75l-douro\/"},"modified":"2026-04-18T12:52:05","modified_gmt":"2026-04-18T10:52:05","slug":"2000-taylor-fladgate-vargellas-vinha-velha-vintage-port-kist-3x0-75l-douro","status":"publish","type":"product","link":"https:\/\/port2port.be\/fr\/produit\/2000-taylor-fladgate-vargellas-vinha-velha-vintage-porto-case-3x0-75l-douro\/","title":{"rendered":"2000 Taylor Fladgate Vargellas Vinha Velha Vintage Port Case (3\u00d70.75L) - Douro"},"content":{"rendered":"<h2>2000 Taylor Fladgate Vargellas Vinha Velha Porto Vintage du Douro<\/h2>\n<h2>Un porto embl\u00e9matique issu de vieilles vignes, d'une puissance et d'une profondeur exceptionnelles.<\/h2>\n<p>Le Porto Vintage Vargellas Vinha Velha 2000 de Taylor Fladgate compte parmi les meilleurs portos vintage modernes. Issu des plus vieilles vignes de la Quinta de Vargellas, cette caisse de trois bouteilles repr\u00e9sente l'une des expressions les plus exclusives de la maison.<\/p>\n<h3>Ar\u00f4me et go\u00fbt<\/h3>\n<p>Dans le verre, ce porto pr\u00e9sente une couleur rubis intense et profonde. Le nez est riche et complexe avec des ar\u00f4mes de cassis, de prune, de cacao et d'\u00e9pices. La bouche est puissante et concentr\u00e9e, avec des tanins fermes mais raffin\u00e9s et une longueur exceptionnelle.<\/p>\n<h3>Service et r\u00e9partition des aliments<\/h3>\n<p>Servir \u00e0 16-18\u00b0C. Id\u00e9al pour accompagner les fromages \u00e0 p\u00e2te persill\u00e9e, les desserts au chocolat noir ou pour cl\u00f4turer un d\u00eener en beaut\u00e9. Parfait \u00e0 partager lors d'occasions sp\u00e9ciales.<\/p>\n<h3>L'histoire derri\u00e8re la bouteille<\/h3>\n<p>Vinha Velha d\u00e9signe les plus vieilles vignes de la Quinta de Vargellas, connues pour leur faible rendement mais leur qualit\u00e9 exceptionnelle. L'ann\u00e9e 2000 est consid\u00e9r\u00e9e comme l'un des grands mill\u00e9simes de ces derni\u00e8res d\u00e9cennies. Cette caisse de trois bouteilles est une rare pi\u00e8ce de collection et un excellent investissement pour l'avenir.<\/p>\n<h3>En savoir plus<\/h3>\n<p>D\u00e9couvrez notre gamme <a href=\"https:\/\/port2port.be\/fr\/product-categorie\/porto\/vintage-port\/\">Porto Vintage<\/a> ou voir tous les <a href=\"https:\/\/port2port.be\/fr\/product-categorie\/porto\/colheita\/\">Port de Colheita<\/a><\/p>\n<p>Vous cherchez des bouteilles similaires ? D\u00e9couvrez d'autres <a href=\"https:\/\/port2port.be\/fr\/product-categorie\/porto\/\">Ports<\/a>.<\/p>\n<p>D\u00e9couvrez \u00e9galement ce top vintage : <a href=\"https:\/\/port2port.be\/fr\/product\/1997-taylor-fladgate-vintage-port\/\">1997 Taylor Fladgate Vintage Port<\/a>.<\/p>","protected":false},"excerpt":{"rendered":"<ul>\n<li>Coffret exclusif avec 3 bouteilles du meilleur mill\u00e9sime 2000<\/li>\n<li>Rare s\u00e9lection Vinha Velha<\/li>\n<li>Une force et une complexit\u00e9 exceptionnelles<\/li>\n<li>Parfait pour les collectionneurs et les investisseurs<\/li>\n<\/ul>","protected":false},"featured_media":5673,"template":"","meta":{"_seopress_robots_primary_cat":"none","_seopress_titles_title":"2000 Taylor Fladgate Vargellas Vinha Velha Vintage Port Kist (3x0.75L) \u2013 Douro","_seopress_titles_desc":"Zeldzame 2000 Vinha Velha port van Taylor in kist. Krachtig, complex en ideaal als investering of verzamelobject.","_seopress_robots_index":"","iawp_total_views":0},"product_brand":[1336],"product_cat":[22,71],"product_tag":[936,920,914],"land":[41],"jaar":[65],"class_list":{"0":"post-5668","1":"product","2":"type-product","3":"status-publish","4":"has-post-thumbnail","6":"product_brand-taylor-fladgate","7":"product_cat-porto","8":"product_cat-vintage","9":"product_tag-douro-valley","10":"product_tag-taylor-fladgate-port","11":"product_tag-vintage-port","12":"pa_druivensoort-tinta-roriz-2","13":"pa_druivensoort-touriga-franca","14":"pa_druivensoort-touriga-nacional","15":"pa_eenheid-750-ml","16":"pa_houten-kist-houten-kist-3-flessen","17":"pa_regio-douro","18":"land-portugal","19":"jaar-65","21":"first","22":"instock","23":"taxable","24":"shipping-taxable","25":"purchasable","26":"product-type-simple"},"jetpack_sharing_enabled":true,"_links":{"self":[{"href":"https:\/\/port2port.be\/fr\/wp-json\/wp\/v2\/product\/5668","targetHints":{"allow":["GET"]}}],"collection":[{"href":"https:\/\/port2port.be\/fr\/wp-json\/wp\/v2\/product"}],"about":[{"href":"https:\/\/port2port.be\/fr\/wp-json\/wp\/v2\/types\/product"}],"wp:featuredmedia":[{"embeddable":true,"href":"https:\/\/port2port.be\/fr\/wp-json\/wp\/v2\/media\/5673"}],"wp:attachment":[{"href":"https:\/\/port2port.be\/fr\/wp-json\/wp\/v2\/media?parent=5668"}],"wp:term":[{"taxonomy":"product_brand","embeddable":true,"href":"https:\/\/port2port.be\/fr\/wp-json\/wp\/v2\/product_brand?post=5668"},{"taxonomy":"product_cat","embeddable":true,"href":"https:\/\/port2port.be\/fr\/wp-json\/wp\/v2\/product_cat?post=5668"},{"taxonomy":"product_tag","embeddable":true,"href":"https:\/\/port2port.be\/fr\/wp-json\/wp\/v2\/product_tag?post=5668"},{"taxonomy":"land","embeddable":true,"href":"https:\/\/port2port.be\/fr\/wp-json\/wp\/v2\/land?post=5668"},{"taxonomy":"jaar","embeddable":true,"href":"https:\/\/port2port.be\/fr\/wp-json\/wp\/v2\/jaar?post=5668"}],"curies":[{"name":"wp","href":"https:\/\/api.w.org\/{rel}","templated":true}]}}