{"id":5665,"date":"2026-04-18T11:05:20","date_gmt":"2026-04-18T09:05:20","guid":{"rendered":"https:\/\/port2port.be\/product\/2008-taylor-fladgate-quinta-de-terra-feita-vintage-port-douro\/"},"modified":"2026-04-18T12:52:05","modified_gmt":"2026-04-18T10:52:05","slug":"2008-taylor-fladgate-quinta-de-terra-feita-vintage-port-douro","status":"publish","type":"product","link":"https:\/\/port2port.be\/fr\/produit\/2008-taylor-fladgate-quinta-de-terra-feita-vintage-port-douro\/","title":{"rendered":"2008 Taylor Fladgate Quinta de Terra Feita Vintage Port - Douro"},"content":{"rendered":"<h2>2008 Taylor Fladgate Quinta de Terra Feita Vintage Port<\/h2>\n<h2>Un porto single quinta raffin\u00e9 avec \u00e9l\u00e9gance et caract\u00e8re<\/h2>\n<p>Le Porto Vintage Quinta de Terra Feita 2008 de Taylor Fladgate est une magnifique mise en bouteille d'une quinta unique provenant de l'un des vignobles les plus prestigieux de Taylor. Les ann\u00e9es o\u00f9 aucun mill\u00e9sime global n'est d\u00e9clar\u00e9, les meilleurs raisins sont s\u00e9lectionn\u00e9s pour ce vin exceptionnel.<\/p>\n<h3>Ar\u00f4me et go\u00fbt<\/h3>\n<p>Dans le verre, ce porto pr\u00e9sente une couleur rouge rubis profond. Le nez est expressif avec des ar\u00f4mes de cassis, de prunes et de subtiles notes \u00e9pic\u00e9es. En bouche, il est \u00e9l\u00e9gant et \u00e9quilibr\u00e9, avec des tanins souples et une finale longue et raffin\u00e9e.<\/p>\n<h3>Service et r\u00e9partition des aliments<\/h3>\n<p>Servir \u00e0 16-18\u00b0C. Id\u00e9al pour accompagner les fromages, les desserts au chocolat ou pour terminer un d\u00eener en beaut\u00e9.<\/p>\n<h3>L'histoire derri\u00e8re la bouteille<\/h3>\n<p>Quinta de Terra Feita est l'un des vignobles historiques de Taylor Fladgate dans le Douro. Ce mill\u00e9sime de quinta unique refl\u00e8te le terroir unique et la tradition de la maison. Le 2008 offre une expression accessible mais pleine de caract\u00e8re, appr\u00e9ci\u00e9e des connaisseurs et des collectionneurs.<\/p>\n<h3>En savoir plus<\/h3>\n<p>D\u00e9couvrez notre gamme <a href=\"https:\/\/port2port.be\/fr\/product-categorie\/porto\/vintage-port\/\">Porto Vintage<\/a> ou voir tous les <a href=\"https:\/\/port2port.be\/fr\/product-categorie\/porto\/\">Vins de Porto<\/a>.<\/p>\n<p>Vous cherchez des bouteilles similaires ? D\u00e9couvrez d'autres <a href=\"https:\/\/port2port.be\/fr\/product-categorie\/porto\/\">Ports<\/a>.<\/p>\n<p>D\u00e9couvrez \u00e9galement cette cuv\u00e9e : <a href=\"https:\/\/port2port.be\/fr\/product\/2007-taylor-fladgate-vintage-port\/\">Porto Vintage Taylor Fladgate 2007<\/a>.<\/p>","protected":false},"excerpt":{"rendered":"<ul>\n<li>Mill\u00e9sime 2008 d'une seule quinta<\/li>\n<li>Style \u00e9l\u00e9gant et sophistiqu\u00e9<\/li>\n<li>Ar\u00f4mes de fruits m\u00fbrs et d'\u00e9pices<\/li>\n<li>Parfait pour la consommation et un bon potentiel de stockage<\/li>\n<\/ul>","protected":false},"featured_media":5675,"template":"","meta":{"_seopress_robots_primary_cat":"none","_seopress_titles_title":"2008 Taylor Terra Feita Vintage Port","_seopress_titles_desc":"Elegante 2008 single quinta port van Taylor. Verfijnd, gebalanceerd en met mooi bewaarpotentieel.","_seopress_robots_index":"","iawp_total_views":0},"product_brand":[1336],"product_cat":[71],"product_tag":[936,920,914],"land":[41],"jaar":[249],"class_list":{"0":"post-5665","1":"product","2":"type-product","3":"status-publish","4":"has-post-thumbnail","6":"product_brand-taylor-fladgate","7":"product_cat-vintage","8":"product_tag-douro-valley","9":"product_tag-taylor-fladgate-port","10":"product_tag-vintage-port","11":"pa_druivensoort-tinta-roriz-2","12":"pa_druivensoort-touriga-franca","13":"pa_druivensoort-touriga-nacional","14":"pa_eenheid-750-ml","15":"pa_regio-douro","16":"land-portugal","17":"jaar-249","19":"first","20":"instock","21":"taxable","22":"shipping-taxable","23":"purchasable","24":"product-type-simple"},"jetpack_sharing_enabled":true,"_links":{"self":[{"href":"https:\/\/port2port.be\/fr\/wp-json\/wp\/v2\/product\/5665","targetHints":{"allow":["GET"]}}],"collection":[{"href":"https:\/\/port2port.be\/fr\/wp-json\/wp\/v2\/product"}],"about":[{"href":"https:\/\/port2port.be\/fr\/wp-json\/wp\/v2\/types\/product"}],"wp:featuredmedia":[{"embeddable":true,"href":"https:\/\/port2port.be\/fr\/wp-json\/wp\/v2\/media\/5675"}],"wp:attachment":[{"href":"https:\/\/port2port.be\/fr\/wp-json\/wp\/v2\/media?parent=5665"}],"wp:term":[{"taxonomy":"product_brand","embeddable":true,"href":"https:\/\/port2port.be\/fr\/wp-json\/wp\/v2\/product_brand?post=5665"},{"taxonomy":"product_cat","embeddable":true,"href":"https:\/\/port2port.be\/fr\/wp-json\/wp\/v2\/product_cat?post=5665"},{"taxonomy":"product_tag","embeddable":true,"href":"https:\/\/port2port.be\/fr\/wp-json\/wp\/v2\/product_tag?post=5665"},{"taxonomy":"land","embeddable":true,"href":"https:\/\/port2port.be\/fr\/wp-json\/wp\/v2\/land?post=5665"},{"taxonomy":"jaar","embeddable":true,"href":"https:\/\/port2port.be\/fr\/wp-json\/wp\/v2\/jaar?post=5665"}],"curies":[{"name":"wp","href":"https:\/\/api.w.org\/{rel}","templated":true}]}}