{"id":5640,"date":"2026-04-10T18:10:41","date_gmt":"2026-04-10T16:10:41","guid":{"rendered":"https:\/\/port2port.be\/product\/2017-taylor-fladgate-vintage-port-imperial-6l-douro\/"},"modified":"2026-04-10T20:52:00","modified_gmt":"2026-04-10T18:52:00","slug":"2017-taylor-fladgate-vintage-port-imperial-6l-douro","status":"publish","type":"product","link":"https:\/\/port2port.be\/fr\/produit\/2017-taylor-fladgate-vintage-port-imperial-6l-douro\/","title":{"rendered":"2017 Taylor Fladgate Vintage Port Imperial (6L) - Douro"},"content":{"rendered":"<h2>Monumental Imperial (6L) de la l\u00e9gendaire ann\u00e9e 2017<\/h2>\n<p>Le Porto Vintage Imperial 2017 de Taylor Fladgate (6 litres) est l'un des formats les plus impressionnants et les plus rares de ce mill\u00e9sime embl\u00e9matique. Ce format exceptionnel permet une maturation extr\u00eamement lente, ce qui permet au vin de se d\u00e9velopper de mani\u00e8re in\u00e9gal\u00e9e.<\/p>\n<h3>Ar\u00f4me et go\u00fbt<\/h3>\n<p>Ce porto pr\u00e9sente une couleur rouge rubis profonde, presque opaque. Au nez, des ar\u00f4mes intenses de cassis, de m\u00fbres et de violettes, compl\u00e9t\u00e9s par de subtiles nuances \u00e9pic\u00e9es. En bouche, il est puissant et parfaitement structur\u00e9, avec des tanins raffin\u00e9s et une tr\u00e8s grande longueur.<\/p>\n<h3>Service et r\u00e9partition des aliments<\/h3>\n<p>Servir \u00e0 16-18\u00b0C. Id\u00e9al pour accompagner les fromages bleus, les desserts riches en chocolat ou pour attirer l'attention lors de d\u00eeners et d'\u00e9v\u00e9nements exclusifs.<\/p>\n<h3>L'histoire derri\u00e8re la bouteille<\/h3>\n<p>Le mill\u00e9sime 2017 est consid\u00e9r\u00e9 dans le monde entier comme l'un des plus grands mill\u00e9simes de tous les temps. Taylor Fladgate a cr\u00e9\u00e9 un vin d'une pr\u00e9cision et d'une profondeur exceptionnelles. En format imp\u00e9rial (6L), ce porto m\u00fbrit exceptionnellement lentement, cr\u00e9ant une \u00e9volution unique et une complexit\u00e9 sans pr\u00e9c\u00e9dent. Cette bouteille est une pi\u00e8ce de collection rare et un symbole ultime de luxe et d'artisanat.<\/p>\n<h3>En savoir plus<\/h3>\n<p>D\u00e9couvrez notre gamme <a href=\"https:\/\/port2port.be\/fr\/product-categorie\/porto\/vintage-port\/\">Porto Vintage<\/a> ou voir tous les <a href=\"https:\/\/port2port.be\/fr\/product-categorie\/porto\/\">Vins de Porto<\/a>.<\/p>\n<p>Vous cherchez des bouteilles similaires ? D\u00e9couvrez d'autres <a href=\"https:\/\/port2port.be\/fr\/product-categorie\/porto\/\">Ports<\/a>.<\/p>\n<p>D\u00e9couvrez \u00e9galement cette bouteille embl\u00e9matique : <a href=\"https:\/\/port2port.be\/fr\/product\/2017-taylor-fladgate-vintage-port-double-magnum\/\">2017 Taylor Fladgate Vintage Port Double Magnum<\/a>.<\/p>","protected":false},"excerpt":{"rendered":"<ul>\n<li>Exceptionnel 6L Imperial de la meilleure ann\u00e9e 2017<\/li>\n<li>L'un des plus grands mill\u00e9simes de tous les temps<\/li>\n<li>Maturation extr\u00eamement lente pour une complexit\u00e9 maximale<\/li>\n<li>Parfait comme investissement ou comme cadeau ultime<\/li>\n<\/ul>","protected":false},"featured_media":5653,"template":"","meta":{"_seopress_robots_primary_cat":"none","_seopress_titles_title":"2017 Taylor Imperial 6L","_seopress_titles_desc":"2017 Taylor Imperial 6L. Zeer zeldzame top vintage met uitzonderlijke kracht en bewaarpotentieel.","_seopress_robots_index":"","iawp_total_views":0},"product_brand":[1336],"product_cat":[22,71],"product_tag":[936,920,914],"land":[41],"jaar":[58],"class_list":{"0":"post-5640","1":"product","2":"type-product","3":"status-publish","4":"has-post-thumbnail","6":"product_brand-taylor-fladgate","7":"product_cat-porto","8":"product_cat-vintage","9":"product_tag-douro-valley","10":"product_tag-taylor-fladgate-port","11":"product_tag-vintage-port","12":"pa_druivensoort-tinta-roriz-2","13":"pa_druivensoort-touriga-franca","14":"pa_druivensoort-touriga-nacional","15":"pa_eenheid-6-l-imperiale-2","16":"pa_regio-douro","17":"land-portugal","18":"jaar-58","20":"first","21":"instock","22":"taxable","23":"shipping-taxable","24":"purchasable","25":"product-type-simple"},"jetpack_sharing_enabled":true,"_links":{"self":[{"href":"https:\/\/port2port.be\/fr\/wp-json\/wp\/v2\/product\/5640","targetHints":{"allow":["GET"]}}],"collection":[{"href":"https:\/\/port2port.be\/fr\/wp-json\/wp\/v2\/product"}],"about":[{"href":"https:\/\/port2port.be\/fr\/wp-json\/wp\/v2\/types\/product"}],"wp:featuredmedia":[{"embeddable":true,"href":"https:\/\/port2port.be\/fr\/wp-json\/wp\/v2\/media\/5653"}],"wp:attachment":[{"href":"https:\/\/port2port.be\/fr\/wp-json\/wp\/v2\/media?parent=5640"}],"wp:term":[{"taxonomy":"product_brand","embeddable":true,"href":"https:\/\/port2port.be\/fr\/wp-json\/wp\/v2\/product_brand?post=5640"},{"taxonomy":"product_cat","embeddable":true,"href":"https:\/\/port2port.be\/fr\/wp-json\/wp\/v2\/product_cat?post=5640"},{"taxonomy":"product_tag","embeddable":true,"href":"https:\/\/port2port.be\/fr\/wp-json\/wp\/v2\/product_tag?post=5640"},{"taxonomy":"land","embeddable":true,"href":"https:\/\/port2port.be\/fr\/wp-json\/wp\/v2\/land?post=5640"},{"taxonomy":"jaar","embeddable":true,"href":"https:\/\/port2port.be\/fr\/wp-json\/wp\/v2\/jaar?post=5640"}],"curies":[{"name":"wp","href":"https:\/\/api.w.org\/{rel}","templated":true}]}}