{"id":5639,"date":"2026-04-10T18:10:39","date_gmt":"2026-04-10T16:10:39","guid":{"rendered":"https:\/\/port2port.be\/product\/2017-taylor-fladgate-vintage-port-double-magnum-3l-douro\/"},"modified":"2026-04-10T20:53:14","modified_gmt":"2026-04-10T18:53:14","slug":"2017-taylor-fladgate-vintage-port-double-magnum-3l-douro","status":"publish","type":"product","link":"https:\/\/port2port.be\/fr\/produit\/2017-taylor-fladgate-vintage-port-double-magnum-3l-douro\/","title":{"rendered":"2017 Taylor Fladgate Vintage Port Double Magnum (3L) - Douro"},"content":{"rendered":"<h2>Monumentale Double Magnum uit het legendarische jaar 2017<\/h2>\n<p>De 2017 Taylor Fladgate Vintage Port Double Magnum (3L) is een zeldzame en indrukwekkende fles uit een van de grootste vintagejaren ooit. Dankzij het grote formaat rijpt deze port aanzienlijk trager, wat zorgt voor extra finesse en een uitzonderlijke evolutie.<\/p>\n<h3>Ar\u00f4me et go\u00fbt<\/h3>\n<p>Ce porto pr\u00e9sente une couleur rouge rubis profonde, presque opaque. Au nez, des ar\u00f4mes intenses de cassis, de m\u00fbres et de violettes, compl\u00e9t\u00e9s par de subtiles nuances \u00e9pic\u00e9es. En bouche, il est puissant et parfaitement structur\u00e9, avec des tanins raffin\u00e9s et une tr\u00e8s grande longueur.<\/p>\n<h3>Service et r\u00e9partition des aliments<\/h3>\n<p>Serveer op 16\u201318\u00b0C. Ideaal bij blauwschimmelkazen, rijke chocoladedesserts of als indrukwekkende afsluiter van een gastronomisch diner of speciale gelegenheid.<\/p>\n<h3>L'histoire derri\u00e8re la bouteille<\/h3>\n<p>Het jaar 2017 wordt wereldwijd beschouwd als een van de grootste vintages ooit. Taylor Fladgate cre\u00eberde een wijn met uitzonderlijke precisie en diepte. In double magnum formaat ontwikkelt deze port zich nog langzamer en eleganter, wat deze fles bijzonder waardevol maakt voor verzamelaars en investeerders.<\/p>\n<h3>En savoir plus<\/h3>\n<p>D\u00e9couvrez notre gamme <a href=\"https:\/\/port2port.be\/fr\/product-categorie\/porto\/vintage-port\/\">Porto Vintage<\/a> ou voir tous les <a href=\"https:\/\/port2port.be\/fr\/product-categorie\/porto\/\">Vins de Porto<\/a>.<\/p>\n<p>Vous cherchez des bouteilles similaires ? D\u00e9couvrez d'autres <a href=\"https:\/\/port2port.be\/fr\/product-categorie\/porto\/\">Ports<\/a>.<\/p>\n<p>D\u00e9couvrez \u00e9galement ce classique moderne : <a href=\"https:\/\/port2port.be\/fr\/product\/2017-taylor-fladgate-vintage-port\/\">2017 Taylor Fladgate Vintage Port<\/a>.<\/p>","protected":false},"excerpt":{"rendered":"<ul>\n<li>Indrukwekkende 3L double magnum uit 2017<\/li>\n<li>Iconisch topjaar met uitzonderlijke kwaliteit<\/li>\n<li>Langzame rijping voor maximale complexiteit<\/li>\n<li>Perfect als investering of exclusief geschenk<\/li>\n<\/ul>","protected":false},"featured_media":5653,"template":"","meta":{"_seopress_robots_primary_cat":"none","_seopress_titles_title":"2017 Taylor 3L Double Magnum","_seopress_titles_desc":"2017 Taylor Double Magnum 3L. Iconische vintage met uitzonderlijke kracht en bewaarpotentieel.","_seopress_robots_index":"","iawp_total_views":0},"product_brand":[1336],"product_cat":[22,71],"product_tag":[936,920,914],"land":[41],"jaar":[58],"class_list":{"0":"post-5639","1":"product","2":"type-product","3":"status-publish","4":"has-post-thumbnail","6":"product_brand-taylor-fladgate","7":"product_cat-porto","8":"product_cat-vintage","9":"product_tag-douro-valley","10":"product_tag-taylor-fladgate-port","11":"product_tag-vintage-port","12":"pa_druivensoort-tinta-roriz-2","13":"pa_druivensoort-touriga-franca","14":"pa_druivensoort-touriga-nacional","15":"pa_eenheid-d-magnum-3l","16":"pa_regio-douro","17":"land-portugal","18":"jaar-58","20":"first","21":"instock","22":"taxable","23":"shipping-taxable","24":"purchasable","25":"product-type-simple"},"jetpack_sharing_enabled":true,"_links":{"self":[{"href":"https:\/\/port2port.be\/fr\/wp-json\/wp\/v2\/product\/5639","targetHints":{"allow":["GET"]}}],"collection":[{"href":"https:\/\/port2port.be\/fr\/wp-json\/wp\/v2\/product"}],"about":[{"href":"https:\/\/port2port.be\/fr\/wp-json\/wp\/v2\/types\/product"}],"wp:featuredmedia":[{"embeddable":true,"href":"https:\/\/port2port.be\/fr\/wp-json\/wp\/v2\/media\/5653"}],"wp:attachment":[{"href":"https:\/\/port2port.be\/fr\/wp-json\/wp\/v2\/media?parent=5639"}],"wp:term":[{"taxonomy":"product_brand","embeddable":true,"href":"https:\/\/port2port.be\/fr\/wp-json\/wp\/v2\/product_brand?post=5639"},{"taxonomy":"product_cat","embeddable":true,"href":"https:\/\/port2port.be\/fr\/wp-json\/wp\/v2\/product_cat?post=5639"},{"taxonomy":"product_tag","embeddable":true,"href":"https:\/\/port2port.be\/fr\/wp-json\/wp\/v2\/product_tag?post=5639"},{"taxonomy":"land","embeddable":true,"href":"https:\/\/port2port.be\/fr\/wp-json\/wp\/v2\/land?post=5639"},{"taxonomy":"jaar","embeddable":true,"href":"https:\/\/port2port.be\/fr\/wp-json\/wp\/v2\/jaar?post=5639"}],"curies":[{"name":"wp","href":"https:\/\/api.w.org\/{rel}","templated":true}]}}