{"id":5638,"date":"2026-04-10T18:10:38","date_gmt":"2026-04-10T16:10:38","guid":{"rendered":"https:\/\/port2port.be\/product\/2017-taylor-fladgate-vintage-port-douro\/"},"modified":"2026-04-18T12:52:04","modified_gmt":"2026-04-18T10:52:04","slug":"2017-taylor-fladgate-vintage-port-douro","status":"publish","type":"product","link":"https:\/\/port2port.be\/fr\/produit\/2017-taylor-fladgate-vintage-port-douro\/","title":{"rendered":"2017 Taylor Fladgate Vintage Port - Douro"},"content":{"rendered":"<h2>Porto Vintage 2017 iconique et puissant<\/h2>\n<p>Le porto vintage 2017 de Taylor Fladgate est consid\u00e9r\u00e9 comme l'un des mill\u00e9simes les plus impressionnants du 21e si\u00e8cle. Cette ann\u00e9e exceptionnelle a produit des vins d'une concentration, d'une pr\u00e9cision et d'un \u00e9quilibre sans pr\u00e9c\u00e9dent. Une r\u00e9f\u00e9rence absolue pour le porto vintage moderne.<\/p>\n<h3>Ar\u00f4me et go\u00fbt<\/h3>\n<p>Dans le verre, ce porto pr\u00e9sente une couleur rubis profonde, presque opaque. Le nez est intense et complexe, avec des ar\u00f4mes de cassis, de m\u00fbre et de violette, compl\u00e9t\u00e9s par de subtiles notes \u00e9pic\u00e9es. La bouche est puissante et parfaitement structur\u00e9e, avec des tanins fermes mais raffin\u00e9s et une tr\u00e8s grande longueur en bouche.<\/p>\n<h3>Service et r\u00e9partition des aliments<\/h3>\n<p>Servir \u00e0 16-18\u00b0C. Id\u00e9al pour accompagner les fromages \u00e0 p\u00e2te persill\u00e9e, les desserts riches en chocolat ou pour cl\u00f4turer un d\u00eener en beaut\u00e9.<\/p>\n<h3>L'histoire derri\u00e8re la bouteille<\/h3>\n<p>Le 2017 est mondialement consid\u00e9r\u00e9 comme l'un des plus grands mill\u00e9simes de tous les temps. Taylor Fladgate a cr\u00e9\u00e9 un vin d'une pr\u00e9cision et d'une profondeur exceptionnelles, con\u00e7u pour vieillir pendant des d\u00e9cennies. Cette bouteille est un must pour les collectionneurs et les amateurs de portos embl\u00e9matiques.<\/p>\n<h3>En savoir plus<\/h3>\n<p>D\u00e9couvrez notre gamme <a href=\"https:\/\/port2port.be\/fr\/product-categorie\/porto\/vintage-port\/\">Porto Vintage<\/a> ou voir tous les <a href=\"https:\/\/port2port.be\/fr\/product-categorie\/porto\/\">Vins de Porto<\/a>.<\/p>\n<p>Vous cherchez des bouteilles similaires ? D\u00e9couvrez d'autres <a href=\"https:\/\/port2port.be\/fr\/product-categorie\/porto\/\">Ports<\/a>.<\/p>\n<p>D\u00e9couvrez \u00e9galement ce classique moderne : <a href=\"https:\/\/port2port.be\/fr\/product\/2016-taylor-fladgate-vintage-port\/\">2016 Taylor Fladgate Vintage Port<\/a>.<\/p>","protected":false},"excerpt":{"rendered":"<ul>\n<li>Mill\u00e9sime embl\u00e9matique de l'ann\u00e9e 2017<\/li>\n<li>Concentration et pr\u00e9cision exceptionnelles<\/li>\n<li>Ar\u00f4mes intenses de fruits noirs et de notes florales.<\/li>\n<li>Un \u00e9norme potentiel de stockage<\/li>\n<\/ul>","protected":false},"featured_media":5653,"template":"","meta":{"_seopress_robots_primary_cat":"none","_seopress_titles_title":"2017 Taylor Vintage Port \u2013 Douro","_seopress_titles_desc":"Top 2017 Vintage Port van Taylor. Zeer krachtig, complex en met enorm bewaarpotentieel.","_seopress_robots_index":"","iawp_total_views":1},"product_brand":[1336],"product_cat":[22,71],"product_tag":[936,920,914],"land":[41],"jaar":[58],"class_list":{"0":"post-5638","1":"product","2":"type-product","3":"status-publish","4":"has-post-thumbnail","6":"product_brand-taylor-fladgate","7":"product_cat-porto","8":"product_cat-vintage","9":"product_tag-douro-valley","10":"product_tag-taylor-fladgate-port","11":"product_tag-vintage-port","12":"pa_druivensoort-tinta-roriz-2","13":"pa_druivensoort-touriga-franca","14":"pa_druivensoort-touriga-nacional","15":"pa_eenheid-750-ml","16":"pa_houten-kist-houten-kist-6-flessen","17":"pa_regio-douro","18":"land-portugal","19":"jaar-58","21":"first","22":"instock","23":"taxable","24":"shipping-taxable","25":"purchasable","26":"product-type-simple"},"jetpack_sharing_enabled":true,"_links":{"self":[{"href":"https:\/\/port2port.be\/fr\/wp-json\/wp\/v2\/product\/5638","targetHints":{"allow":["GET"]}}],"collection":[{"href":"https:\/\/port2port.be\/fr\/wp-json\/wp\/v2\/product"}],"about":[{"href":"https:\/\/port2port.be\/fr\/wp-json\/wp\/v2\/types\/product"}],"wp:featuredmedia":[{"embeddable":true,"href":"https:\/\/port2port.be\/fr\/wp-json\/wp\/v2\/media\/5653"}],"wp:attachment":[{"href":"https:\/\/port2port.be\/fr\/wp-json\/wp\/v2\/media?parent=5638"}],"wp:term":[{"taxonomy":"product_brand","embeddable":true,"href":"https:\/\/port2port.be\/fr\/wp-json\/wp\/v2\/product_brand?post=5638"},{"taxonomy":"product_cat","embeddable":true,"href":"https:\/\/port2port.be\/fr\/wp-json\/wp\/v2\/product_cat?post=5638"},{"taxonomy":"product_tag","embeddable":true,"href":"https:\/\/port2port.be\/fr\/wp-json\/wp\/v2\/product_tag?post=5638"},{"taxonomy":"land","embeddable":true,"href":"https:\/\/port2port.be\/fr\/wp-json\/wp\/v2\/land?post=5638"},{"taxonomy":"jaar","embeddable":true,"href":"https:\/\/port2port.be\/fr\/wp-json\/wp\/v2\/jaar?post=5638"}],"curies":[{"name":"wp","href":"https:\/\/api.w.org\/{rel}","templated":true}]}}