{"id":5634,"date":"2026-04-10T18:10:30","date_gmt":"2026-04-10T16:10:30","guid":{"rendered":"https:\/\/port2port.be\/product\/2011-taylor-fladgate-vintage-port-magnum-kist-3x1-5l-douro\/"},"modified":"2026-04-10T21:01:35","modified_gmt":"2026-04-10T19:01:35","slug":"2011-taylor-fladgate-vintage-port-magnum-kist-3x1-5l-douro","status":"publish","type":"product","link":"https:\/\/port2port.be\/fr\/produit\/2011-taylor-fladgate-vintage-port-magnum-kist-3x1-5l-douro\/","title":{"rendered":"2011 Taylor Fladgate Vintage Port Magnum Kist (3&#215;1.5L) \u2013 Douro"},"content":{"rendered":"<h2>Exclusieve magnumkist uit het legendarische jaar 2011<\/h2>\n<p>Deze 2011 Taylor Fladgate Vintage Port kist bevat drie indrukwekkende magnumflessen (1,5L) uit een van de grootste vintagejaren ooit. Het grotere formaat zorgt voor een tragere rijping, waardoor de wijn zich nog verfijnder en complexer ontwikkelt doorheen de jaren.<\/p>\n<h3>Ar\u00f4me et go\u00fbt<\/h3>\n<p>De wijn toont een diepe, bijna ondoorzichtige robijnrode kleur. In de neus intense aroma\u2019s van zwarte bessen, cassis, viooltjes en pure chocolade, aangevuld met elegante kruidige nuances. In de mond krachtig en perfect gestructureerd, met verfijnde tannines en een uitzonderlijk lange afdronk.<\/p>\n<h3>Service et r\u00e9partition des aliments<\/h3>\n<p>Serveer op 16\u201318\u00b0C. Ideaal bij blauwschimmelkazen, rijke chocoladedesserts of als indrukwekkende afsluiter van een gastronomisch diner. Perfect om te delen bij bijzondere gelegenheden.<\/p>\n<h3>L'histoire derri\u00e8re la bouteille<\/h3>\n<p>Het jaar 2011 wordt beschouwd als een van de grootste vintages van de 21e eeuw. Taylor Fladgate produceerde een wijn met uitzonderlijke kracht, balans en bewaarpotentieel. In magnumformaat en gepresenteerd in een houten kist wordt deze set niet alleen een unieke drinkervaring, maar ook een waardevol verzamelobject en investering.<\/p>\n<h3>En savoir plus<\/h3>\n<p>D\u00e9couvrez notre gamme <a href=\"https:\/\/port2port.be\/fr\/product-categorie\/porto\/vintage-port\/\">Porto Vintage<\/a> ou voir tous les <a href=\"https:\/\/port2port.be\/fr\/product-categorie\/porto\/\">Vins de Porto<\/a>.<\/p>\n<p>Vous cherchez des bouteilles similaires ? D\u00e9couvrez d'autres <a href=\"https:\/\/port2port.be\/fr\/product-categorie\/porto\/\">Ports<\/a>.<\/p>\n<p>D\u00e9couvrez \u00e9galement cette bouteille embl\u00e9matique : <a href=\"https:\/\/port2port.be\/fr\/product\/2011-taylor-fladgate-vintage-port-magnum\/\">2011 Taylor Fladgate Vintage Port Magnum<\/a>.<\/p>","protected":false},"excerpt":{"rendered":"<ul>\n<li>Exclusieve kist met 3 magnumflessen uit 2011<\/li>\n<li>Een van de beste vintages ooit<\/li>\n<li>Langzamere rijping voor maximale complexiteit<\/li>\n<li>Perfect als investering of luxueus geschenk<\/li>\n<\/ul>","protected":false},"featured_media":5651,"template":"","meta":{"_seopress_robots_primary_cat":"none","_seopress_titles_title":"2011 Taylor Magnum Kist (3x1.5L)","_seopress_titles_desc":"2011 Taylor magnum kist (3x1.5L). Legendarische vintage met top bewaarpotentieel.","_seopress_robots_index":"","iawp_total_views":0},"product_brand":[1336],"product_cat":[22,71],"product_tag":[936,920,914],"land":[41],"jaar":[60],"class_list":{"0":"post-5634","1":"product","2":"type-product","3":"status-publish","4":"has-post-thumbnail","6":"product_brand-taylor-fladgate","7":"product_cat-porto","8":"product_cat-vintage","9":"product_tag-douro-valley","10":"product_tag-taylor-fladgate-port","11":"product_tag-vintage-port","12":"pa_druivensoort-tinta-roriz-2","13":"pa_druivensoort-touriga-franca","14":"pa_druivensoort-touriga-nacional","15":"pa_eenheid-1-2","16":"pa_eenheid-5-l-magnum","17":"pa_houten-kist-houten-kist-3-magnums","18":"pa_regio-douro","19":"land-portugal","20":"jaar-60","22":"first","23":"instock","24":"taxable","25":"shipping-taxable","26":"purchasable","27":"product-type-simple"},"jetpack_sharing_enabled":true,"_links":{"self":[{"href":"https:\/\/port2port.be\/fr\/wp-json\/wp\/v2\/product\/5634","targetHints":{"allow":["GET"]}}],"collection":[{"href":"https:\/\/port2port.be\/fr\/wp-json\/wp\/v2\/product"}],"about":[{"href":"https:\/\/port2port.be\/fr\/wp-json\/wp\/v2\/types\/product"}],"wp:featuredmedia":[{"embeddable":true,"href":"https:\/\/port2port.be\/fr\/wp-json\/wp\/v2\/media\/5651"}],"wp:attachment":[{"href":"https:\/\/port2port.be\/fr\/wp-json\/wp\/v2\/media?parent=5634"}],"wp:term":[{"taxonomy":"product_brand","embeddable":true,"href":"https:\/\/port2port.be\/fr\/wp-json\/wp\/v2\/product_brand?post=5634"},{"taxonomy":"product_cat","embeddable":true,"href":"https:\/\/port2port.be\/fr\/wp-json\/wp\/v2\/product_cat?post=5634"},{"taxonomy":"product_tag","embeddable":true,"href":"https:\/\/port2port.be\/fr\/wp-json\/wp\/v2\/product_tag?post=5634"},{"taxonomy":"land","embeddable":true,"href":"https:\/\/port2port.be\/fr\/wp-json\/wp\/v2\/land?post=5634"},{"taxonomy":"jaar","embeddable":true,"href":"https:\/\/port2port.be\/fr\/wp-json\/wp\/v2\/jaar?post=5634"}],"curies":[{"name":"wp","href":"https:\/\/api.w.org\/{rel}","templated":true}]}}