{"id":5633,"date":"2026-04-10T18:10:29","date_gmt":"2026-04-10T16:10:29","guid":{"rendered":"https:\/\/port2port.be\/product\/2009-taylor-fladgate-vintage-port-double-magnum-3l-douro\/"},"modified":"2026-04-18T12:52:04","modified_gmt":"2026-04-18T10:52:04","slug":"2009-taylor-fladgate-vintage-port-double-magnum-3l-douro","status":"publish","type":"product","link":"https:\/\/port2port.be\/fr\/produit\/2009-taylor-fladgate-vintage-porto-double-magnum-3l-douro\/","title":{"rendered":"2009 Taylor Fladgate Vintage Port Double Magnum (3L) - Douro"},"content":{"rendered":"<h2>Impressionnant Double Magnum de l'ann\u00e9e 2009<\/h2>\n<p>Le porto vintage 2009 de Taylor Fladgate en double magnum (3 litres) est rare et impressionnant. En raison de sa grande taille, le vin m\u00fbrit beaucoup plus lentement, ce qui lui conf\u00e8re une complexit\u00e9 accrue et un d\u00e9veloppement exceptionnel \u00e0 long terme.<\/p>\n<h3>Ar\u00f4me et go\u00fbt<\/h3>\n<p>Ce porto pr\u00e9sente une couleur rouge rubis profond. Au nez, des ar\u00f4mes de cerises m\u00fbres, de prunes et de cassis, compl\u00e9t\u00e9s par du chocolat et de subtiles notes \u00e9pic\u00e9es. En bouche, il est souple et \u00e9l\u00e9gant, avec des tanins doux et une finale longue et harmonieuse.<\/p>\n<h3>Service et r\u00e9partition des aliments<\/h3>\n<p>Servir \u00e0 une temp\u00e9rature de 16-18\u00b0C. Id\u00e9al pour accompagner les desserts au chocolat, les plats \u00e0 base de noix ou pour terminer en beaut\u00e9 un d\u00eener de f\u00eate. Parfait pour partager avec plusieurs invit\u00e9s.<\/p>\n<h3>L'histoire derri\u00e8re la bouteille<\/h3>\n<p>Le mill\u00e9sime 2009 a donn\u00e9 naissance \u00e0 des portos mill\u00e9sim\u00e9s \u00e9l\u00e9gants et accessibles. Dans ce format exceptionnel, le vin se r\u00e9v\u00e8le encore meilleur gr\u00e2ce \u00e0 son \u00e9volution plus lente. Ce double magnum est non seulement une exp\u00e9rience de d\u00e9gustation unique, mais aussi un objet de collection remarquable et un cadeau luxueux.<\/p>\n<h3>En savoir plus<\/h3>\n<p>D\u00e9couvrez notre gamme <a href=\"https:\/\/port2port.be\/fr\/product-categorie\/porto\/vintage-port\/\">Porto Vintage<\/a> ou voir tous les <a href=\"https:\/\/port2port.be\/fr\/product-categorie\/porto\/\">Vins de Porto<\/a>.<\/p>\n<p>Vous cherchez des bouteilles similaires ? D\u00e9couvrez d'autres <a href=\"https:\/\/port2port.be\/fr\/product-categorie\/porto\/\">Ports<\/a>.<\/p>\n<p>Jetez \u00e9galement un coup d'\u0153il \u00e0 cette \u00e9l\u00e9gante cuv\u00e9e : <a href=\"https:\/\/port2port.be\/fr\/product\/2009-taylor-fladgate-vintage-port\/\">Porto Vintage 2009 Taylor Fladgate<\/a>.<\/p>","protected":false},"excerpt":{"rendered":"<ul>\n<li>Impressionnant double magnum 3L de 2009<\/li>\n<li>Maturation lente pour plus de finesse<\/li>\n<li>Un mill\u00e9sime \u00e9l\u00e9gant et accessible<\/li>\n<li>Parfait pour les grands moments et les investissements<\/li>\n<\/ul>","protected":false},"featured_media":5650,"template":"","meta":{"_seopress_robots_primary_cat":"none","_seopress_titles_title":"2009 Taylor 3L Double Magnum \u2013 Douro","_seopress_titles_desc":"2009 Taylor Double Magnum 3L. Elegante vintage in groot formaat met bewaarpotentieel.","_seopress_robots_index":"","iawp_total_views":0},"product_brand":[1336],"product_cat":[22,71],"product_tag":[936,920,914],"land":[41],"jaar":[61],"class_list":{"0":"post-5633","1":"product","2":"type-product","3":"status-publish","4":"has-post-thumbnail","6":"product_brand-taylor-fladgate","7":"product_cat-porto","8":"product_cat-vintage","9":"product_tag-douro-valley","10":"product_tag-taylor-fladgate-port","11":"product_tag-vintage-port","12":"pa_druivensoort-tinta-roriz-2","13":"pa_druivensoort-touriga-franca","14":"pa_druivensoort-touriga-nacional","15":"pa_eenheid-d-magnum-3l","16":"pa_regio-douro","17":"land-portugal","18":"jaar-61","20":"first","21":"instock","22":"taxable","23":"shipping-taxable","24":"purchasable","25":"product-type-simple"},"jetpack_sharing_enabled":true,"_links":{"self":[{"href":"https:\/\/port2port.be\/fr\/wp-json\/wp\/v2\/product\/5633","targetHints":{"allow":["GET"]}}],"collection":[{"href":"https:\/\/port2port.be\/fr\/wp-json\/wp\/v2\/product"}],"about":[{"href":"https:\/\/port2port.be\/fr\/wp-json\/wp\/v2\/types\/product"}],"wp:featuredmedia":[{"embeddable":true,"href":"https:\/\/port2port.be\/fr\/wp-json\/wp\/v2\/media\/5650"}],"wp:attachment":[{"href":"https:\/\/port2port.be\/fr\/wp-json\/wp\/v2\/media?parent=5633"}],"wp:term":[{"taxonomy":"product_brand","embeddable":true,"href":"https:\/\/port2port.be\/fr\/wp-json\/wp\/v2\/product_brand?post=5633"},{"taxonomy":"product_cat","embeddable":true,"href":"https:\/\/port2port.be\/fr\/wp-json\/wp\/v2\/product_cat?post=5633"},{"taxonomy":"product_tag","embeddable":true,"href":"https:\/\/port2port.be\/fr\/wp-json\/wp\/v2\/product_tag?post=5633"},{"taxonomy":"land","embeddable":true,"href":"https:\/\/port2port.be\/fr\/wp-json\/wp\/v2\/land?post=5633"},{"taxonomy":"jaar","embeddable":true,"href":"https:\/\/port2port.be\/fr\/wp-json\/wp\/v2\/jaar?post=5633"}],"curies":[{"name":"wp","href":"https:\/\/api.w.org\/{rel}","templated":true}]}}