{"id":3858,"date":"2026-01-18T19:21:46","date_gmt":"2026-01-18T18:21:46","guid":{"rendered":"https:\/\/port2port.be\/?post_type=product&#038;p=3858"},"modified":"2026-03-26T21:06:42","modified_gmt":"2026-03-26T20:06:42","slug":"2022-chateau-duhart-milon","status":"publish","type":"product","link":"https:\/\/port2port.be\/fr\/produit\/2022-chateau-duhart-milon\/","title":{"rendered":"2018 Ch\u00e2teau Laroze - Saint-\u00c9milion"},"content":{"rendered":"<h2>Ch\u00e2teau Laroze 2018 - Un Saint-\u00c9milion m\u00fbr au charme de velours<\/h2>\n<h3>Une ann\u00e9e faste avec de la concentration et de l'accessibilit\u00e9<\/h3>\n<p>Ch\u00e2teau<a href=\"https:\/\/port2port.be\/fr\/produit\/coffret-cadeau-bordeaux-2018-6-grands-crus-dans-un-coffret-en-bois\/\"> Laroze<\/a> Le 2018 est un Saint-\u00c9milion Grand Cru riche et expressif issu d'une saison de croissance chaude et ensoleill\u00e9e. Le vin allie fruits m\u00fbrs, tanins ronds et structure souple, ce qui donne un style g\u00e9n\u00e9reux et harmonieux.<\/p>\n<p>Le style est classique sur la rive droite : la douceur du merlot est compl\u00e9t\u00e9e par la fra\u00eecheur et la finesse. Le 2018 est d\u00e9j\u00e0 tr\u00e8s agr\u00e9able, mais il poss\u00e8de aussi suffisamment de structure pour vieillir agr\u00e9ablement pendant quelques ann\u00e9es encore.<\/p>\n<h3>Exp\u00e9rience en mati\u00e8re de proc\u00e8s<\/h3>\n<ul>\n<li>Rouge rubis profond avec des reflets violets<\/li>\n<li>Ar\u00f4mes de cerise m\u00fbre, de prune, de cassis et d'\u00e9pices subtiles.<\/li>\n<li>Bouche ronde et souple avec des tanins velout\u00e9s.<\/li>\n<li>Finale \u00e9l\u00e9gante et fruit\u00e9e<\/li>\n<\/ul>\n<h3>L'histoire du vin<\/h3>\n<ul>\n<li>Domaine historique de Saint-\u00c9milion Grand Cru<\/li>\n<li>2018 repr\u00e9sente la maturit\u00e9, l'accessibilit\u00e9 et l'\u00e9quilibre<\/li>\n<li>Style classique de la rive droite avec une pr\u00e9cision moderne<\/li>\n<li>Id\u00e9al pour une consommation imm\u00e9diate et un court vieillissement en cave.<\/li>\n<\/ul>","protected":false},"excerpt":{"rendered":"<h2>2018 - Saint-\u00c9milion moelleux avec une expression de fruits m\u00fbrs<\/h2>\n<ul>\n<li>Un mill\u00e9sime chaud avec des fruits rouges et noirs bien m\u00fbrs.<\/li>\n<li>Tanins velout\u00e9s et structure souple.<\/li>\n<li>Accessible et d'un style harmonieux.<\/li>\n<li>Parfait pour les amateurs de Bordeaux \u00e0 base de Merlot.<\/li>\n<\/ul>","protected":false},"featured_media":3860,"template":"","meta":{"_seopress_robots_primary_cat":"none","_seopress_titles_title":"Ch\u00e2teau Laroze 2018 \u2013 Saint-\u00c9milion Grand Cru","_seopress_titles_desc":"Ch\u00e2teau Laroze 2018 is een zachte Saint-\u00c9milion Grand Cru met rijp fruit, fluweelzachte tannines en harmonieuze balans.","_seopress_robots_index":"","iawp_total_views":2},"product_brand":[808],"product_cat":[911,374,943,25],"product_tag":[924,935,925],"land":[40],"jaar":[266],"class_list":{"0":"post-3858","1":"product","2":"type-product","3":"status-publish","4":"has-post-thumbnail","6":"product_brand-chateau-laroze","7":"product_cat-bordeaux","8":"product_cat-rode-wijn","9":"product_cat-saint-emilion","10":"product_cat-wijn","11":"product_tag-bordeaux","12":"product_tag-merlot","13":"product_tag-saint-emilion","14":"pa_druivensoort-cabernet-franc","15":"pa_druivensoort-cabernet-sauvignon","16":"pa_druivensoort-merlot","17":"pa_eenheid-750-ml","18":"pa_houten-kist-houten-kist-6-flessen","19":"pa_regio-bordeaux-saint-emilion","20":"land-frankrijk","21":"jaar-266","23":"first","24":"instock","25":"taxable","26":"shipping-taxable","27":"purchasable","28":"product-type-simple"},"jetpack_sharing_enabled":true,"_links":{"self":[{"href":"https:\/\/port2port.be\/fr\/wp-json\/wp\/v2\/product\/3858","targetHints":{"allow":["GET"]}}],"collection":[{"href":"https:\/\/port2port.be\/fr\/wp-json\/wp\/v2\/product"}],"about":[{"href":"https:\/\/port2port.be\/fr\/wp-json\/wp\/v2\/types\/product"}],"wp:featuredmedia":[{"embeddable":true,"href":"https:\/\/port2port.be\/fr\/wp-json\/wp\/v2\/media\/3860"}],"wp:attachment":[{"href":"https:\/\/port2port.be\/fr\/wp-json\/wp\/v2\/media?parent=3858"}],"wp:term":[{"taxonomy":"product_brand","embeddable":true,"href":"https:\/\/port2port.be\/fr\/wp-json\/wp\/v2\/product_brand?post=3858"},{"taxonomy":"product_cat","embeddable":true,"href":"https:\/\/port2port.be\/fr\/wp-json\/wp\/v2\/product_cat?post=3858"},{"taxonomy":"product_tag","embeddable":true,"href":"https:\/\/port2port.be\/fr\/wp-json\/wp\/v2\/product_tag?post=3858"},{"taxonomy":"land","embeddable":true,"href":"https:\/\/port2port.be\/fr\/wp-json\/wp\/v2\/land?post=3858"},{"taxonomy":"jaar","embeddable":true,"href":"https:\/\/port2port.be\/fr\/wp-json\/wp\/v2\/jaar?post=3858"}],"curies":[{"name":"wp","href":"https:\/\/api.w.org\/{rel}","templated":true}]}}