{"id":3850,"date":"2026-01-18T14:08:07","date_gmt":"2026-01-18T13:08:07","guid":{"rendered":"https:\/\/port2port.be\/?post_type=product&#038;p=3850"},"modified":"2026-03-26T21:06:38","modified_gmt":"2026-03-26T20:06:38","slug":"2018-chateau-cos-destournel-magnum-1-5l","status":"publish","type":"product","link":"https:\/\/port2port.be\/fr\/produit\/2018-chateau-cos-destournel-magnum-1-5l\/","title":{"rendered":"2018 Ch\u00e2teau Cos d'Estournel Magnum (1,5 L) - Saint-Est\u00e8phe"},"content":{"rendered":"<h2>Ch\u00e2teau Cos d'Estournel 2018 - Un Saint-Est\u00e8phe monumental \u00e0 la grandeur orientale<\/h2>\n<h3>Un mill\u00e9sime chaleureux qui se traduit par de la puissance, de la sensualit\u00e9 et de la pr\u00e9cision.<\/h3>\n<p>Ch\u00e2teau <a href=\"https:\/\/port2port.be\/fr\/produit\/2018-chateau-cos-destournel\/\">Cos d'Estournel<\/a> Le 2018 est un Saint-Est\u00e8phe profond\u00e9ment concentr\u00e9 et luxueux, issu d'une saison de croissance exceptionnellement chaude. Le vin allie une maturit\u00e9 intense \u00e0 une fra\u00eecheur remarquable et \u00e0 une structure velout\u00e9e. Tout respire la puissance, la richesse et l'harmonie.<\/p>\n<p>Le style est grandiose et s\u00e9duisant : fruits noirs m\u00fbrs, \u00e9pices exotiques et tension min\u00e9rale sont port\u00e9s par des tanins parfaitement int\u00e9gr\u00e9s. Le 2018 montre le Cos d'Estournel sous son jour le plus expressif et le plus monumental, avec un potentiel de garde impressionnant.<\/p>\n<h3>Exp\u00e9rience en mati\u00e8re de proc\u00e8s<\/h3>\n<ul>\n<li>Rouge rubis pourpre profond avec noyau presque opaque<\/li>\n<li>Ar\u00f4mes de cassis, de cerise noire, de prune, de cacao, d'\u00e9pices et de graphite.<\/li>\n<li>Bouche pleine et soyeuse avec des tanins m\u00fbrs et velout\u00e9s.<\/li>\n<li>Finale tr\u00e8s longue et sensuelle avec une tension fra\u00eeche de Saint-Est\u00e8phe.<\/li>\n<\/ul>\n<h3>L'histoire du vin<\/h3>\n<ul>\n<li>L'embl\u00e9matique Deuxi\u00e8me Grand Cru Class\u00e9 \u00e0 la signature exotique<\/li>\n<li>2018 repr\u00e9sente l'intensit\u00e9, la richesse et l'\u00e9nergie<\/li>\n<li>Un \u00e9quilibre parfait entre puissance et \u00e9l\u00e9gance<\/li>\n<li>Excellent pour une longue maturation en cave et \u00e0 des fins d'investissement<\/li>\n<\/ul>","protected":false},"excerpt":{"rendered":"<h2>2018 - Un grand Saint-Est\u00e8phe avec beaucoup de profondeur<\/h2>\n<ul>\n<li>Ann\u00e9e de pointe chaude avec une concentration extr\u00eame.<\/li>\n<li>Fruits noirs m\u00fbrs, cacao et \u00e9pices exotiques.<\/li>\n<li>Tanins velout\u00e9s et structure monumentale.<\/li>\n<li>Potentiel de stockage exceptionnel.<\/li>\n<\/ul>","protected":false},"featured_media":3848,"template":"","meta":{"_seopress_robots_primary_cat":"none","_seopress_titles_title":"Ch\u00e2teau Cos d\u2019Estournel 2018 Magnum\u2013 Saint-Est\u00e8phe Grand Cru","_seopress_titles_desc":"Ch\u00e2teau Cos d\u2019Estournel 2018 is een monumentale Saint-Est\u00e8phe met diepe concentratie, fluweelzachte tannines en uitzonderlijk bewaarpotentieel.","_seopress_robots_index":"","iawp_total_views":0},"product_brand":[892],"product_cat":[911,374,947,25],"product_tag":[924,930,939],"land":[40],"jaar":[266],"class_list":{"0":"post-3850","1":"product","2":"type-product","3":"status-publish","4":"has-post-thumbnail","6":"product_brand-cos-destournel","7":"product_cat-bordeaux","8":"product_cat-rode-wijn","9":"product_cat-saint-estephe","10":"product_cat-wijn","11":"product_tag-bordeaux","12":"product_tag-cabernet-sauvignon","13":"product_tag-saint-estephe","14":"pa_druivensoort-cabernet-sauvignon","15":"pa_druivensoort-merlot","16":"pa_eenheid-1329","17":"pa_eenheid-5-l-magnum","18":"pa_houten-kist-houten-kist-1-magnum","19":"pa_regio-saint-estephe-bordeaux","20":"land-frankrijk","21":"jaar-266","23":"first","24":"instock","25":"taxable","26":"shipping-taxable","27":"purchasable","28":"product-type-simple"},"jetpack_sharing_enabled":true,"_links":{"self":[{"href":"https:\/\/port2port.be\/fr\/wp-json\/wp\/v2\/product\/3850","targetHints":{"allow":["GET"]}}],"collection":[{"href":"https:\/\/port2port.be\/fr\/wp-json\/wp\/v2\/product"}],"about":[{"href":"https:\/\/port2port.be\/fr\/wp-json\/wp\/v2\/types\/product"}],"wp:featuredmedia":[{"embeddable":true,"href":"https:\/\/port2port.be\/fr\/wp-json\/wp\/v2\/media\/3848"}],"wp:attachment":[{"href":"https:\/\/port2port.be\/fr\/wp-json\/wp\/v2\/media?parent=3850"}],"wp:term":[{"taxonomy":"product_brand","embeddable":true,"href":"https:\/\/port2port.be\/fr\/wp-json\/wp\/v2\/product_brand?post=3850"},{"taxonomy":"product_cat","embeddable":true,"href":"https:\/\/port2port.be\/fr\/wp-json\/wp\/v2\/product_cat?post=3850"},{"taxonomy":"product_tag","embeddable":true,"href":"https:\/\/port2port.be\/fr\/wp-json\/wp\/v2\/product_tag?post=3850"},{"taxonomy":"land","embeddable":true,"href":"https:\/\/port2port.be\/fr\/wp-json\/wp\/v2\/land?post=3850"},{"taxonomy":"jaar","embeddable":true,"href":"https:\/\/port2port.be\/fr\/wp-json\/wp\/v2\/jaar?post=3850"}],"curies":[{"name":"wp","href":"https:\/\/api.w.org\/{rel}","templated":true}]}}