{"id":3846,"date":"2026-01-18T13:39:40","date_gmt":"2026-01-18T12:39:40","guid":{"rendered":"https:\/\/port2port.be\/?post_type=product&#038;p=3846"},"modified":"2026-03-26T21:07:28","modified_gmt":"2026-03-26T20:07:28","slug":"2022-chateau-pichon-longueville-au-baron-de-pichon-longueville","status":"publish","type":"product","link":"https:\/\/port2port.be\/fr\/produit\/2022-chateau-pichon-longueville-au-baron-de-pichon-longueville\/","title":{"rendered":"2022 Ch\u00e2teau Pichon Baron - Pauillac"},"content":{"rendered":"<h2>Ch\u00e2teau Pichon-Longueville Baron 2022 - Un Pauillac monumental d'une intensit\u00e9 sans pr\u00e9c\u00e9dent<\/h2>\n<h3>Une ann\u00e9e de pointe extr\u00eame qui s'est traduite par de la force, de l'\u00e9nergie et de la pr\u00e9cision<\/h3>\n<p>Ch\u00e2teau <a href=\"https:\/\/port2port.be\/fr\/produit\/2021-chateau-pichon-longueville-au-baron-de-pichon-longueville\/\">Pichon-Longueville Baron<\/a> 2022 est un Pauillac profond, concentr\u00e9 et exceptionnellement puissant, issu d'une saison de croissance historiquement chaude et s\u00e8che. Malgr\u00e9 ces conditions extr\u00eames, le vin pr\u00e9sente une fra\u00eecheur remarquable, un \u00e9quilibre parfait et une pr\u00e9cision aromatique impressionnante.<\/p>\n<p>Le style est grandiose et aristocratique : la puissance du cabernet, les fruits noirs et le graphite sont soutenus par des tanins parfaitement m\u00fbrs et velout\u00e9s. Le 2022 est sans doute l'un des mill\u00e9simes les plus monumentaux de Pichon Baron et il est fait pour durer tr\u00e8s longtemps.<\/p>\n<h3>Exp\u00e9rience en mati\u00e8re de proc\u00e8s<\/h3>\n<ul>\n<li>Rouge rubis pourpre profond avec noyau presque opaque<\/li>\n<li>Ar\u00f4mes de cassis, de cerise noire, de prune, de graphite, de cacao et de bois de c\u00e8dre.<\/li>\n<li>Bouche puissante et intense avec des tanins compacts et soyeux.<\/li>\n<li>Finale tr\u00e8s longue et concentr\u00e9e sur une tension fra\u00eeche de Pauillac.<\/li>\n<\/ul>\n<h3>L'histoire du vin<\/h3>\n<ul>\n<li>Deuxi\u00e8me Grand Cru Class\u00e9 \u00e0 la r\u00e9putation embl\u00e9matique<\/li>\n<li>2022 est synonyme d'intensit\u00e9, d'\u00e9nergie et de capacit\u00e9 de r\u00e9tention exceptionnelle.<\/li>\n<li>Un \u00e9quilibre parfait entre puissance et finesse aristocratique<\/li>\n<li>Excellent pour une longue maturation en cave et \u00e0 des fins d'investissement<\/li>\n<\/ul>","protected":false},"excerpt":{"rendered":"<h2>2022 - Grand Pauillac avec une profondeur monumentale<\/h2>\n<ul>\n<li>Ann\u00e9e de pointe historique avec une concentration extr\u00eame.<\/li>\n<li>La puissance du cabernet se traduit par des notes de cassis et de graphite.<\/li>\n<li>Tannins velout\u00e9s et longueur impressionnante.<\/li>\n<li>Potentiel de stockage exceptionnel.<\/li>\n<\/ul>","protected":false},"featured_media":3841,"template":"","meta":{"_seopress_robots_primary_cat":"none","_seopress_titles_title":"Ch\u00e2teau Pichon Baron 2022 \u2013 Pauillac Grand Cru","_seopress_titles_desc":"Ch\u00e2teau Pichon Baron 2022 is een monumentale Pauillac met diepe concentratie, fluweelzachte tannines en uitzonderlijk bewaarpotentieel.","_seopress_robots_index":"","iawp_total_views":27},"product_brand":[889],"product_cat":[911,945,374,25],"product_tag":[924,930,927],"land":[40],"jaar":[334],"class_list":{"0":"post-3846","1":"product","2":"type-product","3":"status-publish","4":"has-post-thumbnail","6":"product_brand-pichon-baron","7":"product_cat-bordeaux","8":"product_cat-pauillac","9":"product_cat-rode-wijn","10":"product_cat-wijn","11":"product_tag-bordeaux","12":"product_tag-cabernet-sauvignon","13":"product_tag-pauillac","14":"pa_druivensoort-cabernet-sauvignon","15":"pa_druivensoort-merlot","16":"pa_eenheid-750-ml","17":"pa_houten-kist-houten-kist-6-flessen","18":"pa_regio-pauillac-bordeaux","19":"land-frankrijk","20":"jaar-334","22":"first","23":"instock","24":"taxable","25":"shipping-taxable","26":"purchasable","27":"product-type-simple"},"jetpack_sharing_enabled":true,"_links":{"self":[{"href":"https:\/\/port2port.be\/fr\/wp-json\/wp\/v2\/product\/3846","targetHints":{"allow":["GET"]}}],"collection":[{"href":"https:\/\/port2port.be\/fr\/wp-json\/wp\/v2\/product"}],"about":[{"href":"https:\/\/port2port.be\/fr\/wp-json\/wp\/v2\/types\/product"}],"wp:featuredmedia":[{"embeddable":true,"href":"https:\/\/port2port.be\/fr\/wp-json\/wp\/v2\/media\/3841"}],"wp:attachment":[{"href":"https:\/\/port2port.be\/fr\/wp-json\/wp\/v2\/media?parent=3846"}],"wp:term":[{"taxonomy":"product_brand","embeddable":true,"href":"https:\/\/port2port.be\/fr\/wp-json\/wp\/v2\/product_brand?post=3846"},{"taxonomy":"product_cat","embeddable":true,"href":"https:\/\/port2port.be\/fr\/wp-json\/wp\/v2\/product_cat?post=3846"},{"taxonomy":"product_tag","embeddable":true,"href":"https:\/\/port2port.be\/fr\/wp-json\/wp\/v2\/product_tag?post=3846"},{"taxonomy":"land","embeddable":true,"href":"https:\/\/port2port.be\/fr\/wp-json\/wp\/v2\/land?post=3846"},{"taxonomy":"jaar","embeddable":true,"href":"https:\/\/port2port.be\/fr\/wp-json\/wp\/v2\/jaar?post=3846"}],"curies":[{"name":"wp","href":"https:\/\/api.w.org\/{rel}","templated":true}]}}