{"id":3842,"date":"2026-01-18T13:21:19","date_gmt":"2026-01-18T12:21:19","guid":{"rendered":"https:\/\/port2port.be\/?post_type=product&#038;p=3842"},"modified":"2026-03-26T21:06:47","modified_gmt":"2026-03-26T20:06:47","slug":"2018-chateau-pichon-longueville-au-baron-de-pichon-longueville","status":"publish","type":"product","link":"https:\/\/port2port.be\/fr\/produit\/2018-chateau-pichon-longueville-au-baron-de-pichon-longueville\/","title":{"rendered":"2018 Ch\u00e2teau Pichon Baron - Pauillac"},"content":{"rendered":"<h2>Ch\u00e2teau Pichon-Longueville Baron 2018 - Un Pauillac monumental \u00e0 la puissance aristocratique<\/h2>\n<h3>Un mill\u00e9sime chaleureux qui se traduit par de la profondeur, de la pr\u00e9cision et de l'\u00e9l\u00e9gance.<\/h3>\n<p>Ch\u00e2teau <a href=\"https:\/\/port2port.be\/fr\/produit\/2022-chateau-pichon-longueville-au-baron-de-pichon-longueville\/\">Pichon-Longueville Baron<\/a> Le 2018 est un Pauillac impressionnant et \u00e9tag\u00e9, issu d'une saison de croissance exceptionnellement chaude et ensoleill\u00e9e. Le vin allie une maturit\u00e9 intense \u00e0 une fra\u00eecheur et une structure remarquables, ce qui donne un grand cru class\u00e9 puissant mais parfaitement \u00e9quilibr\u00e9.<\/p>\n<p>Le style est riche et concentr\u00e9, avec une colonne vert\u00e9brale classique de Pauillac, une puissance aliment\u00e9e par le cabernet, affin\u00e9e par des tanins velout\u00e9s et une acidit\u00e9 pr\u00e9cise. Le 2018 montre que le Pichon Baron est \u00e0 un niveau monumental et qu'il est clairement con\u00e7u pour une longue garde.<\/p>\n<h3>Exp\u00e9rience en mati\u00e8re de proc\u00e8s<\/h3>\n<ul>\n<li>Rouge rubis pourpre profond avec noyau presque opaque<\/li>\n<li>Ar\u00f4mes de cassis, de cerise noire, de prune, de graphite, de cacao et de bois de c\u00e8dre.<\/li>\n<li>Bouche puissante et structur\u00e9e avec des tanins m\u00fbrs et velout\u00e9s.<\/li>\n<li>Finale tr\u00e8s longue et concentr\u00e9e sur une tension fra\u00eeche de Pauillac.<\/li>\n<\/ul>\n<h3>L'histoire du vin<\/h3>\n<ul>\n<li>Deuxi\u00e8me Grand Cru Class\u00e9 de Pauillac<\/li>\n<li>2018 repr\u00e9sente l'intensit\u00e9, la richesse et la durabilit\u00e9<\/li>\n<li>Un style Pauillac classique avec une pr\u00e9cision moderne<\/li>\n<li>Excellent pour une longue maturation en cave et une valeur de collection.<\/li>\n<\/ul>","protected":false},"excerpt":{"rendered":"<h2>2018 - Un grand Pauillac tout en puissance et en finesse<\/h2>\n<ul>\n<li>Un mill\u00e9sime chaud avec une concentration profonde et un fruit m\u00fbr.<\/li>\n<li>Structure ax\u00e9e sur le cabernet, avec des notes de graphite et de cassis.<\/li>\n<li>Tannins velout\u00e9s et longueur impressionnante.<\/li>\n<li>Id\u00e9al pour une longue maturation en cave et pour les collectionneurs.<\/li>\n<\/ul>","protected":false},"featured_media":3841,"template":"","meta":{"_seopress_robots_primary_cat":"none","_seopress_titles_title":"Ch\u00e2teau Pichon Baron 2018 \u2013 Pauillac Grand Cru","_seopress_titles_desc":"Ch\u00e2teau Pichon Baron 2018 is een krachtige Pauillac met diepe concentratie, cassis, grafiet en fluweelzachte tannines. Uitstekend bewaarpotentieel.","_seopress_robots_index":"","iawp_total_views":1},"product_brand":[889],"product_cat":[911,945,374,25],"product_tag":[924,930,927],"land":[40],"jaar":[266],"class_list":{"0":"post-3842","1":"product","2":"type-product","3":"status-publish","4":"has-post-thumbnail","6":"product_brand-pichon-baron","7":"product_cat-bordeaux","8":"product_cat-pauillac","9":"product_cat-rode-wijn","10":"product_cat-wijn","11":"product_tag-bordeaux","12":"product_tag-cabernet-sauvignon","13":"product_tag-pauillac","14":"pa_druivensoort-cabernet-sauvignon","15":"pa_druivensoort-merlot","16":"pa_eenheid-750-ml","17":"pa_houten-kist-houten-kist-6-flessen","18":"pa_regio-pauillac-bordeaux","19":"land-frankrijk","20":"jaar-266","22":"first","23":"instock","24":"taxable","25":"shipping-taxable","26":"purchasable","27":"product-type-simple"},"jetpack_sharing_enabled":true,"_links":{"self":[{"href":"https:\/\/port2port.be\/fr\/wp-json\/wp\/v2\/product\/3842","targetHints":{"allow":["GET"]}}],"collection":[{"href":"https:\/\/port2port.be\/fr\/wp-json\/wp\/v2\/product"}],"about":[{"href":"https:\/\/port2port.be\/fr\/wp-json\/wp\/v2\/types\/product"}],"wp:featuredmedia":[{"embeddable":true,"href":"https:\/\/port2port.be\/fr\/wp-json\/wp\/v2\/media\/3841"}],"wp:attachment":[{"href":"https:\/\/port2port.be\/fr\/wp-json\/wp\/v2\/media?parent=3842"}],"wp:term":[{"taxonomy":"product_brand","embeddable":true,"href":"https:\/\/port2port.be\/fr\/wp-json\/wp\/v2\/product_brand?post=3842"},{"taxonomy":"product_cat","embeddable":true,"href":"https:\/\/port2port.be\/fr\/wp-json\/wp\/v2\/product_cat?post=3842"},{"taxonomy":"product_tag","embeddable":true,"href":"https:\/\/port2port.be\/fr\/wp-json\/wp\/v2\/product_tag?post=3842"},{"taxonomy":"land","embeddable":true,"href":"https:\/\/port2port.be\/fr\/wp-json\/wp\/v2\/land?post=3842"},{"taxonomy":"jaar","embeddable":true,"href":"https:\/\/port2port.be\/fr\/wp-json\/wp\/v2\/jaar?post=3842"}],"curies":[{"name":"wp","href":"https:\/\/api.w.org\/{rel}","templated":true}]}}