{"id":3837,"date":"2026-01-18T11:43:27","date_gmt":"2026-01-18T10:43:27","guid":{"rendered":"https:\/\/port2port.be\/?post_type=product&#038;p=3837"},"modified":"2026-03-26T21:07:13","modified_gmt":"2026-03-26T20:07:13","slug":"2021-chateau-pape-clement","status":"publish","type":"product","link":"https:\/\/port2port.be\/fr\/produit\/2021-chateau-pape-clement\/","title":{"rendered":"2021 Ch\u00e2teau Pape Cl\u00e9ment - Pessac-L\u00e9ognan"},"content":{"rendered":"<h2>Ch\u00e2teau Pape Cl\u00e9ment 2021 - Finesse classique et \u00e9l\u00e9gance bordelaise raffin\u00e9e<\/h2>\n<h3>Un mill\u00e9sime plac\u00e9 sous le signe de l'\u00e9quilibre et de l'expression du terroir<\/h3>\n<p>Ch\u00e2teau <a href=\"https:\/\/port2port.be\/fr\/produit\/2019-chateau-pape-clement\/\">Pape Cl\u00e9ment<\/a> 2021 montre un style plus discret et classique dans lequel la fra\u00eecheur, la pr\u00e9cision et l'\u00e9l\u00e9gance sont au centre des pr\u00e9occupations. L'ann\u00e9e a permis d'obtenir des vins \u00e0 l'expression fruit\u00e9e \u00e9clatante, aux tanins raffin\u00e9s et \u00e0 la structure bien d\u00e9finie, en parfaite harmonie avec le terroir de Pessac-L\u00e9ognan.<\/p>\n<p>Le vin n'a pas l'exub\u00e9rance des ann\u00e9es plus chaudes, mais il excelle en puret\u00e9 et en raffinement. Le 2021 est un vin pour les amateurs de Bordeaux traditionnel, o\u00f9 la subtilit\u00e9 et la longueur sont plus importantes que l'intensit\u00e9 pure.<\/p>\n<h3>Exp\u00e9rience en mati\u00e8re de proc\u00e8s<\/h3>\n<ul>\n<li>Rouge rubis brillant avec des reflets violets frais<\/li>\n<li>Ar\u00f4mes de groseille, de cassis, de graphite et d'\u00e9pices subtiles.<\/li>\n<li>Corps moyen avec des tannins fins et soyeux.<\/li>\n<li>Finale \u00e9l\u00e9gante et fra\u00eeche avec une longueur pr\u00e9cise<\/li>\n<\/ul>\n<h3>L'histoire du vin<\/h3>\n<ul>\n<li>Un grand cru class\u00e9 de Pessac-L\u00e9ognan embl\u00e9matique<\/li>\n<li>2021 est synonyme de finesse, de fra\u00eecheur et d'\u00e9quilibre.<\/li>\n<li>Style classique ax\u00e9 sur l'expression du terroir<\/li>\n<li>Convient pour une maturation moyenne<\/li>\n<\/ul>","protected":false},"excerpt":{"rendered":"<h2>2021 - Pessac-L\u00e9ognan raffin\u00e9 \u00e0 la signature classique<\/h2>\n<ul>\n<li>Un Bordeaux \u00e9l\u00e9gant qui met l'accent sur la fra\u00eecheur.<\/li>\n<li>Fruits brillants, graphite et \u00e9pices subtiles.<\/li>\n<li>Tanins souples et structure harmonieuse.<\/li>\n<li>Id\u00e9al pour les amateurs de style classique.<\/li>\n<\/ul>","protected":false},"featured_media":3831,"template":"","meta":{"_seopress_robots_primary_cat":"none","_seopress_titles_title":"Ch\u00e2teau Pape Cl\u00e9ment 2021 \u2013 Pessac-L\u00e9ognan Grand Cru","_seopress_titles_desc":"Ch\u00e2teau Pape Cl\u00e9ment 2021 is een elegante Pessac-L\u00e9ognan met fris fruit, verfijnde tannines en klassieke Bordeaux-balans.","_seopress_robots_index":"","iawp_total_views":2},"product_brand":[886],"product_cat":[911,949,374,25],"product_tag":[924,930,940],"land":[40],"jaar":[39],"class_list":{"0":"post-3837","1":"product","2":"type-product","3":"status-publish","4":"has-post-thumbnail","6":"product_brand-pape-clement","7":"product_cat-bordeaux","8":"product_cat-pessac-leognan","9":"product_cat-rode-wijn","10":"product_cat-wijn","11":"product_tag-bordeaux","12":"product_tag-cabernet-sauvignon","13":"product_tag-pessac-leognan","14":"pa_druivensoort-cabernet-sauvignon","15":"pa_druivensoort-merlot","16":"pa_eenheid-750-ml","17":"pa_houten-kist-houten-kist-6-flessen","18":"pa_regio-pessac-leognan-bordeaux","19":"land-frankrijk","20":"jaar-39","22":"first","23":"instock","24":"taxable","25":"shipping-taxable","26":"purchasable","27":"product-type-simple"},"jetpack_sharing_enabled":true,"_links":{"self":[{"href":"https:\/\/port2port.be\/fr\/wp-json\/wp\/v2\/product\/3837","targetHints":{"allow":["GET"]}}],"collection":[{"href":"https:\/\/port2port.be\/fr\/wp-json\/wp\/v2\/product"}],"about":[{"href":"https:\/\/port2port.be\/fr\/wp-json\/wp\/v2\/types\/product"}],"wp:featuredmedia":[{"embeddable":true,"href":"https:\/\/port2port.be\/fr\/wp-json\/wp\/v2\/media\/3831"}],"wp:attachment":[{"href":"https:\/\/port2port.be\/fr\/wp-json\/wp\/v2\/media?parent=3837"}],"wp:term":[{"taxonomy":"product_brand","embeddable":true,"href":"https:\/\/port2port.be\/fr\/wp-json\/wp\/v2\/product_brand?post=3837"},{"taxonomy":"product_cat","embeddable":true,"href":"https:\/\/port2port.be\/fr\/wp-json\/wp\/v2\/product_cat?post=3837"},{"taxonomy":"product_tag","embeddable":true,"href":"https:\/\/port2port.be\/fr\/wp-json\/wp\/v2\/product_tag?post=3837"},{"taxonomy":"land","embeddable":true,"href":"https:\/\/port2port.be\/fr\/wp-json\/wp\/v2\/land?post=3837"},{"taxonomy":"jaar","embeddable":true,"href":"https:\/\/port2port.be\/fr\/wp-json\/wp\/v2\/jaar?post=3837"}],"curies":[{"name":"wp","href":"https:\/\/api.w.org\/{rel}","templated":true}]}}