{"id":3836,"date":"2026-01-18T11:39:01","date_gmt":"2026-01-18T10:39:01","guid":{"rendered":"https:\/\/port2port.be\/?post_type=product&#038;p=3836"},"modified":"2026-03-26T21:06:55","modified_gmt":"2026-03-26T20:06:55","slug":"2019-chateau-pape-clement","status":"publish","type":"product","link":"https:\/\/port2port.be\/fr\/produit\/2019-chateau-pape-clement\/","title":{"rendered":"2019 Ch\u00e2teau Pape Cl\u00e9ment - Pessac-L\u00e9ognan"},"content":{"rendered":"<h2>Ch\u00e2teau Pape Cl\u00e9ment 2019 - Un \u00e9quilibre parfait entre puissance, finesse et profondeur<\/h2>\n<h3>Une grande et harmonieuse ann\u00e9e bordelaise<\/h3>\n<p>Ch\u00e2teau <a href=\"https:\/\/port2port.be\/fr\/produit\/2018-chateau-pape-clement-magnum-1-5l\/\">Pape Cl\u00e9ment<\/a> 2019 est l'un des mill\u00e9simes les plus complets et les plus \u00e9quilibr\u00e9s de la d\u00e9cennie. L'ann\u00e9e a combin\u00e9 maturit\u00e9 optimale et fra\u00eecheur, ce qui a donn\u00e9 un vin d'une pr\u00e9cision, d'une concentration et d'une \u00e9l\u00e9gance exceptionnelles.<\/p>\n<p>Le style est puissant mais raffin\u00e9 : fruits noirs intenses, graphite et \u00e9pices subtiles sont soutenus par des tanins soyeux et une structure parfaitement int\u00e9gr\u00e9e. 2019 montre un Pape Cl\u00e9ment au sommet de son harmonie et de sa puissance de stockage.<\/p>\n<h3>Exp\u00e9rience en mati\u00e8re de proc\u00e8s<\/h3>\n<ul>\n<li>Rouge rubis profond avec des reflets violets<\/li>\n<li>Ar\u00f4mes de cassis, de cerise noire, de prune, de cacao, de graphite et de bois de c\u00e8dre.<\/li>\n<li>Bouche pleine et pr\u00e9cise avec des tanins m\u00fbrs et velout\u00e9s.<\/li>\n<li>Finale tr\u00e8s longue, \u00e9tag\u00e9e, avec une tension fra\u00eeche<\/li>\n<\/ul>\n<h3>L'histoire du vin<\/h3>\n<ul>\n<li>Grand Cru Class\u00e9 embl\u00e9matique de Pessac-L\u00e9ognan<\/li>\n<li>2019 repr\u00e9sente l'harmonie, la force et l'\u00e9l\u00e9gance<\/li>\n<li>Une interaction parfaite entre la maturit\u00e9 et la fra\u00eecheur<\/li>\n<li>Excellent potentiel de stockage \u00e0 long terme<\/li>\n<\/ul>","protected":false},"excerpt":{"rendered":"<h2>2019 - Un grand Pessac-L\u00e9ognan \u00e0 l'harmonie parfaite<\/h2>\n<ul>\n<li>Tr\u00e8s bon mill\u00e9sime avec un \u00e9quilibre et une profondeur exceptionnels.<\/li>\n<li>Fruits noirs m\u00fbrs, graphite et cacao.<\/li>\n<li>Tannins velout\u00e9s et longue finale.<\/li>\n<li>Id\u00e9al pour la maturation en cave et les collectionneurs.<\/li>\n<\/ul>","protected":false},"featured_media":3831,"template":"","meta":{"_seopress_robots_primary_cat":"none","_seopress_titles_title":"Ch\u00e2teau Pape Cl\u00e9ment 2019 \u2013 Pessac-L\u00e9ognan Grand Cru","_seopress_titles_desc":"Ch\u00e2teau Pape Cl\u00e9ment 2019 is een perfect gebalanceerde Pessac-L\u00e9ognan met rijp zwart fruit, fluweelzachte tannines en grote elegantie.","_seopress_robots_index":"","iawp_total_views":4},"product_brand":[886],"product_cat":[911,949,374,25],"product_tag":[924,930,940],"land":[40],"jaar":[37],"class_list":{"0":"post-3836","1":"product","2":"type-product","3":"status-publish","4":"has-post-thumbnail","6":"product_brand-pape-clement","7":"product_cat-bordeaux","8":"product_cat-pessac-leognan","9":"product_cat-rode-wijn","10":"product_cat-wijn","11":"product_tag-bordeaux","12":"product_tag-cabernet-sauvignon","13":"product_tag-pessac-leognan","14":"pa_druivensoort-cabernet-sauvignon","15":"pa_druivensoort-merlot","16":"pa_eenheid-750-ml","17":"pa_houten-kist-houten-kist-6-flessen","18":"pa_regio-pessac-leognan-bordeaux","19":"land-frankrijk","20":"jaar-37","22":"first","23":"instock","24":"taxable","25":"shipping-taxable","26":"purchasable","27":"product-type-simple"},"jetpack_sharing_enabled":true,"_links":{"self":[{"href":"https:\/\/port2port.be\/fr\/wp-json\/wp\/v2\/product\/3836","targetHints":{"allow":["GET"]}}],"collection":[{"href":"https:\/\/port2port.be\/fr\/wp-json\/wp\/v2\/product"}],"about":[{"href":"https:\/\/port2port.be\/fr\/wp-json\/wp\/v2\/types\/product"}],"wp:featuredmedia":[{"embeddable":true,"href":"https:\/\/port2port.be\/fr\/wp-json\/wp\/v2\/media\/3831"}],"wp:attachment":[{"href":"https:\/\/port2port.be\/fr\/wp-json\/wp\/v2\/media?parent=3836"}],"wp:term":[{"taxonomy":"product_brand","embeddable":true,"href":"https:\/\/port2port.be\/fr\/wp-json\/wp\/v2\/product_brand?post=3836"},{"taxonomy":"product_cat","embeddable":true,"href":"https:\/\/port2port.be\/fr\/wp-json\/wp\/v2\/product_cat?post=3836"},{"taxonomy":"product_tag","embeddable":true,"href":"https:\/\/port2port.be\/fr\/wp-json\/wp\/v2\/product_tag?post=3836"},{"taxonomy":"land","embeddable":true,"href":"https:\/\/port2port.be\/fr\/wp-json\/wp\/v2\/land?post=3836"},{"taxonomy":"jaar","embeddable":true,"href":"https:\/\/port2port.be\/fr\/wp-json\/wp\/v2\/jaar?post=3836"}],"curies":[{"name":"wp","href":"https:\/\/api.w.org\/{rel}","templated":true}]}}