{"id":3835,"date":"2026-01-18T11:32:47","date_gmt":"2026-01-18T10:32:47","guid":{"rendered":"https:\/\/port2port.be\/?post_type=product&#038;p=3835"},"modified":"2026-03-26T21:06:44","modified_gmt":"2026-03-26T20:06:44","slug":"2018-chateau-pape-clement-magnum-1-5l","status":"publish","type":"product","link":"https:\/\/port2port.be\/fr\/produit\/2018-chateau-pape-clement-magnum-1-5l\/","title":{"rendered":"2018 Ch\u00e2teau Pape Cl\u00e9ment Magnum (1,5 L) - Pessac-L\u00e9ognan"},"content":{"rendered":"<h2>Ch\u00e2teau Pape Cl\u00e9ment 2018 - Une puissance luxuriante et un grade de Pessac-L\u00e9ognan raffin\u00e9<\/h2>\n<h3>Un mill\u00e9sime intense et luxueux, d'une grande profondeur<\/h3>\n<p>Ch\u00e2teau <a href=\"https:\/\/port2port.be\/fr\/produit\/2018-chateau-pape-clement\/\">Pape Cl\u00e9ment<\/a> 2018 est un Pessac-L\u00e9ognan monumental et expressif, issu d'une saison chaude et ensoleill\u00e9e. Le mill\u00e9sime a produit des fruits exceptionnellement m\u00fbrs, une profonde concentration et des tanins velout\u00e9s, sans perdre la fra\u00eecheur et la pr\u00e9cision qui caract\u00e9risent le terroir.<\/p>\n<p>Le vin est riche et \u00e9tag\u00e9, avec un noyau puissant port\u00e9 par des acides et une structure parfaitement int\u00e9gr\u00e9s. Le 2018 montre le Pape Cl\u00e9ment dans un style moderne et luxueux qui impressionne d\u00e9j\u00e0 tout en \u00e9tant construit pour un long vieillissement en cave.<\/p>\n<h3>Exp\u00e9rience en mati\u00e8re de proc\u00e8s<\/h3>\n<ul>\n<li>Rouge rubis pourpre profond avec noyau presque opaque<\/li>\n<li>Ar\u00f4mes de cassis, de cerise noire, de prune, de cacao, de graphite et de bois de c\u00e8dre.<\/li>\n<li>Bouche ample et velout\u00e9e avec des tanins m\u00fbrs et soyeux.<\/li>\n<li>Finale tr\u00e8s longue et concentr\u00e9e avec une tension min\u00e9rale fra\u00eeche<\/li>\n<\/ul>\n<h3>L'histoire du vin<\/h3>\n<ul>\n<li>Un grand cru class\u00e9 de Pessac-L\u00e9ognan embl\u00e9matique<\/li>\n<li>2018 repr\u00e9sente la maturit\u00e9, l'intensit\u00e9 et la richesse<\/li>\n<li>Un \u00e9quilibre parfait entre puissance et \u00e9l\u00e9gance<\/li>\n<li>Excellent potentiel de stockage \u00e0 long terme<\/li>\n<\/ul>","protected":false},"excerpt":{"rendered":"<h2>2018 - Un Pessac-L\u00e9ognan riche et d'une profondeur monumentale<\/h2>\n<ul>\n<li>Mill\u00e9sime chaleureux avec une grande concentration.<\/li>\n<li>Fruits noirs m\u00fbrs, cacao et graphite.<\/li>\n<li>Tanins velout\u00e9s et structure puissante.<\/li>\n<li>Id\u00e9al pour une longue maturation en cave.<\/li>\n<\/ul>","protected":false},"featured_media":3831,"template":"","meta":{"_seopress_robots_primary_cat":"none","_seopress_titles_title":"Ch\u00e2teau Pape Cl\u00e9ment 2018 Magnum (1.5L) \u2013 Pessac-L\u00e9ognan Grand Cru","_seopress_titles_desc":"Ch\u00e2teau Pape Cl\u00e9ment 2018 Magnum (1.5L) is een krachtige Pessac-L\u00e9ognan met diepe concentratie, fluweelzachte tannines en luxueuze lengte.","_seopress_robots_index":"","iawp_total_views":0},"product_brand":[886],"product_cat":[911,949,374,25],"product_tag":[924,930,940],"land":[40],"jaar":[266],"class_list":{"0":"post-3835","1":"product","2":"type-product","3":"status-publish","4":"has-post-thumbnail","6":"product_brand-pape-clement","7":"product_cat-bordeaux","8":"product_cat-pessac-leognan","9":"product_cat-rode-wijn","10":"product_cat-wijn","11":"product_tag-bordeaux","12":"product_tag-cabernet-sauvignon","13":"product_tag-pessac-leognan","14":"pa_druivensoort-cabernet-sauvignon","15":"pa_druivensoort-merlot","16":"pa_eenheid-1329","17":"pa_eenheid-5-l-magnum","18":"pa_houten-kist-houten-kist-1-fles","19":"pa_regio-pessac-leognan-bordeaux","20":"land-frankrijk","21":"jaar-266","23":"first","24":"instock","25":"taxable","26":"shipping-taxable","27":"purchasable","28":"product-type-simple"},"jetpack_sharing_enabled":true,"_links":{"self":[{"href":"https:\/\/port2port.be\/fr\/wp-json\/wp\/v2\/product\/3835","targetHints":{"allow":["GET"]}}],"collection":[{"href":"https:\/\/port2port.be\/fr\/wp-json\/wp\/v2\/product"}],"about":[{"href":"https:\/\/port2port.be\/fr\/wp-json\/wp\/v2\/types\/product"}],"wp:featuredmedia":[{"embeddable":true,"href":"https:\/\/port2port.be\/fr\/wp-json\/wp\/v2\/media\/3831"}],"wp:attachment":[{"href":"https:\/\/port2port.be\/fr\/wp-json\/wp\/v2\/media?parent=3835"}],"wp:term":[{"taxonomy":"product_brand","embeddable":true,"href":"https:\/\/port2port.be\/fr\/wp-json\/wp\/v2\/product_brand?post=3835"},{"taxonomy":"product_cat","embeddable":true,"href":"https:\/\/port2port.be\/fr\/wp-json\/wp\/v2\/product_cat?post=3835"},{"taxonomy":"product_tag","embeddable":true,"href":"https:\/\/port2port.be\/fr\/wp-json\/wp\/v2\/product_tag?post=3835"},{"taxonomy":"land","embeddable":true,"href":"https:\/\/port2port.be\/fr\/wp-json\/wp\/v2\/land?post=3835"},{"taxonomy":"jaar","embeddable":true,"href":"https:\/\/port2port.be\/fr\/wp-json\/wp\/v2\/jaar?post=3835"}],"curies":[{"name":"wp","href":"https:\/\/api.w.org\/{rel}","templated":true}]}}