{"id":3827,"date":"2026-01-17T20:45:05","date_gmt":"2026-01-17T19:45:05","guid":{"rendered":"https:\/\/port2port.be\/?post_type=product&#038;p=3827"},"modified":"2026-03-26T21:06:37","modified_gmt":"2026-03-26T20:06:37","slug":"2018-chateau-clerc-milon","status":"publish","type":"product","link":"https:\/\/port2port.be\/fr\/produit\/2018-chateau-clerc-milon\/","title":{"rendered":"2018 Ch\u00e2teau Clerc-Milon - Pauillac"},"content":{"rendered":"<h2>Ch\u00e2teau Clerc-Milon 2018 - Puissance luxuriante et \u00e9l\u00e9gance raffin\u00e9e de Pauillac<\/h2>\n<h3>Un mill\u00e9sime riche et concentr\u00e9 sur la rive gauche<\/h3>\n<p>Ch\u00e2teau <a href=\"https:\/\/port2port.be\/fr\/produit\/2015-chateau-clerc-milon\/\">Clerc-Milon<\/a> Le mill\u00e9sime 2018 est un Pauillac profond et expressif, issu d'une saison de croissance chaude et ensoleill\u00e9e. Le mill\u00e9sime a produit des fruits exceptionnellement m\u00fbrs, des tanins velout\u00e9s et une structure cors\u00e9e, sans sacrifier la fra\u00eecheur et la pr\u00e9cision.<\/p>\n<p>Le style est moderne et riche, mais reste fid\u00e8le \u00e0 ses racines pauillacaises : le cassis puissant, le graphite et les \u00e9pices sont parfaitement soutenus par une structure harmonieuse. Le 2018 est d\u00e9j\u00e0 s\u00e9duisant, mais poss\u00e8de \u00e9galement un excellent potentiel pour un long vieillissement en cave.<\/p>\n<h3>Exp\u00e9rience en mati\u00e8re de proc\u00e8s<\/h3>\n<ul>\n<li>Rouge rubis pourpre profond avec un c\u0153ur intense<\/li>\n<li>Ar\u00f4mes de cassis, de cerise noire, de prune, de cacao et de bois de c\u00e8dre.<\/li>\n<li>Bouche ample et velout\u00e9e avec des tanins m\u00fbrs et soyeux.<\/li>\n<li>Finale longue et puissante avec une tension fra\u00eeche de Pauillac<\/li>\n<\/ul>\n<h3>L'histoire du vin<\/h3>\n<ul>\n<li>Cinqui\u00e8me Grand Cru Class\u00e9 avec signature iconique<\/li>\n<li>2018 repr\u00e9sente la maturit\u00e9, la force et la richesse<\/li>\n<li>Equilibre parfait entre concentration et \u00e9l\u00e9gance<\/li>\n<li>Excellent pour une longue maturation en cave<\/li>\n<\/ul>","protected":false},"excerpt":{"rendered":"<h2>2018 - Pauillac puissant avec une profondeur velout\u00e9e<\/h2>\n<ul>\n<li>Un mill\u00e9sime chaud avec une grande concentration de fruits.<\/li>\n<li>Tannins velout\u00e9s et structure cors\u00e9e.<\/li>\n<li>Riche, moderne et parfaitement \u00e9quilibr\u00e9.<\/li>\n<li>Id\u00e9al pour la maturation en cave et les collectionneurs.<\/li>\n<\/ul>","protected":false},"featured_media":3826,"template":"","meta":{"_seopress_robots_primary_cat":"none","_seopress_titles_title":"Ch\u00e2teau Clerc-Milon 2018 \u2013 Pauillac Grand Cru","_seopress_titles_desc":"Ch\u00e2teau Clerc-Milon 2018 is een krachtige Pauillac met rijp zwart fruit, fluweelzachte tannines en uitstekende bewaarkracht.","_seopress_robots_index":"","iawp_total_views":1},"product_brand":[883],"product_cat":[911,945,374,25],"product_tag":[924,930,927],"land":[40],"jaar":[266],"class_list":{"0":"post-3827","1":"product","2":"type-product","3":"status-publish","4":"has-post-thumbnail","6":"product_brand-clerc-milon","7":"product_cat-bordeaux","8":"product_cat-pauillac","9":"product_cat-rode-wijn","10":"product_cat-wijn","11":"product_tag-bordeaux","12":"product_tag-cabernet-sauvignon","13":"product_tag-pauillac","14":"pa_druivensoort-cabernet-franc","15":"pa_druivensoort-cabernet-sauvignon","16":"pa_druivensoort-merlot","17":"pa_eenheid-750-ml","18":"pa_houten-kist-houten-kist-6-flessen","19":"pa_regio-pauillac-bordeaux","20":"land-frankrijk","21":"jaar-266","23":"first","24":"instock","25":"taxable","26":"shipping-taxable","27":"purchasable","28":"product-type-simple"},"jetpack_sharing_enabled":true,"_links":{"self":[{"href":"https:\/\/port2port.be\/fr\/wp-json\/wp\/v2\/product\/3827","targetHints":{"allow":["GET"]}}],"collection":[{"href":"https:\/\/port2port.be\/fr\/wp-json\/wp\/v2\/product"}],"about":[{"href":"https:\/\/port2port.be\/fr\/wp-json\/wp\/v2\/types\/product"}],"wp:featuredmedia":[{"embeddable":true,"href":"https:\/\/port2port.be\/fr\/wp-json\/wp\/v2\/media\/3826"}],"wp:attachment":[{"href":"https:\/\/port2port.be\/fr\/wp-json\/wp\/v2\/media?parent=3827"}],"wp:term":[{"taxonomy":"product_brand","embeddable":true,"href":"https:\/\/port2port.be\/fr\/wp-json\/wp\/v2\/product_brand?post=3827"},{"taxonomy":"product_cat","embeddable":true,"href":"https:\/\/port2port.be\/fr\/wp-json\/wp\/v2\/product_cat?post=3827"},{"taxonomy":"product_tag","embeddable":true,"href":"https:\/\/port2port.be\/fr\/wp-json\/wp\/v2\/product_tag?post=3827"},{"taxonomy":"land","embeddable":true,"href":"https:\/\/port2port.be\/fr\/wp-json\/wp\/v2\/land?post=3827"},{"taxonomy":"jaar","embeddable":true,"href":"https:\/\/port2port.be\/fr\/wp-json\/wp\/v2\/jaar?post=3827"}],"curies":[{"name":"wp","href":"https:\/\/api.w.org\/{rel}","templated":true}]}}