{"id":3822,"date":"2026-01-17T20:10:16","date_gmt":"2026-01-17T19:10:16","guid":{"rendered":"https:\/\/port2port.be\/?post_type=product&#038;p=3822"},"modified":"2026-03-26T21:07:29","modified_gmt":"2026-03-26T20:07:29","slug":"2022-chateau-pontet-canet","status":"publish","type":"product","link":"https:\/\/port2port.be\/fr\/produit\/2022-chateau-pontet-canet\/","title":{"rendered":"2022 Ch\u00e2teau Pontet-Canet - Pauillac"},"content":{"rendered":"<h2>Ch\u00e2teau Pontet-Canet 2022 - Puissance monumentale et intensit\u00e9 pure de Pauillac<\/h2>\n<h3>Un mill\u00e9sime exceptionnellement concentr\u00e9 avec une \u00e9nergie impressionnante<\/h3>\n<p>Ch\u00e2teau <a href=\"https:\/\/port2port.be\/fr\/produit\/2021-chateau-pontet-canet\/\">Pontet-Canet<\/a> Le 2022 est un Pauillac puissant et profond\u00e9ment \u00e9tag\u00e9, issu d'une ann\u00e9e extr\u00eamement chaude et s\u00e8che. Le vin allie une maturit\u00e9 intense \u00e0 une fra\u00eecheur et une pr\u00e9cision surprenantes. La concentration, la structure et l'\u00e9quilibre sont au rendez-vous, sans jamais tomber dans la lourdeur.<\/p>\n<p>Le style est riche et expressif, port\u00e9 par des tanins parfaitement m\u00fbrs et une colonne vert\u00e9brale min\u00e9rale prononc\u00e9e. Le 2022 montre le Pontet-Canet \u00e0 son niveau le plus impressionnant : grand, \u00e9nergique et construit pour une tr\u00e8s longue garde.<\/p>\n<h3>Exp\u00e9rience en mati\u00e8re de proc\u00e8s<\/h3>\n<ul>\n<li>Rouge rubis pourpre profond avec noyau presque opaque<\/li>\n<li>Ar\u00f4mes de cassis, de cerise noire, de graphite, de cacao et d'\u00e9pices.<\/li>\n<li>Bouche puissante et velout\u00e9e avec des tanins compacts.<\/li>\n<li>Finale tr\u00e8s longue et concentr\u00e9e avec une tension fra\u00eeche<\/li>\n<\/ul>\n<h3>L'histoire du vin<\/h3>\n<ul>\n<li>Cinqui\u00e8me Grand Cru Class\u00e9 \u00e0 la r\u00e9putation embl\u00e9matique<\/li>\n<li>2022 est synonyme d'intensit\u00e9, d'\u00e9nergie et de pers\u00e9v\u00e9rance.<\/li>\n<li>Une expression pure de Pauillac avec une structure profonde bas\u00e9e sur le terroir.<\/li>\n<li>Un vin de longue garde et de collection<\/li>\n<\/ul>","protected":false},"excerpt":{"rendered":"<h2>2022 - Pauillac puissant avec une profondeur exceptionnelle<\/h2>\n<ul>\n<li>Un mill\u00e9sime extr\u00eame avec une grande concentration et un fruit m\u00fbr.<\/li>\n<li>Tannins velout\u00e9s et structure impressionnante.<\/li>\n<li>Riche, \u00e9nergique et parfaitement \u00e9quilibr\u00e9.<\/li>\n<li>Excellent potentiel de stockage \u00e0 long terme.<\/li>\n<\/ul>","protected":false},"featured_media":3820,"template":"","meta":{"_seopress_robots_primary_cat":"none","_seopress_titles_title":"Ch\u00e2teau Pontet-Canet 2022 \u2013 Pauillac Grand Cru","_seopress_titles_desc":"Ch\u00e2teau Pontet-Canet 2022 is een krachtige Pauillac met diepe concentratie, fluweelzachte tannines en uitzonderlijk bewaarpotentieel.","_seopress_robots_index":"","iawp_total_views":9},"product_brand":[877],"product_cat":[911,945,374,25],"product_tag":[924,930,927],"land":[40],"jaar":[334],"class_list":{"0":"post-3822","1":"product","2":"type-product","3":"status-publish","4":"has-post-thumbnail","6":"product_brand-pontet-canet","7":"product_cat-bordeaux","8":"product_cat-pauillac","9":"product_cat-rode-wijn","10":"product_cat-wijn","11":"product_tag-bordeaux","12":"product_tag-cabernet-sauvignon","13":"product_tag-pauillac","14":"pa_druivensoort-cabernet-franc","15":"pa_druivensoort-cabernet-sauvignon","16":"pa_druivensoort-merlot","17":"pa_eenheid-750-ml","18":"pa_houten-kist-houten-kist-6-flessen","19":"pa_regio-pauillac-bordeaux","20":"land-frankrijk","21":"jaar-334","23":"first","24":"instock","25":"taxable","26":"shipping-taxable","27":"purchasable","28":"product-type-simple"},"jetpack_sharing_enabled":true,"_links":{"self":[{"href":"https:\/\/port2port.be\/fr\/wp-json\/wp\/v2\/product\/3822","targetHints":{"allow":["GET"]}}],"collection":[{"href":"https:\/\/port2port.be\/fr\/wp-json\/wp\/v2\/product"}],"about":[{"href":"https:\/\/port2port.be\/fr\/wp-json\/wp\/v2\/types\/product"}],"wp:featuredmedia":[{"embeddable":true,"href":"https:\/\/port2port.be\/fr\/wp-json\/wp\/v2\/media\/3820"}],"wp:attachment":[{"href":"https:\/\/port2port.be\/fr\/wp-json\/wp\/v2\/media?parent=3822"}],"wp:term":[{"taxonomy":"product_brand","embeddable":true,"href":"https:\/\/port2port.be\/fr\/wp-json\/wp\/v2\/product_brand?post=3822"},{"taxonomy":"product_cat","embeddable":true,"href":"https:\/\/port2port.be\/fr\/wp-json\/wp\/v2\/product_cat?post=3822"},{"taxonomy":"product_tag","embeddable":true,"href":"https:\/\/port2port.be\/fr\/wp-json\/wp\/v2\/product_tag?post=3822"},{"taxonomy":"land","embeddable":true,"href":"https:\/\/port2port.be\/fr\/wp-json\/wp\/v2\/land?post=3822"},{"taxonomy":"jaar","embeddable":true,"href":"https:\/\/port2port.be\/fr\/wp-json\/wp\/v2\/jaar?post=3822"}],"curies":[{"name":"wp","href":"https:\/\/api.w.org\/{rel}","templated":true}]}}