{"id":3811,"date":"2026-01-17T13:55:09","date_gmt":"2026-01-17T12:55:09","guid":{"rendered":"https:\/\/port2port.be\/?post_type=product&#038;p=3811"},"modified":"2026-03-26T21:06:30","modified_gmt":"2026-03-26T20:06:30","slug":"2017-clos-du-marquis","status":"publish","type":"product","link":"https:\/\/port2port.be\/fr\/produit\/2017-clos-du-marquis\/","title":{"rendered":"2017 Clos du Marquis - Saint-Julien"},"content":{"rendered":"<h2>Clos du Marquis 2017 - Raffinement et \u00e9quilibre classique de Saint-Julien<\/h2>\n<h3>Un Bordeaux \u00e9l\u00e9gant issu d'une ann\u00e9e de pr\u00e9cision<\/h3>\n<p><a href=\"https:\/\/port2port.be\/fr\/produit\/2016-clos-du-marquis\/\">Clos du Marquis<\/a> Le mill\u00e9sime 2017 pr\u00e9sente un style sobre et raffin\u00e9, ax\u00e9 sur la fra\u00eecheur et la structure. Le mill\u00e9sime a livr\u00e9 des vins \u00e0 l'expression fruit\u00e9e \u00e9clatante, aux tanins fins et \u00e0 la structure serr\u00e9e et harmonieuse. Il en r\u00e9sulte un Saint-Julien qui s\u00e9duit par son \u00e9l\u00e9gance et sa puret\u00e9 de consommation.<\/p>\n<p>Le vin se concentre moins sur la puissance pure et plus sur l'\u00e9quilibre et la finesse. Cela rend le 2017 particuli\u00e8rement attrayant pour les amateurs de Bordeaux classiques avec une signature pr\u00e9cise et fra\u00eeche.<\/p>\n<h3>Exp\u00e9rience en mati\u00e8re de proc\u00e8s<\/h3>\n<ul>\n<li>Rouge rubis brillant avec des reflets vifs<\/li>\n<li>Ar\u00f4mes de groseille, de cerise, de graphite et d'\u00e9pices subtiles.<\/li>\n<li>Corps moyen avec des tannins soyeux et raffin\u00e9s.<\/li>\n<li>Finale fra\u00eeche et \u00e9l\u00e9gante avec une belle longueur<\/li>\n<\/ul>\n<h3>L'histoire du vin<\/h3>\n<ul>\n<li>Le style classique de Saint-Julien, ax\u00e9 sur la finesse<\/li>\n<li>2017 met en valeur la fra\u00eecheur et la pr\u00e9cision de la consommation<\/li>\n<li>Harmonieusement construit et accessible aux jeunes<\/li>\n<li>Apte \u00e0 une maturation \u00e0 moyen terme<\/li>\n<\/ul>","protected":false},"excerpt":{"rendered":"<h2>2017 - L'\u00e9l\u00e9gance subtile de Saint-Julien<\/h2>\n<ul>\n<li>Un Saint-Julien raffin\u00e9, \u00e0 l'\u00e9quilibre frais.<\/li>\n<li>Fruits rouges brillants et \u00e9pices douces.<\/li>\n<li>Tannins fins et structure \u00e9l\u00e9gante.<\/li>\n<li>Id\u00e9al pour les amateurs de Bordeaux classique.<\/li>\n<\/ul>","protected":false},"featured_media":3806,"template":"","meta":{"_seopress_robots_primary_cat":"none","_seopress_titles_title":"Clos du Marquis 2017 \u2013 Saint-Julien Bordeaux","_seopress_titles_desc":"Clos du Marquis 2017 is een elegante Saint-Julien met fris rood fruit, verfijnde tannines en klassieke Bordeaux-balans.","_seopress_robots_index":"","iawp_total_views":3},"product_brand":[872],"product_cat":[911,374,946,25],"product_tag":[924,928],"land":[40],"jaar":[58],"class_list":{"0":"post-3811","1":"product","2":"type-product","3":"status-publish","4":"has-post-thumbnail","6":"product_brand-clos-du-marquis","7":"product_cat-bordeaux","8":"product_cat-rode-wijn","9":"product_cat-saint-julien","10":"product_cat-wijn","11":"product_tag-bordeaux","12":"product_tag-saint-julien","13":"pa_druivensoort-cabernet-franc","14":"pa_druivensoort-cabernet-sauvignon","15":"pa_druivensoort-merlot","16":"pa_eenheid-750-ml","17":"pa_houten-kist-houten-kist-6-flessen","18":"pa_regio-bordeaux-saint-julien","19":"land-frankrijk","20":"jaar-58","22":"first","23":"instock","24":"taxable","25":"shipping-taxable","26":"purchasable","27":"product-type-simple"},"jetpack_sharing_enabled":true,"_links":{"self":[{"href":"https:\/\/port2port.be\/fr\/wp-json\/wp\/v2\/product\/3811","targetHints":{"allow":["GET"]}}],"collection":[{"href":"https:\/\/port2port.be\/fr\/wp-json\/wp\/v2\/product"}],"about":[{"href":"https:\/\/port2port.be\/fr\/wp-json\/wp\/v2\/types\/product"}],"wp:featuredmedia":[{"embeddable":true,"href":"https:\/\/port2port.be\/fr\/wp-json\/wp\/v2\/media\/3806"}],"wp:attachment":[{"href":"https:\/\/port2port.be\/fr\/wp-json\/wp\/v2\/media?parent=3811"}],"wp:term":[{"taxonomy":"product_brand","embeddable":true,"href":"https:\/\/port2port.be\/fr\/wp-json\/wp\/v2\/product_brand?post=3811"},{"taxonomy":"product_cat","embeddable":true,"href":"https:\/\/port2port.be\/fr\/wp-json\/wp\/v2\/product_cat?post=3811"},{"taxonomy":"product_tag","embeddable":true,"href":"https:\/\/port2port.be\/fr\/wp-json\/wp\/v2\/product_tag?post=3811"},{"taxonomy":"land","embeddable":true,"href":"https:\/\/port2port.be\/fr\/wp-json\/wp\/v2\/land?post=3811"},{"taxonomy":"jaar","embeddable":true,"href":"https:\/\/port2port.be\/fr\/wp-json\/wp\/v2\/jaar?post=3811"}],"curies":[{"name":"wp","href":"https:\/\/api.w.org\/{rel}","templated":true}]}}