{"id":3810,"date":"2026-01-17T13:46:11","date_gmt":"2026-01-17T12:46:11","guid":{"rendered":"https:\/\/port2port.be\/?post_type=product&#038;p=3810"},"modified":"2026-03-26T21:06:18","modified_gmt":"2026-03-26T20:06:18","slug":"2016-clos-du-marquis","status":"publish","type":"product","link":"https:\/\/port2port.be\/fr\/produit\/2016-clos-du-marquis\/","title":{"rendered":"2016 Clos du Marquis - Saint-Julien"},"content":{"rendered":"<h2>Clos du Marquis 2016 - Un Saint-Julien classique avec de la profondeur et de la pr\u00e9cision<\/h2>\n<h3>Une ann\u00e9e de r\u00e9f\u00e9rence dans le style bordelais sophistiqu\u00e9<\/h3>\n<p><a href=\"https:\/\/port2port.be\/fr\/produit\/2022-clos-du-marquis\/\">Clos du Marquis<\/a> Le 2016 est un Saint-Julien \u00e9l\u00e9gant et \u00e9tag\u00e9 issu d'un mill\u00e9sime bordelais exceptionnel. Le mill\u00e9sime 2016 est connu pour son \u00e9quilibre parfait entre maturit\u00e9, fra\u00eecheur et structure, ce qui donne un vin au charme imm\u00e9diat et au potentiel de vieillissement impressionnant.<\/p>\n<p>Le style est classique et pr\u00e9cis : un fruit \u00e9clatant, des tanins raffin\u00e9s et une structure harmonieuse en font un vin accessible d\u00e8s maintenant mais qui se d\u00e9veloppera magnifiquement pendant de nombreuses ann\u00e9es.<\/p>\n<h3>Exp\u00e9rience en mati\u00e8re de proc\u00e8s<\/h3>\n<ul>\n<li>Rouge rubis profond aux reflets vifs<\/li>\n<li>Ar\u00f4mes de cassis, de cerise, de graphite et d'\u00e9pices subtiles.<\/li>\n<li>Moyennement cors\u00e9 \u00e0 cors\u00e9 avec des tannins fins et soyeux<\/li>\n<li>Finale \u00e9l\u00e9gante et longue avec une tension fra\u00eeche<\/li>\n<\/ul>\n<h3>L'histoire du vin<\/h3>\n<ul>\n<li>Saint-Julien \u00e0 l'\u00e9quilibre et \u00e0 la finesse classiques<\/li>\n<li>2016, ann\u00e9e de r\u00e9f\u00e9rence pour Bordeaux<\/li>\n<li>Priorit\u00e9 \u00e0 la puret\u00e9, \u00e0 la structure et \u00e0 la pr\u00e9cision de la consommation<\/li>\n<li>Excellent pour une maturation moyenne \u00e0 longue<\/li>\n<\/ul>","protected":false},"excerpt":{"rendered":"<h2>2016 - Harmonie et \u00e9l\u00e9gance \u00e0 Saint-Julien<\/h2>\n<ul>\n<li>Ann\u00e9e de r\u00e9f\u00e9rence 2016 avec un \u00e9quilibre parfait.<\/li>\n<li>Fruits \u00e9clatants et tannins raffin\u00e9s.<\/li>\n<li>Un style bordelais classique tout en finesse.<\/li>\n<li>Id\u00e9al pour l'instant et pour une garde plus longue.<\/li>\n<\/ul>","protected":false},"featured_media":3806,"template":"","meta":{"_seopress_robots_primary_cat":"none","_seopress_titles_title":"Clos du Marquis 2016 \u2013 Saint-Julien Bordeaux","_seopress_titles_desc":"Clos du Marquis 2016 is een elegante Saint-Julien uit topjaar 2016 met rijp fruit, verfijnde tannines en klassieke Bordeaux-balans.","_seopress_robots_index":"","iawp_total_views":0},"product_brand":[872],"product_cat":[911,374,946,25],"product_tag":[924,928],"land":[40],"jaar":[263],"class_list":{"0":"post-3810","1":"product","2":"type-product","3":"status-publish","4":"has-post-thumbnail","6":"product_brand-clos-du-marquis","7":"product_cat-bordeaux","8":"product_cat-rode-wijn","9":"product_cat-saint-julien","10":"product_cat-wijn","11":"product_tag-bordeaux","12":"product_tag-saint-julien","13":"pa_druivensoort-cabernet-franc","14":"pa_druivensoort-cabernet-sauvignon","15":"pa_druivensoort-merlot","16":"pa_eenheid-750-ml","17":"pa_houten-kist-houten-kist-6-flessen","18":"pa_regio-bordeaux-saint-julien","19":"land-frankrijk","20":"jaar-263","22":"first","23":"instock","24":"taxable","25":"shipping-taxable","26":"purchasable","27":"product-type-simple"},"jetpack_sharing_enabled":true,"_links":{"self":[{"href":"https:\/\/port2port.be\/fr\/wp-json\/wp\/v2\/product\/3810","targetHints":{"allow":["GET"]}}],"collection":[{"href":"https:\/\/port2port.be\/fr\/wp-json\/wp\/v2\/product"}],"about":[{"href":"https:\/\/port2port.be\/fr\/wp-json\/wp\/v2\/types\/product"}],"wp:featuredmedia":[{"embeddable":true,"href":"https:\/\/port2port.be\/fr\/wp-json\/wp\/v2\/media\/3806"}],"wp:attachment":[{"href":"https:\/\/port2port.be\/fr\/wp-json\/wp\/v2\/media?parent=3810"}],"wp:term":[{"taxonomy":"product_brand","embeddable":true,"href":"https:\/\/port2port.be\/fr\/wp-json\/wp\/v2\/product_brand?post=3810"},{"taxonomy":"product_cat","embeddable":true,"href":"https:\/\/port2port.be\/fr\/wp-json\/wp\/v2\/product_cat?post=3810"},{"taxonomy":"product_tag","embeddable":true,"href":"https:\/\/port2port.be\/fr\/wp-json\/wp\/v2\/product_tag?post=3810"},{"taxonomy":"land","embeddable":true,"href":"https:\/\/port2port.be\/fr\/wp-json\/wp\/v2\/land?post=3810"},{"taxonomy":"jaar","embeddable":true,"href":"https:\/\/port2port.be\/fr\/wp-json\/wp\/v2\/jaar?post=3810"}],"curies":[{"name":"wp","href":"https:\/\/api.w.org\/{rel}","templated":true}]}}