{"id":3803,"date":"2026-01-17T13:25:51","date_gmt":"2026-01-17T12:25:51","guid":{"rendered":"https:\/\/port2port.be\/?post_type=product&#038;p=3803"},"modified":"2026-03-26T21:07:04","modified_gmt":"2026-03-26T20:07:04","slug":"2018-chateau-lascombes-margaux-kopie","status":"publish","type":"product","link":"https:\/\/port2port.be\/fr\/produit\/2018-chateau-lascombes-margaux-copie\/","title":{"rendered":"2020 Ch\u00e2teau Lascombes - Margaux"},"content":{"rendered":"<h2>Ch\u00e2teau Lascombes 2020 - Energie, pr\u00e9cision et puissance moderne de Margaux<\/h2>\n<h3>Un mill\u00e9sime vif et parfaitement \u00e9quilibr\u00e9<\/h3>\n<p>Ch\u00e2teau <a href=\"https:\/\/port2port.be\/fr\/produit\/2018-chateau-lascombes-margaux\/\">Lascombes<\/a> 2020 montre une interpr\u00e9tation fra\u00eeche et dynamique de Margaux dans laquelle la maturit\u00e9 et l'\u00e9l\u00e9gance vont de pair. Le mill\u00e9sime offre un fruit \u00e9clatant, une acidit\u00e9 vive et une structure bien d\u00e9finie, ce qui donne un vin avec de la tension, de la profondeur et du raffinement.<\/p>\n<p>Le style est puissant mais sobre : le fruit concentr\u00e9 est port\u00e9 par des tanins fins et un bois\u00e9 pr\u00e9cis. D\u00e9j\u00e0 s\u00e9duisant aujourd'hui, 2020 a tous les atouts pour un vieillissement long et harmonieux.<\/p>\n<h3>Exp\u00e9rience en mati\u00e8re de proc\u00e8s<\/h3>\n<ul>\n<li>Rouge rubis profond avec des reflets violets<\/li>\n<li>Ar\u00f4mes de cerise noire, de cassis, de violette et d'\u00e9pices subtiles.<\/li>\n<li>Bouche ronde et raffin\u00e9e avec des tanins serr\u00e9s et m\u00fbrs.<\/li>\n<li>Finale longue et fra\u00eeche avec une tension \u00e9l\u00e9gante<\/li>\n<\/ul>\n<h3>L'histoire du vin<\/h3>\n<ul>\n<li>Deuxi\u00e8me Grand Cru Class\u00e9 avec une pr\u00e9cision moderne<\/li>\n<li>2020 est synonyme de fra\u00eecheur, d'\u00e9quilibre et d'\u00e9nergie<\/li>\n<li>Un style Margaux riche avec une structure raffin\u00e9e<\/li>\n<li>Convient \u00e0 une mise en vente imm\u00e9diate et \u00e0 une longue conservation<\/li>\n<\/ul>","protected":false},"excerpt":{"rendered":"<h2>2020 - Puissance fra\u00eeche et structure \u00e9l\u00e9gante de Margaux<\/h2>\n<ul>\n<li>Margaux \u00e9quilibr\u00e9 et d'une grande fra\u00eecheur.<\/li>\n<li>Fruits \u00e9clatants et tannins raffin\u00e9s.<\/li>\n<li>Un style moderne avec une \u00e9l\u00e9gance classique.<\/li>\n<li>Excellent potentiel de stockage.<\/li>\n<\/ul>","protected":false},"featured_media":3790,"template":"","meta":{"_seopress_robots_primary_cat":"none","_seopress_titles_title":"Ch\u00e2teau Lascombes 2020 \u2013 Margaux Grand Cru Class\u00e9","_seopress_titles_desc":"Ch\u00e2teau Lascombes 2020 is een evenwichtige Margaux met fris fruit, verfijnde tannines en elegante spanning. Moderne Bordeaux met bewaarpotentieel.","_seopress_robots_index":"","iawp_total_views":1},"product_brand":[870],"product_cat":[911,948,374,25],"product_tag":[924,930,941],"land":[40],"jaar":[38],"class_list":{"0":"post-3803","1":"product","2":"type-product","3":"status-publish","4":"has-post-thumbnail","6":"product_brand-lascombes","7":"product_cat-bordeaux","8":"product_cat-margaux","9":"product_cat-rode-wijn","10":"product_cat-wijn","11":"product_tag-bordeaux","12":"product_tag-cabernet-sauvignon","13":"product_tag-margaux","14":"pa_druivensoort-cabernet-sauvignon","15":"pa_druivensoort-merlot","16":"pa_druivensoort-petit-verdot","17":"pa_eenheid-750-ml","18":"pa_houten-kist-houten-kist-6-flessen","19":"pa_regio-margaux-bordeaux","20":"land-frankrijk","21":"jaar-38","23":"first","24":"instock","25":"taxable","26":"shipping-taxable","27":"purchasable","28":"product-type-simple"},"jetpack_sharing_enabled":true,"_links":{"self":[{"href":"https:\/\/port2port.be\/fr\/wp-json\/wp\/v2\/product\/3803","targetHints":{"allow":["GET"]}}],"collection":[{"href":"https:\/\/port2port.be\/fr\/wp-json\/wp\/v2\/product"}],"about":[{"href":"https:\/\/port2port.be\/fr\/wp-json\/wp\/v2\/types\/product"}],"wp:featuredmedia":[{"embeddable":true,"href":"https:\/\/port2port.be\/fr\/wp-json\/wp\/v2\/media\/3790"}],"wp:attachment":[{"href":"https:\/\/port2port.be\/fr\/wp-json\/wp\/v2\/media?parent=3803"}],"wp:term":[{"taxonomy":"product_brand","embeddable":true,"href":"https:\/\/port2port.be\/fr\/wp-json\/wp\/v2\/product_brand?post=3803"},{"taxonomy":"product_cat","embeddable":true,"href":"https:\/\/port2port.be\/fr\/wp-json\/wp\/v2\/product_cat?post=3803"},{"taxonomy":"product_tag","embeddable":true,"href":"https:\/\/port2port.be\/fr\/wp-json\/wp\/v2\/product_tag?post=3803"},{"taxonomy":"land","embeddable":true,"href":"https:\/\/port2port.be\/fr\/wp-json\/wp\/v2\/land?post=3803"},{"taxonomy":"jaar","embeddable":true,"href":"https:\/\/port2port.be\/fr\/wp-json\/wp\/v2\/jaar?post=3803"}],"curies":[{"name":"wp","href":"https:\/\/api.w.org\/{rel}","templated":true}]}}