{"id":3802,"date":"2026-01-17T13:20:41","date_gmt":"2026-01-17T12:20:41","guid":{"rendered":"https:\/\/port2port.be\/?post_type=product&#038;p=3802"},"modified":"2026-03-26T21:06:43","modified_gmt":"2026-03-26T20:06:43","slug":"2018-chateau-lascombes-margaux","status":"publish","type":"product","link":"https:\/\/port2port.be\/fr\/produit\/2018-chateau-lascombes-margaux\/","title":{"rendered":"2018 Ch\u00e2teau Lascombes - Margaux"},"content":{"rendered":"<h2>Ch\u00e2teau Lascombes 2018 - Puissance opulente et allure moderne de Margaux<\/h2>\n<h3>Un mill\u00e9sime riche et expressif, d'une grande concentration<\/h3>\n<p>Ch\u00e2teau <a href=\"https:\/\/port2port.be\/fr\/produit\/2017-chateau-lascombes-margaux\/\">Lascombes<\/a> Le mill\u00e9sime 2018 est un Margaux puissant et g\u00e9n\u00e9reux, issu d'une saison de croissance chaude et m\u00fbre. Ce mill\u00e9sime est connu pour son intensit\u00e9, sa texture velout\u00e9e et son expression fruit\u00e9e profonde, sans perdre le raffinement qui fait aimer Margaux.<\/p>\n<p>Le vin allie des fruits noirs m\u00fbrs \u00e0 une structure cr\u00e9meuse et \u00e0 des tanins parfaitement int\u00e9gr\u00e9s. 2018 est s\u00e9duisant dans sa jeunesse, mais poss\u00e8de \u00e9galement les \u00e9l\u00e9ments n\u00e9cessaires \u00e0 un vieillissement long et harmonieux.<\/p>\n<h3>Exp\u00e9rience en mati\u00e8re de proc\u00e8s<\/h3>\n<ul>\n<li>Rouge rubis pourpre profond avec noyau fonc\u00e9<\/li>\n<li>Ar\u00f4mes de cerise noire, de prune, de cassis, de cacao et de vanille.<\/li>\n<li>Bouche pleine et ronde avec des tanins velout\u00e9s.<\/li>\n<li>Finale longue et chaleureuse avec d'\u00e9l\u00e9gantes notes de bois<\/li>\n<\/ul>\n<h3>L'histoire du vin<\/h3>\n<ul>\n<li>Deuxi\u00e8me Grand Cru Class\u00e9 avec signature moderne<\/li>\n<li>2018 repr\u00e9sente la maturit\u00e9, la force et l'opulence<\/li>\n<li>Un style Margaux riche et une allure internationale<\/li>\n<li>Convient \u00e0 une mise en vente imm\u00e9diate et \u00e0 une longue conservation<\/li>\n<\/ul>","protected":false},"excerpt":{"rendered":"<h2>2018 - Margaux riche avec une profondeur s\u00e9duisante<\/h2>\n<ul>\n<li>Un mill\u00e9sime chaud avec une concentration profonde et un fruit m\u00fbr.<\/li>\n<li>Un style cors\u00e9 et cr\u00e9meux avec des tannins velout\u00e9s.<\/li>\n<li>Expressif et puissant, mais \u00e9l\u00e9gamment \u00e9quilibr\u00e9.<\/li>\n<li>Id\u00e9al pour les amateurs de Bordeaux riche.<\/li>\n<\/ul>","protected":false},"featured_media":3790,"template":"","meta":{"_seopress_robots_primary_cat":"none","_seopress_titles_title":"Ch\u00e2teau Lascombes 2018 \u2013 Margaux Grand Cru Class\u00e9","_seopress_titles_desc":"Ch\u00e2teau Lascombes 2018 is een rijke Margaux met rijp zwart fruit, fluweelzachte tannines en een lange, warme afdronk.","_seopress_robots_index":"","iawp_total_views":0},"product_brand":[870],"product_cat":[911,948,374,25],"product_tag":[924,930,941],"land":[40],"jaar":[266],"class_list":{"0":"post-3802","1":"product","2":"type-product","3":"status-publish","4":"has-post-thumbnail","6":"product_brand-lascombes","7":"product_cat-bordeaux","8":"product_cat-margaux","9":"product_cat-rode-wijn","10":"product_cat-wijn","11":"product_tag-bordeaux","12":"product_tag-cabernet-sauvignon","13":"product_tag-margaux","14":"pa_druivensoort-cabernet-sauvignon","15":"pa_druivensoort-merlot","16":"pa_druivensoort-petit-verdot","17":"pa_eenheid-750-ml","18":"pa_houten-kist-houten-kist-6-flessen","19":"pa_regio-margaux-bordeaux","20":"land-frankrijk","21":"jaar-266","23":"first","24":"instock","25":"taxable","26":"shipping-taxable","27":"purchasable","28":"product-type-simple"},"jetpack_sharing_enabled":true,"_links":{"self":[{"href":"https:\/\/port2port.be\/fr\/wp-json\/wp\/v2\/product\/3802","targetHints":{"allow":["GET"]}}],"collection":[{"href":"https:\/\/port2port.be\/fr\/wp-json\/wp\/v2\/product"}],"about":[{"href":"https:\/\/port2port.be\/fr\/wp-json\/wp\/v2\/types\/product"}],"wp:featuredmedia":[{"embeddable":true,"href":"https:\/\/port2port.be\/fr\/wp-json\/wp\/v2\/media\/3790"}],"wp:attachment":[{"href":"https:\/\/port2port.be\/fr\/wp-json\/wp\/v2\/media?parent=3802"}],"wp:term":[{"taxonomy":"product_brand","embeddable":true,"href":"https:\/\/port2port.be\/fr\/wp-json\/wp\/v2\/product_brand?post=3802"},{"taxonomy":"product_cat","embeddable":true,"href":"https:\/\/port2port.be\/fr\/wp-json\/wp\/v2\/product_cat?post=3802"},{"taxonomy":"product_tag","embeddable":true,"href":"https:\/\/port2port.be\/fr\/wp-json\/wp\/v2\/product_tag?post=3802"},{"taxonomy":"land","embeddable":true,"href":"https:\/\/port2port.be\/fr\/wp-json\/wp\/v2\/land?post=3802"},{"taxonomy":"jaar","embeddable":true,"href":"https:\/\/port2port.be\/fr\/wp-json\/wp\/v2\/jaar?post=3802"}],"curies":[{"name":"wp","href":"https:\/\/api.w.org\/{rel}","templated":true}]}}