{"id":3801,"date":"2026-01-17T13:16:58","date_gmt":"2026-01-17T12:16:58","guid":{"rendered":"https:\/\/port2port.be\/?post_type=product&#038;p=3801"},"modified":"2026-03-26T21:06:25","modified_gmt":"2026-03-26T20:06:25","slug":"2017-chateau-lascombes-margaux","status":"publish","type":"product","link":"https:\/\/port2port.be\/fr\/produit\/2017-chateau-lascombes-margaux\/","title":{"rendered":"2017 Ch\u00e2teau Lascombes - Margaux"},"content":{"rendered":"<h2>Ch\u00e2teau Lascombes 2017 - El\u00e9gance, fra\u00eecheur et raffinement du style Margaux<\/h2>\n<h3>Une ann\u00e9e subtile et harmonieuse \u00e0 l'allure classique<\/h3>\n<p>Ch\u00e2teau <a href=\"https:\/\/port2port.be\/fr\/produit\/2016-chateau-lascombes-margaux\/\">Lascombes<\/a> Le mill\u00e9sime 2017 montre une facette plus discr\u00e8te et plus raffin\u00e9e de Margaux. Le mill\u00e9sime est caract\u00e9ris\u00e9 par la fra\u00eecheur, la pr\u00e9cision et l'\u00e9quilibre, ce qui donne un vin qui s'appuie moins sur la puissance et d'autant plus sur la finesse et la puret\u00e9 de consommation.<\/p>\n<p>Le vin est \u00e9l\u00e9gamment construit, avec un fruit \u00e9clatant, des tanins souples et une structure fra\u00eeche. Le 2017 est un mill\u00e9sime qui s\u00e9duit par son accessibilit\u00e9, tout en ayant suffisamment de profondeur pour se d\u00e9velopper agr\u00e9ablement en bouteille.<\/p>\n<h3>Exp\u00e9rience en mati\u00e8re de proc\u00e8s<\/h3>\n<ul>\n<li>Rouge rubis brillant avec des reflets vifs<\/li>\n<li>Ar\u00f4mes de cerise rouge, de framboise, de violette et d'\u00e9pices l\u00e9g\u00e8res.<\/li>\n<li>Bouche souple et raffin\u00e9e avec des tanins doux.<\/li>\n<li>Finale fra\u00eeche et \u00e9l\u00e9gante avec un bel \u00e9quilibre<\/li>\n<\/ul>\n<h3>L'histoire du vin<\/h3>\n<ul>\n<li>Deuxi\u00e8me Grand Cru Class\u00e9 de Margaux<\/li>\n<li>2017 est synonyme de finesse, de fra\u00eecheur et d'\u00e9l\u00e9gance<\/li>\n<li>Style classique de Margaux avec une pr\u00e9cision moderne<\/li>\n<li>Id\u00e9al pour les amateurs de Bordeaux subtil<\/li>\n<\/ul>","protected":false},"excerpt":{"rendered":"<h2>2017 - Margaux raffin\u00e9 avec une pr\u00e9cision fra\u00eeche<\/h2>\n<ul>\n<li>Un Margaux \u00e9l\u00e9gant issu d'une ann\u00e9e difficile.<\/li>\n<li>Fruits rouges frais et notes florales.<\/li>\n<li>Tanins souples et structure harmonieuse.<\/li>\n<li>Accessible d\u00e8s maintenant, avec un beau potentiel de vieillissement.<\/li>\n<\/ul>","protected":false},"featured_media":3790,"template":"","meta":{"_seopress_robots_primary_cat":"none","_seopress_titles_title":"Ch\u00e2teau Lascombes 2017 \u2013 Margaux Grand Cru Class\u00e9","_seopress_titles_desc":"Ch\u00e2teau Lascombes 2017 is een elegante Margaux met fris rood fruit, zachte tannines en verfijnde Bordeaux-balans.","_seopress_robots_index":"","iawp_total_views":2},"product_brand":[870],"product_cat":[911,948,374,25],"product_tag":[924,930,941],"land":[40],"jaar":[58],"class_list":{"0":"post-3801","1":"product","2":"type-product","3":"status-publish","4":"has-post-thumbnail","6":"product_brand-lascombes","7":"product_cat-bordeaux","8":"product_cat-margaux","9":"product_cat-rode-wijn","10":"product_cat-wijn","11":"product_tag-bordeaux","12":"product_tag-cabernet-sauvignon","13":"product_tag-margaux","14":"pa_druivensoort-cabernet-sauvignon","15":"pa_druivensoort-merlot","16":"pa_druivensoort-petit-verdot","17":"pa_eenheid-750-ml","18":"pa_houten-kist-houten-kist-6-flessen","19":"pa_regio-margaux-bordeaux","20":"land-frankrijk","21":"jaar-58","23":"first","24":"instock","25":"taxable","26":"shipping-taxable","27":"purchasable","28":"product-type-simple"},"jetpack_sharing_enabled":true,"_links":{"self":[{"href":"https:\/\/port2port.be\/fr\/wp-json\/wp\/v2\/product\/3801","targetHints":{"allow":["GET"]}}],"collection":[{"href":"https:\/\/port2port.be\/fr\/wp-json\/wp\/v2\/product"}],"about":[{"href":"https:\/\/port2port.be\/fr\/wp-json\/wp\/v2\/types\/product"}],"wp:featuredmedia":[{"embeddable":true,"href":"https:\/\/port2port.be\/fr\/wp-json\/wp\/v2\/media\/3790"}],"wp:attachment":[{"href":"https:\/\/port2port.be\/fr\/wp-json\/wp\/v2\/media?parent=3801"}],"wp:term":[{"taxonomy":"product_brand","embeddable":true,"href":"https:\/\/port2port.be\/fr\/wp-json\/wp\/v2\/product_brand?post=3801"},{"taxonomy":"product_cat","embeddable":true,"href":"https:\/\/port2port.be\/fr\/wp-json\/wp\/v2\/product_cat?post=3801"},{"taxonomy":"product_tag","embeddable":true,"href":"https:\/\/port2port.be\/fr\/wp-json\/wp\/v2\/product_tag?post=3801"},{"taxonomy":"land","embeddable":true,"href":"https:\/\/port2port.be\/fr\/wp-json\/wp\/v2\/land?post=3801"},{"taxonomy":"jaar","embeddable":true,"href":"https:\/\/port2port.be\/fr\/wp-json\/wp\/v2\/jaar?post=3801"}],"curies":[{"name":"wp","href":"https:\/\/api.w.org\/{rel}","templated":true}]}}