{"id":3797,"date":"2026-01-17T13:08:25","date_gmt":"2026-01-17T12:08:25","guid":{"rendered":"https:\/\/port2port.be\/?post_type=product&#038;p=3797"},"modified":"2026-03-26T21:06:11","modified_gmt":"2026-03-26T20:06:11","slug":"2015-chateau-lascombes-margaux","status":"publish","type":"product","link":"https:\/\/port2port.be\/fr\/produit\/2015-chateau-lascombes-margaux\/","title":{"rendered":"2015 Ch\u00e2teau Lascombes - Margaux"},"content":{"rendered":"<h2>Ch\u00e2teau Lascombes 2015 - Un Margaux luxuriant, puissant et charmant<\/h2>\n<h3>Un Grand Cru riche et expressif issu d'un excellent mill\u00e9sime.<\/h3>\n<p>Ch\u00e2teau <a href=\"https:\/\/port2port.be\/fr\/produit\/2022-chateau-lascombes-margaux\/\">Lascombes<\/a> 2015 est un Margaux ample et s\u00e9duisant o\u00f9 maturit\u00e9, structure et \u00e9l\u00e9gance se conjuguent. L'exceptionnel mill\u00e9sime 2015 de Bordeaux a livr\u00e9 des vins \u00e0 la concentration et aux tanins velout\u00e9s, parfaitement refl\u00e9t\u00e9s dans ce style \u00e9tag\u00e9 et g\u00e9n\u00e9reux.<\/p>\n<p>Le vin pr\u00e9sente une interpr\u00e9tation moderne de Margaux : un fruit intense, une texture cr\u00e9meuse et une structure puissante mais accessible. Id\u00e9al pour les amateurs de Bordeaux riches, avec un attrait imm\u00e9diat et un potentiel de stockage.<\/p>\n<h3>Exp\u00e9rience en mati\u00e8re de proc\u00e8s<\/h3>\n<ul>\n<li>Rouge rubis profond avec des reflets violets<\/li>\n<li>Ar\u00f4mes de cerise noire, de prune, de cacao, de vanille et d'\u00e9pices subtiles.<\/li>\n<li>Bouche pleine et ronde avec des tanins velout\u00e9s.<\/li>\n<li>Finition longue et chaleureuse avec une int\u00e9gration \u00e9l\u00e9gante du bois<\/li>\n<\/ul>\n<h3>L'histoire du vin<\/h3>\n<ul>\n<li>Deuxi\u00e8me Grand Cru Class\u00e9 de Margaux<\/li>\n<li>2015 repr\u00e9sente la maturit\u00e9, l'\u00e9quilibre et la douceur<\/li>\n<li>Un style moderne avec l'allure classique de Margaux<\/li>\n<li>Convient pour une maturation imm\u00e9diate et ult\u00e9rieure<\/li>\n<\/ul>","protected":false},"excerpt":{"rendered":"<h2>2015 - Margaux riche avec une finesse s\u00e9duisante<\/h2>\n<ul>\n<li>Tr\u00e8s bon mill\u00e9sime 2015 avec des fruits m\u00fbrs et des tanins souples.<\/li>\n<li>Cors\u00e9, style Margaux moderne.<\/li>\n<li>Bouche cr\u00e9meuse et longue finale.<\/li>\n<li>Id\u00e9al pour les amateurs de Bordeaux puissants.<\/li>\n<\/ul>","protected":false},"featured_media":3790,"template":"","meta":{"_seopress_robots_primary_cat":"none","_seopress_titles_title":"Ch\u00e2teau Lascombes 2015 \u2013 Margaux Grand Cru Class\u00e9","_seopress_titles_desc":"Ch\u00e2teau Lascombes 2015 is een rijke Margaux met rijp fruit, fluweelzachte tannines en lange afdronk. Grand Cru Class\u00e9 uit topjaar 2015.","_seopress_robots_index":"","iawp_total_views":0},"product_brand":[870],"product_cat":[911,948,374,25],"product_tag":[924,930,941],"land":[40],"jaar":[59],"class_list":{"0":"post-3797","1":"product","2":"type-product","3":"status-publish","4":"has-post-thumbnail","6":"product_brand-lascombes","7":"product_cat-bordeaux","8":"product_cat-margaux","9":"product_cat-rode-wijn","10":"product_cat-wijn","11":"product_tag-bordeaux","12":"product_tag-cabernet-sauvignon","13":"product_tag-margaux","14":"pa_druivensoort-cabernet-sauvignon","15":"pa_druivensoort-merlot","16":"pa_druivensoort-petit-verdot","17":"pa_eenheid-750-ml","18":"pa_houten-kist-houten-kist-6-flessen","19":"pa_regio-margaux-bordeaux","20":"land-frankrijk","21":"jaar-59","23":"first","24":"instock","25":"taxable","26":"shipping-taxable","27":"purchasable","28":"product-type-simple"},"jetpack_sharing_enabled":true,"_links":{"self":[{"href":"https:\/\/port2port.be\/fr\/wp-json\/wp\/v2\/product\/3797","targetHints":{"allow":["GET"]}}],"collection":[{"href":"https:\/\/port2port.be\/fr\/wp-json\/wp\/v2\/product"}],"about":[{"href":"https:\/\/port2port.be\/fr\/wp-json\/wp\/v2\/types\/product"}],"wp:featuredmedia":[{"embeddable":true,"href":"https:\/\/port2port.be\/fr\/wp-json\/wp\/v2\/media\/3790"}],"wp:attachment":[{"href":"https:\/\/port2port.be\/fr\/wp-json\/wp\/v2\/media?parent=3797"}],"wp:term":[{"taxonomy":"product_brand","embeddable":true,"href":"https:\/\/port2port.be\/fr\/wp-json\/wp\/v2\/product_brand?post=3797"},{"taxonomy":"product_cat","embeddable":true,"href":"https:\/\/port2port.be\/fr\/wp-json\/wp\/v2\/product_cat?post=3797"},{"taxonomy":"product_tag","embeddable":true,"href":"https:\/\/port2port.be\/fr\/wp-json\/wp\/v2\/product_tag?post=3797"},{"taxonomy":"land","embeddable":true,"href":"https:\/\/port2port.be\/fr\/wp-json\/wp\/v2\/land?post=3797"},{"taxonomy":"jaar","embeddable":true,"href":"https:\/\/port2port.be\/fr\/wp-json\/wp\/v2\/jaar?post=3797"}],"curies":[{"name":"wp","href":"https:\/\/api.w.org\/{rel}","templated":true}]}}