{"id":3676,"date":"2025-11-10T16:20:48","date_gmt":"2025-11-10T15:20:48","guid":{"rendered":"https:\/\/port2port.be\/?post_type=product&#038;p=3676"},"modified":"2026-03-26T21:08:06","modified_gmt":"2026-03-26T20:08:06","slug":"taylor-fladgate-kingsman-edition-very-old-tawny-port","status":"publish","type":"product","link":"https:\/\/port2port.be\/fr\/produit\/taylor-fladgate-kingsman-edition-very-old-tawny-porto\/","title":{"rendered":"Taylor Fladgate Kingsman Edition Very Old Tawny Port"},"content":{"rendered":"<h2>Kingsman Edition - Un porto \u00e0 l'allure britannique et \u00e0 la profondeur du Douro<\/h2>\n<h3>Une collaboration unique entre le cin\u00e9ma et la tradition du vin<\/h3>\n<p>La soci\u00e9t\u00e9 Taylor Fladgate <a href=\"https:\/\/port2port.be\/fr\/produit\/taylor-fladgate-coronation-vvop-very-very-old-tawny-port-portugal\/\">Kingsman<\/a> Edition Very Old Tawny Port est un hommage au temps, \u00e0 la tradition et au style. Mis en bouteille en collaboration avec la s\u00e9rie de films Kingsman, ce porto incarne l'ADN des deux mondes : la classe britannique et la perfection portugaise. Ce tawny exceptionnel est assembl\u00e9 \u00e0 partir des plus anciennes r\u00e9serves de Taylor Fladgate, dont l'\u00e2ge moyen est de plus de 50 ans. Un porto aussi \u00e9l\u00e9gant qu'un costume Savile Row sur mesure.<\/p>\n<h3>Exp\u00e9rience en mati\u00e8re de proc\u00e8s<\/h3>\n<ul>\n<li>Ambre profond aux reflets dor\u00e9s - \u00e9tincelant comme une broche ancienne<\/li>\n<li>Ar\u00f4me intense de raisins secs, de noix de p\u00e9can, de f\u00fbts de porto vieillis et d'agrumes confits.<\/li>\n<li>Velout\u00e9 et riche, avec un \u00e9quilibre exceptionnel entre douceur et fra\u00eecheur.<\/li>\n<li>Finale longue et persistante - une finale digne d'un nom royal<\/li>\n<\/ul>\n<h3>L'histoire du vin<\/h3>\n<ul>\n<li>Mis en bouteille en 2017 \u00e0 l'occasion du film *Kingsman : Le Cercle d'Or*.<\/li>\n<li>Assemblage de tr\u00e8s vieux portos tawny d'une moyenne d'\u00e2ge sup\u00e9rieure \u00e0 50 ans.<\/li>\n<li>Edition limit\u00e9e avec emballage \u00e9l\u00e9gant<\/li>\n<li>Pour les collectionneurs, les cin\u00e9philes et les amateurs de porto \u00e9l\u00e9gant et complexe<\/li>\n<\/ul>","protected":false},"excerpt":{"rendered":"<h2>Port exclusif de Kingsman avec h\u00e9ritage et style<\/h2>\n<ul>\n<li>Le porto pour messieurs - un tawny rare dont l'\u00e2ge moyen est de plus de 50 ans.<\/li>\n<li>Collaboration unique entre Taylor Fladgate et le film *Kingsman : The Golden Circle*.<\/li>\n<li>Complexe et stratifi\u00e9 - ar\u00f4mes de noix, de caramel, d'orange et de vieux bois.<\/li>\n<li>\u00c9dition collector limit\u00e9e - pleine de classe, id\u00e9ale pour \u00eatre offerte ou conserv\u00e9e.<\/li>\n<\/ul>","protected":false},"featured_media":3662,"template":"","meta":{"_seopress_robots_primary_cat":"none","_seopress_titles_title":"Taylor Fladgate Kingsman Port \u2013 Zeer Oude Collector\u2019s Port","_seopress_titles_desc":"Taylor Fladgate Kingsman Edition \u2013 very old tawny port uit exclusieve samenwerking. Collector\u2019s item voor liefhebbers van wijn \u00e9n stijl.","_seopress_robots_index":"","iawp_total_views":0},"product_brand":[368],"product_cat":[22,188],"product_tag":[936,915,920],"land":[],"jaar":[],"class_list":{"0":"post-3676","1":"product","2":"type-product","3":"status-publish","4":"has-post-thumbnail","6":"product_brand-taylors","7":"product_cat-porto","8":"product_cat-tawny","9":"product_tag-douro-valley","10":"product_tag-tawny-port","11":"product_tag-taylor-fladgate-port","12":"pa_druivensoort-tinta-barroca","13":"pa_druivensoort-tinta-roriz-2","14":"pa_druivensoort-tinto-cao","15":"pa_druivensoort-touriga-franca","16":"pa_druivensoort-touriga-nacional","17":"pa_eenheid-750-ml","18":"pa_houten-kist-houten-kist-1-fles","19":"pa_regio-douro","21":"first","22":"instock","23":"taxable","24":"shipping-taxable","25":"purchasable","26":"product-type-simple"},"jetpack_sharing_enabled":true,"_links":{"self":[{"href":"https:\/\/port2port.be\/fr\/wp-json\/wp\/v2\/product\/3676","targetHints":{"allow":["GET"]}}],"collection":[{"href":"https:\/\/port2port.be\/fr\/wp-json\/wp\/v2\/product"}],"about":[{"href":"https:\/\/port2port.be\/fr\/wp-json\/wp\/v2\/types\/product"}],"wp:featuredmedia":[{"embeddable":true,"href":"https:\/\/port2port.be\/fr\/wp-json\/wp\/v2\/media\/3662"}],"wp:attachment":[{"href":"https:\/\/port2port.be\/fr\/wp-json\/wp\/v2\/media?parent=3676"}],"wp:term":[{"taxonomy":"product_brand","embeddable":true,"href":"https:\/\/port2port.be\/fr\/wp-json\/wp\/v2\/product_brand?post=3676"},{"taxonomy":"product_cat","embeddable":true,"href":"https:\/\/port2port.be\/fr\/wp-json\/wp\/v2\/product_cat?post=3676"},{"taxonomy":"product_tag","embeddable":true,"href":"https:\/\/port2port.be\/fr\/wp-json\/wp\/v2\/product_tag?post=3676"},{"taxonomy":"land","embeddable":true,"href":"https:\/\/port2port.be\/fr\/wp-json\/wp\/v2\/land?post=3676"},{"taxonomy":"jaar","embeddable":true,"href":"https:\/\/port2port.be\/fr\/wp-json\/wp\/v2\/jaar?post=3676"}],"curies":[{"name":"wp","href":"https:\/\/api.w.org\/{rel}","templated":true}]}}