{"id":3426,"date":"2025-06-22T09:57:55","date_gmt":"2025-06-22T07:57:55","guid":{"rendered":"https:\/\/port2port.be\/?post_type=product&#038;p=3426"},"modified":"2026-03-26T21:08:01","modified_gmt":"2026-03-26T20:08:01","slug":"quinta-do-noval-extra-virgin-olive-oil","status":"publish","type":"product","link":"https:\/\/port2port.be\/fr\/produit\/huile-dolive-extra-vierge-quinta-do-noval\/","title":{"rendered":"Huile d'olive extra vierge Quinta do Noval - Douro"},"content":{"rendered":"<h2>HUILE D'OLIVE VIERGE EXTRA QUINTA DO NOVAL - AUTHENTIQUE HUILE D'OLIVE DU DOURO<\/h2>\n<p><strong>Introduction : l'une des rares huiles d'olive du Douro<\/strong><\/p>\n<p>Le <strong>Huile d'olive vierge extra Quinta do Noval<\/strong> provient des oliveraies historiques de la Quinta do Noval dans la r\u00e9gion du Douro, o\u00f9 des arbres s\u00e9culaires tels que Cordovil, Madural, Verdeal et Galega poussent sur un terroir \u00e9galement appr\u00e9ci\u00e9 pour ses vins de Porto.<\/p>\n<h3>Huile d'olive vierge extra Quinta do Noval - Ar\u00f4mes et saveurs<\/h3>\n<ul>\n<li><strong>Fruit\u00e9 et herbeux :<\/strong> ar\u00f4mes de pomme verte et d'herbe fra\u00eechement coup\u00e9e.<\/li>\n<li><strong>L\u00e9g\u00e8re amertume et \u00e9pices :<\/strong> Un bel \u00e9quilibre entre l'amertume et le piquant, avec une finale douce.<\/li>\n<li><strong>Structure :<\/strong> velout\u00e9 et long en bouche, harmonieux.<\/li>\n<\/ul>\n<h3>Parfait avec les plats de la cuisine m\u00e9diterran\u00e9enne<\/h3>\n<ul>\n<li>Id\u00e9al sur les salades et les l\u00e9gumes grill\u00e9s<\/li>\n<li>Ajoute de la saveur au poisson, aux p\u00e2tes et aux marinades<\/li>\n<li>Accueil avec une exp\u00e9rience gastro : d\u00e9licieux avec du pain frais ou des fromages \u00e0 p\u00e2te dure<\/li>\n<\/ul>\n<h3>Provenance et production - R\u00e9colte d'arbres centenaires<\/h3>\n<p>Les olives sont r\u00e9colt\u00e9es \u00e0 la main sur des arbres souvent \u00e2g\u00e9s de plus de 200 ans, press\u00e9es \u00e0 froid et l\u00e9g\u00e8rement filtr\u00e9es pour pr\u00e9server leur raffinement naturel.<\/p>","protected":false},"excerpt":{"rendered":"<h3>Produit de qualit\u00e9 sup\u00e9rieure du Douro<\/h3>\n<p>Olives cueillies \u00e0 la main sur des arbres de 200 ans, press\u00e9es \u00e0 froid et l\u00e9g\u00e8rement filtr\u00e9es.<\/p>","protected":false},"featured_media":3425,"template":"","meta":{"_seopress_robots_primary_cat":"none","_seopress_titles_title":"\"Quinta do Noval Extra Virgin Olive Oil \u2013 Douro Gold\"","_seopress_titles_desc":"\"Quinta do Noval olijfolie \u2013 premium, koud geperst uit eeuwenoude bomen. Evenwichtig grasachtig, fruitig met zachte bitterheid.\"","_seopress_robots_index":"","iawp_total_views":208},"product_brand":[244],"product_cat":[26,710],"product_tag":[309],"land":[],"jaar":[],"class_list":{"0":"post-3426","1":"product","2":"type-product","3":"status-publish","4":"has-post-thumbnail","6":"product_brand-quinta-do-noval","7":"product_cat-diversen","8":"product_cat-olijfolie","9":"product_tag-premium-olijfolie","10":"pa_eenheid-50cl","11":"pa_regio-douro","13":"first","14":"instock","15":"sale","16":"taxable","17":"shipping-taxable","18":"purchasable","19":"product-type-simple"},"jetpack_sharing_enabled":true,"_links":{"self":[{"href":"https:\/\/port2port.be\/fr\/wp-json\/wp\/v2\/product\/3426","targetHints":{"allow":["GET"]}}],"collection":[{"href":"https:\/\/port2port.be\/fr\/wp-json\/wp\/v2\/product"}],"about":[{"href":"https:\/\/port2port.be\/fr\/wp-json\/wp\/v2\/types\/product"}],"wp:featuredmedia":[{"embeddable":true,"href":"https:\/\/port2port.be\/fr\/wp-json\/wp\/v2\/media\/3425"}],"wp:attachment":[{"href":"https:\/\/port2port.be\/fr\/wp-json\/wp\/v2\/media?parent=3426"}],"wp:term":[{"taxonomy":"product_brand","embeddable":true,"href":"https:\/\/port2port.be\/fr\/wp-json\/wp\/v2\/product_brand?post=3426"},{"taxonomy":"product_cat","embeddable":true,"href":"https:\/\/port2port.be\/fr\/wp-json\/wp\/v2\/product_cat?post=3426"},{"taxonomy":"product_tag","embeddable":true,"href":"https:\/\/port2port.be\/fr\/wp-json\/wp\/v2\/product_tag?post=3426"},{"taxonomy":"land","embeddable":true,"href":"https:\/\/port2port.be\/fr\/wp-json\/wp\/v2\/land?post=3426"},{"taxonomy":"jaar","embeddable":true,"href":"https:\/\/port2port.be\/fr\/wp-json\/wp\/v2\/jaar?post=3426"}],"curies":[{"name":"wp","href":"https:\/\/api.w.org\/{rel}","templated":true}]}}