{"id":3379,"date":"2025-05-07T10:36:51","date_gmt":"2025-05-07T08:36:51","guid":{"rendered":"https:\/\/port2port.be\/?post_type=product&#038;p=3379"},"modified":"2026-03-26T21:06:33","modified_gmt":"2026-03-26T20:06:33","slug":"marchesi-antinori-tignanello-2017","status":"publish","type":"product","link":"https:\/\/port2port.be\/fr\/produit\/marchesi-antinori-tignanello-2017\/","title":{"rendered":"2017 Marchesi Antinori Tignanello"},"content":{"rendered":"<h2>Une ic\u00f4ne parmi les Super Toscans<\/h2>\n<p>Le Tignanello 2017 est un vin puissant et expressif qui capture parfaitement l'essence de la Toscane. Ce mill\u00e9sime offre de la concentration, de la profondeur et une structure impressionnante.<\/p>\n<h3>Exp\u00e9rience en mati\u00e8re de proc\u00e8s<\/h3>\n<ul>\n<li>Rouge rubis profond<\/li>\n<li>Ar\u00f4mes de fruits noirs m\u00fbrs, d'\u00e9pices et de l\u00e9g\u00e8res notes de tabac.<\/li>\n<li>Ample et puissant avec des tannins fermes mais raffin\u00e9s.<\/li>\n<li>Finale longue, complexe et \u00e9l\u00e9gante<\/li>\n<\/ul>\n<h3>L'histoire du vin<\/h3>\n<p>Pionnier du style Super Tuscan, le Tignanello a chang\u00e9 \u00e0 jamais le monde du vin italien. Ici, Marchesi Antinori allie tradition et innovation et cr\u00e9e un vin appr\u00e9ci\u00e9 dans le monde entier.<\/p>\n<h3>En savoir plus<\/h3>\n<p>D\u00e9couvrez d'autres vins de <a href=\"https:\/\/port2port.be\/fr\/product-categorie\/wijn\/toscane\/\">Toscane<\/a> ou consultez notre gamme compl\u00e8te <a href=\"https:\/\/port2port.be\/fr\/product-categorie\/wijn\/\">vins<\/a>.<\/p>\n<p>Vous cherchez des vins similaires ? Parcourir d'autres vins de <a href=\"https:\/\/port2port.be\/fr\/product-categorie\/wijn\/italie\/\">Italie<\/a> ou d\u00e9couvrez notre s\u00e9lection <a href=\"https:\/\/port2port.be\/fr\/product-categorie\/wijn\/super-toscane\/\">Super Toscane<\/a>.<\/p>\n<p>Voir aussi un vin similaire : <a href=\"#\">2019 Marchesi Antinori Tignanello<\/a>.<\/p>","protected":false},"excerpt":{"rendered":"<p>Super Toscane embl\u00e9matique avec puissance, \u00e9l\u00e9gance et complexit\u00e9 exceptionnelle.<\/p>\n<ul>\n<li>Blend van Sangiovese, Cabernet Sauvignon &#038; Cabernet Franc<\/li>\n<li>Ar\u00f4mes riches de fruits noirs et d'\u00e9pices<\/li>\n<li>Equilibre parfait entre structure et finesse<\/li>\n<li>Grand potentiel de stockage<\/li>\n<\/ul>","protected":false},"featured_media":3341,"template":"","meta":{"_seopress_robots_primary_cat":"none","_seopress_titles_title":"\"Tignanello 2017 \u2013 Elegantie uit Toscane\"","_seopress_titles_desc":"\"Deze Toscaanse rode wijn van Antinori biedt structuur, finesse en bewaarpotentieel. Een must voor liefhebbers van Italiaanse klassiekers.\"","_seopress_robots_index":"","iawp_total_views":116},"product_brand":[699],"product_cat":[912,374,954,953,25],"product_tag":[938,937],"land":[42],"jaar":[58],"class_list":{"0":"post-3379","1":"product","2":"type-product","3":"status-publish","4":"has-post-thumbnail","6":"product_brand-marchesi-antinori-tenuta-tignanello","7":"product_cat-italie","8":"product_cat-rode-wijn","9":"product_cat-super-toscane","10":"product_cat-toscane","11":"product_cat-wijn","12":"product_tag-super-tuscan","13":"product_tag-toscane","14":"pa_druivensoort-cabernet-franc","15":"pa_druivensoort-cabernet-sauvignon","16":"pa_druivensoort-sangiovese","17":"pa_eenheid-750-ml","18":"pa_regio-toscane-toscana-igt","19":"land-italie","20":"jaar-58","22":"first","23":"instock","24":"taxable","25":"shipping-taxable","26":"purchasable","27":"product-type-simple"},"jetpack_sharing_enabled":true,"_links":{"self":[{"href":"https:\/\/port2port.be\/fr\/wp-json\/wp\/v2\/product\/3379","targetHints":{"allow":["GET"]}}],"collection":[{"href":"https:\/\/port2port.be\/fr\/wp-json\/wp\/v2\/product"}],"about":[{"href":"https:\/\/port2port.be\/fr\/wp-json\/wp\/v2\/types\/product"}],"wp:featuredmedia":[{"embeddable":true,"href":"https:\/\/port2port.be\/fr\/wp-json\/wp\/v2\/media\/3341"}],"wp:attachment":[{"href":"https:\/\/port2port.be\/fr\/wp-json\/wp\/v2\/media?parent=3379"}],"wp:term":[{"taxonomy":"product_brand","embeddable":true,"href":"https:\/\/port2port.be\/fr\/wp-json\/wp\/v2\/product_brand?post=3379"},{"taxonomy":"product_cat","embeddable":true,"href":"https:\/\/port2port.be\/fr\/wp-json\/wp\/v2\/product_cat?post=3379"},{"taxonomy":"product_tag","embeddable":true,"href":"https:\/\/port2port.be\/fr\/wp-json\/wp\/v2\/product_tag?post=3379"},{"taxonomy":"land","embeddable":true,"href":"https:\/\/port2port.be\/fr\/wp-json\/wp\/v2\/land?post=3379"},{"taxonomy":"jaar","embeddable":true,"href":"https:\/\/port2port.be\/fr\/wp-json\/wp\/v2\/jaar?post=3379"}],"curies":[{"name":"wp","href":"https:\/\/api.w.org\/{rel}","templated":true}]}}