{"id":2919,"date":"2025-04-11T20:42:17","date_gmt":"2025-04-11T18:42:17","guid":{"rendered":"https:\/\/port2port.be\/?post_type=product&#038;p=2919"},"modified":"2026-03-26T21:07:06","modified_gmt":"2026-03-26T20:07:06","slug":"paloma-de-sacramento-blanco-2020","status":"publish","type":"product","link":"https:\/\/port2port.be\/fr\/produit\/paloma-de-sacramento-blanco-2020\/","title":{"rendered":"2020 Paloma de Sacramento Blanco - Castilla-La Mancha"},"content":{"rendered":"<h2>2020 Paloma de Sacramento Blanco avec une buvabilit\u00e9 fra\u00eeche<\/h2>\n<p>Paloma de Sacramento Blanco 2020 est un vin blanc accessible qui mise sur le fruit, la fra\u00eecheur et la douceur. Un choix agr\u00e9able pour ceux qui aiment les vins blancs l\u00e9gers et faciles \u00e0 boire.<\/p>\n<h3>Exp\u00e9rience en mati\u00e8re de proc\u00e8s<\/h3>\n<ul>\n<li>Jaune paille p\u00e2le<\/li>\n<li>Agrumes, pommes et fruits blancs<\/li>\n<li>Frais et souple avec une l\u00e9g\u00e8re acidit\u00e9<\/li>\n<li>Finition agr\u00e9able et propre<\/li>\n<\/ul>\n<h3>L'histoire du vin<\/h3>\n<p>Ce vin est ax\u00e9 sur l'accessibilit\u00e9 et le plaisir de boire. Un vin blanc id\u00e9al pour les moments informels, les plats l\u00e9gers et les ap\u00e9ritifs.<\/p>\n<h3>En savoir plus<\/h3>\n<p>D\u00e9couvrez notre offre <a href=\"https:\/\/port2port.be\/fr\/product-categorie\/wijn\/witte-wijn\/\">vin blanc<\/a> ou voir tous les <a href=\"https:\/\/port2port.be\/fr\/product-categorie\/wijn\/\">vins<\/a>.<\/p>\n<p>Vous cherchez des bouteilles similaires ? D\u00e9couvrez d'autres <a href=\"https:\/\/port2port.be\/fr\/product-categorie\/wijn\/witte-wijn\/\">vins blancs<\/a>.<\/p>\n<p>Voir aussi un vin similaire : <a href=\"#\">Portal da Cal\u00e7ada Reserva 2021<\/a>.<\/p>","protected":false},"excerpt":{"rendered":"<p>Vin blanc accessible et fruit\u00e9, au style frais et \u00e0 la finale douce.<\/p>\n<ul>\n<li>Ar\u00f4mes frais d'agrumes et de fruits blancs<\/li>\n<li>Lisse et digeste<\/li>\n<li>Un style accessible \u00e0 chaque instant<\/li>\n<li>Id\u00e9al \u00e0 l'ap\u00e9ritif ou pour accompagner des repas l\u00e9gers<\/li>\n<\/ul>","protected":false},"featured_media":2879,"template":"","meta":{"_seopress_robots_primary_cat":"none","_seopress_titles_title":"2020 Paloma de Sacramento Blanco","_seopress_titles_desc":"Toegankelijke witte wijn met citrus, wit fruit en frisse stijl. Ideaal als aperitief of bij lichte gerechten dankzij zijn soepele karakter.","_seopress_robots_index":"","iawp_total_views":11},"product_brand":[600],"product_cat":[330],"product_tag":[],"land":[413],"jaar":[38],"class_list":{"0":"post-2919","1":"product","2":"type-product","3":"status-publish","4":"has-post-thumbnail","6":"product_brand-vinas-leizaola","7":"product_cat-witte-wijn","8":"pa_druivensoort-malvasia","9":"pa_druivensoort-viura","10":"pa_eenheid-750-ml","11":"pa_regio-castilla-la-mancha","12":"land-spanje","13":"jaar-38","15":"first","16":"instock","17":"taxable","18":"shipping-taxable","19":"purchasable","20":"product-type-simple"},"jetpack_sharing_enabled":true,"_links":{"self":[{"href":"https:\/\/port2port.be\/fr\/wp-json\/wp\/v2\/product\/2919","targetHints":{"allow":["GET"]}}],"collection":[{"href":"https:\/\/port2port.be\/fr\/wp-json\/wp\/v2\/product"}],"about":[{"href":"https:\/\/port2port.be\/fr\/wp-json\/wp\/v2\/types\/product"}],"wp:featuredmedia":[{"embeddable":true,"href":"https:\/\/port2port.be\/fr\/wp-json\/wp\/v2\/media\/2879"}],"wp:attachment":[{"href":"https:\/\/port2port.be\/fr\/wp-json\/wp\/v2\/media?parent=2919"}],"wp:term":[{"taxonomy":"product_brand","embeddable":true,"href":"https:\/\/port2port.be\/fr\/wp-json\/wp\/v2\/product_brand?post=2919"},{"taxonomy":"product_cat","embeddable":true,"href":"https:\/\/port2port.be\/fr\/wp-json\/wp\/v2\/product_cat?post=2919"},{"taxonomy":"product_tag","embeddable":true,"href":"https:\/\/port2port.be\/fr\/wp-json\/wp\/v2\/product_tag?post=2919"},{"taxonomy":"land","embeddable":true,"href":"https:\/\/port2port.be\/fr\/wp-json\/wp\/v2\/land?post=2919"},{"taxonomy":"jaar","embeddable":true,"href":"https:\/\/port2port.be\/fr\/wp-json\/wp\/v2\/jaar?post=2919"}],"curies":[{"name":"wp","href":"https:\/\/api.w.org\/{rel}","templated":true}]}}