{"id":2912,"date":"2025-02-24T17:50:24","date_gmt":"2025-02-24T16:50:24","guid":{"rendered":"https:\/\/port2port.be\/?post_type=product&#038;p=2912"},"modified":"2026-03-26T21:07:06","modified_gmt":"2026-03-26T20:07:06","slug":"marchesi-antinori-santa-cristina-toscana-igt-2020","status":"publish","type":"product","link":"https:\/\/port2port.be\/fr\/produit\/marchesi-antinori-santa-cristina-toscana-igt-2020\/","title":{"rendered":"2020 Marchesi Antinori Santa Cristina Toscana IGT"},"content":{"rendered":"<h2>Un vin toscan accessible et moderne<\/h2>\n<p>Le Santa Cristina 2020 est un vin polyvalent et accessible qui allie le meilleur de la Toscane \u00e0 un style moderne et fruit\u00e9.<\/p>\n<h3>Exp\u00e9rience en mati\u00e8re de proc\u00e8s<\/h3>\n<ul>\n<li>Couleur rouge rubis<\/li>\n<li>Ar\u00f4mes de cerises, de prunes et d'\u00e9pices l\u00e9g\u00e8res.<\/li>\n<li>Souple et rond avec des tanins doux<\/li>\n<li>Finale agr\u00e9able et fruit\u00e9e<\/li>\n<\/ul>\n<h3>L'histoire du vin<\/h3>\n<p>L'un des labels les plus connus de Marchesi Antinori, Santa Cristina, est r\u00e9put\u00e9 pour sa qualit\u00e9 constante et son accessibilit\u00e9. Id\u00e9al pour un usage quotidien.<\/p>\n<h3>En savoir plus<\/h3>\n<p>D\u00e9couvrez d'autres vins de <a href=\"https:\/\/port2port.be\/fr\/product-categorie\/wijn\/toscane\/\">Toscane<\/a> ou consultez notre gamme compl\u00e8te <a href=\"https:\/\/port2port.be\/fr\/product-categorie\/wijn\/\">vins<\/a>.<\/p>\n<p>Vous cherchez des vins similaires ? Parcourir d'autres vins de <a href=\"https:\/\/port2port.be\/fr\/product-categorie\/wijn\/italie\/\">Italie<\/a>.<\/p>\n<p>Voir aussi un vin similaire : <a href=\"#\">2021 Marchesi Antinori P\u00e8ppoli Chianti Classico<\/a>.<\/p>","protected":false},"excerpt":{"rendered":"<p>Vin rouge toscan accessible, au style fruit\u00e9 et \u00e0 la structure souple.<\/p>\n<ul>\n<li>Assemblage de Sangiovese et de raisins internationaux<\/li>\n<li>Ar\u00f4mes riches de fruits rouges et d'\u00e9pices l\u00e9g\u00e8res.<\/li>\n<li>Caract\u00e8re lisse et rond<\/li>\n<li>Parfait pour un usage quotidien<\/li>\n<\/ul>","protected":false},"featured_media":2869,"template":"","meta":{"_seopress_robots_primary_cat":"none","_seopress_titles_title":"\"Santa Cristina Toscana IGT \u2013 Klassieke Italiaanse Wijn\"","_seopress_titles_desc":"\"Antinori Santa Cristina is een authentieke Toscaanse rode wijn met aroma's van kersen en viooltjes. Perfect bij pasta's en gegrild vlees.\"","_seopress_robots_index":"","iawp_total_views":7},"product_brand":[525],"product_cat":[912,374,953,25],"product_tag":[932,937],"land":[42],"jaar":[38],"class_list":{"0":"post-2912","1":"product","2":"type-product","3":"status-publish","4":"has-post-thumbnail","6":"product_brand-marchesi-antinori","7":"product_cat-italie","8":"product_cat-rode-wijn","9":"product_cat-toscane","10":"product_cat-wijn","11":"product_tag-sangiovese","12":"product_tag-toscane","13":"pa_druivensoort-cabernet-sauvignon","14":"pa_druivensoort-sangiovese","15":"pa_eenheid-750-ml","16":"pa_regio-toscane-toscana-igt","17":"land-italie","18":"jaar-38","20":"first","21":"instock","22":"taxable","23":"shipping-taxable","24":"purchasable","25":"product-type-simple"},"jetpack_sharing_enabled":true,"_links":{"self":[{"href":"https:\/\/port2port.be\/fr\/wp-json\/wp\/v2\/product\/2912","targetHints":{"allow":["GET"]}}],"collection":[{"href":"https:\/\/port2port.be\/fr\/wp-json\/wp\/v2\/product"}],"about":[{"href":"https:\/\/port2port.be\/fr\/wp-json\/wp\/v2\/types\/product"}],"wp:featuredmedia":[{"embeddable":true,"href":"https:\/\/port2port.be\/fr\/wp-json\/wp\/v2\/media\/2869"}],"wp:attachment":[{"href":"https:\/\/port2port.be\/fr\/wp-json\/wp\/v2\/media?parent=2912"}],"wp:term":[{"taxonomy":"product_brand","embeddable":true,"href":"https:\/\/port2port.be\/fr\/wp-json\/wp\/v2\/product_brand?post=2912"},{"taxonomy":"product_cat","embeddable":true,"href":"https:\/\/port2port.be\/fr\/wp-json\/wp\/v2\/product_cat?post=2912"},{"taxonomy":"product_tag","embeddable":true,"href":"https:\/\/port2port.be\/fr\/wp-json\/wp\/v2\/product_tag?post=2912"},{"taxonomy":"land","embeddable":true,"href":"https:\/\/port2port.be\/fr\/wp-json\/wp\/v2\/land?post=2912"},{"taxonomy":"jaar","embeddable":true,"href":"https:\/\/port2port.be\/fr\/wp-json\/wp\/v2\/jaar?post=2912"}],"curies":[{"name":"wp","href":"https:\/\/api.w.org\/{rel}","templated":true}]}}