{"id":2910,"date":"2025-02-24T12:21:59","date_gmt":"2025-02-24T11:21:59","guid":{"rendered":"https:\/\/port2port.be\/?post_type=product&#038;p=2910"},"modified":"2026-03-26T21:07:17","modified_gmt":"2026-03-26T20:07:17","slug":"maal-wines-imposible-malbec-2021","status":"publish","type":"product","link":"https:\/\/port2port.be\/fr\/produit\/times-wines-imposible-malbec-2021\/","title":{"rendered":"2021 Maal Wines \u2018Imposible\u2019 Malbec - Mendoza"},"content":{"rendered":"<h2>TIMES WINES 'IMPOSIBLE' MALBEC 2021 - UN VIN ROUGE ARGENTIN \u00c9L\u00c9GANT DE MENDOZA<\/h2>\n<p><strong>Introduction : Un Malbec unique de la r\u00e9gion de Mendoza<\/strong><\/p>\n<p>Le <strong>Maal Wines 'Imposible' Malbec 2021<\/strong> est un produit de haute qualit\u00e9 <strong>Vin rouge argentin<\/strong> De la prestigieuse <strong>Mendoza<\/strong>-de la r\u00e9gion. Produit par la cave innovante <strong>Vins Grind<\/strong>Ce vin est connu pour ses saveurs profondes et son processus de production unique. Le nom \"Imposible\" fait r\u00e9f\u00e9rence au d\u00e9fi relev\u00e9 par les vignerons pour cr\u00e9er un Malbec exceptionnel sans utiliser de f\u00fbts de ch\u00eane traditionnels.<\/p>\n<h3>Ar\u00f4me - Intense et complexe<\/h3>\n<ul>\n<li><strong>Fruits noirs :<\/strong> Ar\u00f4mes de m\u00fbres, de prunes et de cerises noires.<\/li>\n<li><strong>Notes \u00e9pic\u00e9es :<\/strong> Notes d'\u00e9pices d'automne et de terre.<\/li>\n<li><strong>Nuances florales :<\/strong> Senteurs subtiles de violettes.<\/li>\n<\/ul>\n<h3>Go\u00fbt - Complet et \u00e9quilibr\u00e9<\/h3>\n<ul>\n<li><strong>Riche en fruits :<\/strong> Saveurs de baies m\u00fbres et de prunes juteuses.<\/li>\n<li><strong>Tannins souples :<\/strong> Texture souple avec des tannins bien int\u00e9gr\u00e9s.<\/li>\n<li><strong>Longue finale :<\/strong> Finale persistante et \u00e9l\u00e9gante avec un soup\u00e7on d'\u00e9pices.<\/li>\n<\/ul>\n<h3>Combinaisons parfaites - Polyvalence culinaire<\/h3>\n<ul>\n<li><strong>Viande rouge grill\u00e9e :<\/strong> Excellent avec les steaks, les c\u00f4telettes d'agneau et le faux-filet grill\u00e9.<\/li>\n<li><strong>L\u00e9gumes r\u00f4tis :<\/strong> Se marie bien avec des aubergines, des poivrons et des champignons grill\u00e9s.<\/li>\n<li><strong>Fromages affin\u00e9s :<\/strong> Se marie parfaitement avec les fromages affin\u00e9s tels que le Cheddar et le Gouda.<\/li>\n<\/ul>\n<h3>Artisanat et Provenance - Innovation et Terroir<\/h3>\n<p><strong>Vins Grind<\/strong> a \u00e9t\u00e9 fond\u00e9e en 2010 par des amis partageant une passion commune pour la vinification et le Malbec. Situ\u00e9e dans la <strong>Vall\u00e9e d'Uco<\/strong> Dans la r\u00e9gion de Mendoza, ils s'efforcent de produire des vins qui racontent l'histoire de la r\u00e9gion et de ses habitants. Pour \"Imposible\", ils utilisent des barres de ch\u00eane fran\u00e7ais dans des cuves en b\u00e9ton au lieu de f\u00fbts de ch\u00eane traditionnels, ce qui donne un profil de saveur et une texture uniques. L'\u00e9tiquette, qui repr\u00e9sente un cube, symbolise le fait que l'impossible n'est qu'une illusion et que l'innovation donne naissance \u00e0 des vins exceptionnels.<\/p>","protected":false},"excerpt":{"rendered":"<h3>Vin rouge argentin \u00e9l\u00e9gant de Mendoza :<\/h3>\n<p>Maal Wines 'Imposible' Malbec 2021 - Un vin riche et complexe. <strong>Malbec<\/strong> Avec des ar\u00f4mes et des saveurs fruit\u00e9s profonds.<\/p>","protected":false},"featured_media":2864,"template":"","meta":{"_seopress_robots_primary_cat":"none","_seopress_titles_title":"\"Argentijnse Malbec \u2013 Maal Wines 'Imposible' 2021\"","_seopress_titles_desc":"\"Proef de complexiteit van de 'Imposible' Malbec 2021 \u2013 een must-have voor elke wijnkenner die houdt van innovatieve wijnen.\"","_seopress_robots_index":"","iawp_total_views":21},"product_brand":[545],"product_cat":[374],"product_tag":[],"land":[546],"jaar":[39],"class_list":{"0":"post-2910","1":"product","2":"type-product","3":"status-publish","4":"has-post-thumbnail","6":"product_brand-maal-wines","7":"product_cat-rode-wijn","8":"land-argentinie","9":"jaar-39","11":"first","12":"instock","13":"taxable","14":"shipping-taxable","15":"purchasable","16":"product-type-simple"},"jetpack_sharing_enabled":true,"_links":{"self":[{"href":"https:\/\/port2port.be\/fr\/wp-json\/wp\/v2\/product\/2910","targetHints":{"allow":["GET"]}}],"collection":[{"href":"https:\/\/port2port.be\/fr\/wp-json\/wp\/v2\/product"}],"about":[{"href":"https:\/\/port2port.be\/fr\/wp-json\/wp\/v2\/types\/product"}],"wp:featuredmedia":[{"embeddable":true,"href":"https:\/\/port2port.be\/fr\/wp-json\/wp\/v2\/media\/2864"}],"wp:attachment":[{"href":"https:\/\/port2port.be\/fr\/wp-json\/wp\/v2\/media?parent=2910"}],"wp:term":[{"taxonomy":"product_brand","embeddable":true,"href":"https:\/\/port2port.be\/fr\/wp-json\/wp\/v2\/product_brand?post=2910"},{"taxonomy":"product_cat","embeddable":true,"href":"https:\/\/port2port.be\/fr\/wp-json\/wp\/v2\/product_cat?post=2910"},{"taxonomy":"product_tag","embeddable":true,"href":"https:\/\/port2port.be\/fr\/wp-json\/wp\/v2\/product_tag?post=2910"},{"taxonomy":"land","embeddable":true,"href":"https:\/\/port2port.be\/fr\/wp-json\/wp\/v2\/land?post=2910"},{"taxonomy":"jaar","embeddable":true,"href":"https:\/\/port2port.be\/fr\/wp-json\/wp\/v2\/jaar?post=2910"}],"curies":[{"name":"wp","href":"https:\/\/api.w.org\/{rel}","templated":true}]}}