{"id":2897,"date":"2025-02-23T12:34:49","date_gmt":"2025-02-23T11:34:49","guid":{"rendered":"https:\/\/port2port.be\/?post_type=product&#038;p=2897"},"modified":"2026-03-26T21:07:31","modified_gmt":"2026-03-26T20:07:31","slug":"domaine-le-verger-chablis-2022","status":"publish","type":"product","link":"https:\/\/port2port.be\/fr\/produit\/domaine-le-verger-chablis-2022\/","title":{"rendered":"2022 Domaine Le Verger Chablis - Bourgogne"},"content":{"rendered":"<h2>2022 Domaine Le Verger Chablis avec une finesse toute bourguignonne<\/h2>\n<p>Le mill\u00e9sime 2022 apporte un Chablis vif et raffin\u00e9 avec une pure expression du Chardonnay. Un vin qui allie avec \u00e9l\u00e9gance fra\u00eecheur et min\u00e9ralit\u00e9.<\/p>\n<h3>Exp\u00e9rience en mati\u00e8re de proc\u00e8s<\/h3>\n<ul>\n<li>Jaune clair brillant<\/li>\n<li>Agrumes, fleurs blanches et subtile note de craie<\/li>\n<li>Frais et \u00e9l\u00e9gant avec une bonne tension<\/li>\n<li>Finition propre et min\u00e9rale<\/li>\n<\/ul>\n<h3>L'histoire du vin<\/h3>\n<p>Le Domaine Le Verger montre le caract\u00e8re classique de la r\u00e9gion avec ce Chablis. Un vin blanc \u00e9l\u00e9gant qui convient aussi bien \u00e0 l'ap\u00e9ritif qu'\u00e0 table.<\/p>\n<h3>En savoir plus<\/h3>\n<p>D\u00e9couvrez notre offre <a href=\"https:\/\/port2port.be\/fr\/product-categorie\/wijn\/witte-wijn\/\">vin blanc<\/a> ou voir tous les <a href=\"https:\/\/port2port.be\/fr\/product-categorie\/wijn\/\">vins<\/a>.<\/p>\n<p>Vous cherchez des bouteilles similaires ? D\u00e9couvrez d'autres <a href=\"https:\/\/port2port.be\/fr\/product-categorie\/wijn\/witte-wijn\/\">vins blancs<\/a>.<\/p>\n<p>Voir aussi un vin similaire : <a href=\"#\">2021 Domaine Le Verger Chablis<\/a>.<\/p>","protected":false},"excerpt":{"rendered":"<p>Chablis frais et \u00e9l\u00e9gant, avec une pr\u00e9cision min\u00e9rale et une belle tension.<\/p>\n<ul>\n<li>Chardonnay classique de Bourgogne<\/li>\n<li>Agrumes, fleurs blanches et min\u00e9ralit\u00e9<\/li>\n<li>Style sec et raffin\u00e9<\/li>\n<li>Id\u00e9al avec le poisson et les fruits de mer<\/li>\n<\/ul>","protected":false},"featured_media":2839,"template":"","meta":{"_seopress_robots_primary_cat":"none","_seopress_titles_title":"2022 Domaine Le Verger Chablis","_seopress_titles_desc":"Frisse Chablis met citrus, witte bloemen en mooie mineraliteit. Elegante witte Bourgogne met droge stijl en verkwikkende afdronk.","_seopress_robots_index":"","iawp_total_views":8},"product_brand":[427],"product_cat":[330],"product_tag":[430,934],"land":[40],"jaar":[334],"class_list":{"0":"post-2897","1":"product","2":"type-product","3":"status-publish","4":"has-post-thumbnail","6":"product_brand-domaine-alain-geoffroy","7":"product_cat-witte-wijn","8":"product_tag-bourgogne-chardonnay","9":"product_tag-chardonnay","10":"pa_druivensoort-chardonnay","11":"pa_eenheid-750-ml","12":"pa_regio-chablis-bourgogne","13":"land-frankrijk","14":"jaar-334","16":"first","17":"instock","18":"taxable","19":"shipping-taxable","20":"purchasable","21":"product-type-simple"},"jetpack_sharing_enabled":true,"_links":{"self":[{"href":"https:\/\/port2port.be\/fr\/wp-json\/wp\/v2\/product\/2897","targetHints":{"allow":["GET"]}}],"collection":[{"href":"https:\/\/port2port.be\/fr\/wp-json\/wp\/v2\/product"}],"about":[{"href":"https:\/\/port2port.be\/fr\/wp-json\/wp\/v2\/types\/product"}],"wp:featuredmedia":[{"embeddable":true,"href":"https:\/\/port2port.be\/fr\/wp-json\/wp\/v2\/media\/2839"}],"wp:attachment":[{"href":"https:\/\/port2port.be\/fr\/wp-json\/wp\/v2\/media?parent=2897"}],"wp:term":[{"taxonomy":"product_brand","embeddable":true,"href":"https:\/\/port2port.be\/fr\/wp-json\/wp\/v2\/product_brand?post=2897"},{"taxonomy":"product_cat","embeddable":true,"href":"https:\/\/port2port.be\/fr\/wp-json\/wp\/v2\/product_cat?post=2897"},{"taxonomy":"product_tag","embeddable":true,"href":"https:\/\/port2port.be\/fr\/wp-json\/wp\/v2\/product_tag?post=2897"},{"taxonomy":"land","embeddable":true,"href":"https:\/\/port2port.be\/fr\/wp-json\/wp\/v2\/land?post=2897"},{"taxonomy":"jaar","embeddable":true,"href":"https:\/\/port2port.be\/fr\/wp-json\/wp\/v2\/jaar?post=2897"}],"curies":[{"name":"wp","href":"https:\/\/api.w.org\/{rel}","templated":true}]}}