{"id":2824,"date":"2025-02-21T15:35:39","date_gmt":"2025-02-21T14:35:39","guid":{"rendered":"https:\/\/port2port.be\/?post_type=product&#038;p=2824"},"modified":"2026-03-26T21:08:07","modified_gmt":"2026-03-26T20:08:07","slug":"the-durand-wijnopener-perfect-voor-oude-kurken","status":"publish","type":"product","link":"https:\/\/port2port.be\/fr\/produit\/louvre-bouteille-durand-parfait-pour-les-vieux-bouchons\/","title":{"rendered":"L'ouvre-bouteille Durand"},"content":{"rendered":"<h2>L'ouvre-bouteille Durand - La solution pour les bouchons anciens et fragiles<\/h2>\n<p>Le Durand est un ouvre-bouteille haut de gamme sp\u00e9cialement con\u00e7u pour retirer sans effort et en toute s\u00e9curit\u00e9 les bouchons anciens et fragiles. De nombreux vins anciens ont des bouchons qui deviennent cassants ou endommag\u00e9s par un vieillissement prolong\u00e9. Le Durand combine l'action d'un tire-bouchon traditionnel et d'un ouvre-bouteille en deux parties, de sorte que m\u00eame les bouchons les plus d\u00e9licats restent intacts lors de l'ouverture. Il s'agit donc d'un accessoire indispensable pour les collectionneurs, les sommeliers et les amateurs de vins \u00e2g\u00e9s.<\/p>\n<h2>Conception innovante - Double technologie pour une prise en main optimale<\/h2>\n<h3>Combinaison unique de deux ouvreurs<\/h3>\n<p>Double fonctionnement : le Durand combine un tire-bouchon traditionnel \u00e0 spirale avec un ouvreur Ah-So, ce qui garantit un contr\u00f4le maximal.<br \/>\nAdh\u00e9rence optimale : la combinaison de la spirale et des deux broches m\u00e9talliques emp\u00eache le li\u00e8ge de s'effriter ou de se briser.<br \/>\nConvient aux bouchons anciens et fragiles : Pr\u00e9vient les dommages caus\u00e9s aux vins par le vieillissement prolong\u00e9 des bouteilles.<\/p>\n<h3>Mat\u00e9riaux de haute qualit\u00e9 et conception durable<\/h3>\n<p>Acier inoxydable : mat\u00e9riau robuste et durable pour une utilisation \u00e0 long terme.<br \/>\nPoign\u00e9e \u00e9l\u00e9gante : con\u00e7ue pour une prise en main confortable et une utilisation sans effort.<br \/>\nCompact et \u00e9l\u00e9gant : livr\u00e9 dans un emballage de luxe, parfait comme cadeau pour les amateurs de vin.<\/p>\n<h2>Pourquoi choisir The Durand ?<\/h2>\n<p>\u2714 Sp\u00e9cialement con\u00e7u pour les vins \u00e2g\u00e9s et les bouchons fragiles<br \/>\n\u2714 Emp\u00eache les bouchons de se casser ou de tomber dans la bouteille<br \/>\n\u2714 Utilis\u00e9 par les professionnels et les experts en vin du monde entier<br \/>\n\u2714 Design luxueux, id\u00e9al comme cadeau pour les amateurs de vin<\/p>","protected":false},"excerpt":{"rendered":"<h3>L'ouvre-bouchon pour les vieux bouchons :<\/h3>\n<p>L'ouvre-bouteille Durand permet d'enlever les bouchons cassants et anciens sans les ab\u00eemer, ce qui est parfait pour les amateurs de vin et les collectionneurs.<\/p>","protected":false},"featured_media":2822,"template":"","meta":{"_seopress_robots_primary_cat":"none","_seopress_titles_title":"\"The Durand Wijnopener \u2013 Perfect voor Oude Kurken\"","_seopress_titles_desc":"\"Perfect voor kwetsbare kurken: The Durand combineert een spiraal en Ah-So opener voor veilig openen van oude wijnen.\"","_seopress_robots_index":"","iawp_total_views":157},"product_brand":[400],"product_cat":[27],"product_tag":[],"land":[],"jaar":[],"class_list":{"0":"post-2824","1":"product","2":"type-product","3":"status-publish","4":"has-post-thumbnail","6":"product_brand-the-durand","7":"product_cat-accessoires","9":"first","10":"instock","11":"taxable","12":"shipping-taxable","13":"purchasable","14":"product-type-simple"},"jetpack_sharing_enabled":true,"_links":{"self":[{"href":"https:\/\/port2port.be\/fr\/wp-json\/wp\/v2\/product\/2824","targetHints":{"allow":["GET"]}}],"collection":[{"href":"https:\/\/port2port.be\/fr\/wp-json\/wp\/v2\/product"}],"about":[{"href":"https:\/\/port2port.be\/fr\/wp-json\/wp\/v2\/types\/product"}],"wp:featuredmedia":[{"embeddable":true,"href":"https:\/\/port2port.be\/fr\/wp-json\/wp\/v2\/media\/2822"}],"wp:attachment":[{"href":"https:\/\/port2port.be\/fr\/wp-json\/wp\/v2\/media?parent=2824"}],"wp:term":[{"taxonomy":"product_brand","embeddable":true,"href":"https:\/\/port2port.be\/fr\/wp-json\/wp\/v2\/product_brand?post=2824"},{"taxonomy":"product_cat","embeddable":true,"href":"https:\/\/port2port.be\/fr\/wp-json\/wp\/v2\/product_cat?post=2824"},{"taxonomy":"product_tag","embeddable":true,"href":"https:\/\/port2port.be\/fr\/wp-json\/wp\/v2\/product_tag?post=2824"},{"taxonomy":"land","embeddable":true,"href":"https:\/\/port2port.be\/fr\/wp-json\/wp\/v2\/land?post=2824"},{"taxonomy":"jaar","embeddable":true,"href":"https:\/\/port2port.be\/fr\/wp-json\/wp\/v2\/jaar?post=2824"}],"curies":[{"name":"wp","href":"https:\/\/api.w.org\/{rel}","templated":true}]}}