{"id":2781,"date":"2025-02-16T13:09:36","date_gmt":"2025-02-16T12:09:36","guid":{"rendered":"https:\/\/port2port.be\/?post_type=product&#038;p=2781"},"modified":"2026-03-26T21:06:56","modified_gmt":"2026-03-26T20:06:56","slug":"chateau-talbot-2019","status":"publish","type":"product","link":"https:\/\/port2port.be\/fr\/produit\/chateau-talbot-2019\/","title":{"rendered":"2019 Ch\u00e2teau Talbot - Saint-Julien"},"content":{"rendered":"<h2>2019 Ch\u00e2teau Talbot - Un Saint-Julien \u00e9quilibr\u00e9 avec de la profondeur et de l'\u00e9l\u00e9gance<\/h2>\n<h3>Une excellente ann\u00e9e avec une maturit\u00e9 et une fra\u00eecheur \u00e9quilibr\u00e9es.<\/h3>\n<p>2019 Ch\u00e2teau <a href=\"https:\/\/port2port.be\/fr\/produit\/chateau-talbot-2018\/\">Talbot<\/a> est un Saint-Julien harmonieux et raffin\u00e9 issu d'un solide mill\u00e9sime bordelais. Le vin allie fruits noirs m\u00fbrs, tanins raffin\u00e9s et tension fra\u00eeche dans un style classique et bien d\u00e9fini.<\/p>\n<p>Le cabernet sauvignon apporte structure et longueur, tandis que le merlot apporte rondeur et accessibilit\u00e9. Le 2019 montre d\u00e9j\u00e0 son attrait, mais il a suffisamment de puissance et de fra\u00eecheur pour vieillir agr\u00e9ablement plus longtemps.<\/p>\n<h3>Exp\u00e9rience en mati\u00e8re de proc\u00e8s<\/h3>\n<ul>\n<li>Rouge rubis profond avec un c\u0153ur brillant<\/li>\n<li>Ar\u00f4mes de cassis, de cerise noire, de c\u00e8dre et d'\u00e9pices subtiles.<\/li>\n<li>Bouche souple et \u00e9quilibr\u00e9e avec des tanins fins.<\/li>\n<li>Finale longue et fra\u00eeche avec une structure classique de Saint-Julien.<\/li>\n<\/ul>\n<h3>L'histoire du vin<\/h3>\n<ul>\n<li>Un domaine respect\u00e9 de Saint-Julien au style coh\u00e9rent<\/li>\n<li>2019 est synonyme d'\u00e9quilibre, de pr\u00e9cision et d'\u00e9l\u00e9gance<\/li>\n<li>Expression classique de la rive gauche<\/li>\n<li>Convient \u00e0 la consommation imm\u00e9diate et \u00e0 la maturation ult\u00e9rieure<\/li>\n<\/ul>","protected":false},"excerpt":{"rendered":"<h2>2019 - Un Saint-Julien parfaitement \u00e9quilibr\u00e9<\/h2>\n<ul>\n<li>Excellente ann\u00e9e avec des fruits noirs m\u00fbrs.<\/li>\n<li>Tannins fins et tension fra\u00eeche.<\/li>\n<li>Style \u00e9l\u00e9gant et classique.<\/li>\n<li>Magnifique aujourd'hui, avec un potentiel de stockage.<\/li>\n<\/ul>","protected":false},"featured_media":2792,"template":"","meta":{"_seopress_robots_primary_cat":"none","_seopress_titles_title":"\"Ch\u00e2teau Talbot 2019 \u2013 Exclusieve Saint-Julien Bordeaux\"","_seopress_titles_desc":"\"Ontdek Ch\u00e2teau Talbot 2019 \u2013 een iconische Bordeaux uit Saint-Julien, perfect voor collectors en als exclusief cadeau.\"","_seopress_robots_index":"","iawp_total_views":30},"product_brand":[375],"product_cat":[911,374,946,25],"product_tag":[924,930,928],"land":[40],"jaar":[37],"class_list":{"0":"post-2781","1":"product","2":"type-product","3":"status-publish","4":"has-post-thumbnail","6":"product_brand-chateau-talbot","7":"product_cat-bordeaux","8":"product_cat-rode-wijn","9":"product_cat-saint-julien","10":"product_cat-wijn","11":"product_tag-bordeaux","12":"product_tag-cabernet-sauvignon","13":"product_tag-saint-julien","14":"pa_druivensoort-cabernet-franc","15":"pa_druivensoort-cabernet-sauvignon","16":"pa_druivensoort-merlot","17":"pa_eenheid-750-ml","18":"pa_houten-kist-houten-kist-6-flessen","19":"pa_regio-bordeaux-saint-julien","20":"land-frankrijk","21":"jaar-37","23":"first","24":"instock","25":"taxable","26":"shipping-taxable","27":"purchasable","28":"product-type-simple"},"jetpack_sharing_enabled":true,"_links":{"self":[{"href":"https:\/\/port2port.be\/fr\/wp-json\/wp\/v2\/product\/2781","targetHints":{"allow":["GET"]}}],"collection":[{"href":"https:\/\/port2port.be\/fr\/wp-json\/wp\/v2\/product"}],"about":[{"href":"https:\/\/port2port.be\/fr\/wp-json\/wp\/v2\/types\/product"}],"wp:featuredmedia":[{"embeddable":true,"href":"https:\/\/port2port.be\/fr\/wp-json\/wp\/v2\/media\/2792"}],"wp:attachment":[{"href":"https:\/\/port2port.be\/fr\/wp-json\/wp\/v2\/media?parent=2781"}],"wp:term":[{"taxonomy":"product_brand","embeddable":true,"href":"https:\/\/port2port.be\/fr\/wp-json\/wp\/v2\/product_brand?post=2781"},{"taxonomy":"product_cat","embeddable":true,"href":"https:\/\/port2port.be\/fr\/wp-json\/wp\/v2\/product_cat?post=2781"},{"taxonomy":"product_tag","embeddable":true,"href":"https:\/\/port2port.be\/fr\/wp-json\/wp\/v2\/product_tag?post=2781"},{"taxonomy":"land","embeddable":true,"href":"https:\/\/port2port.be\/fr\/wp-json\/wp\/v2\/land?post=2781"},{"taxonomy":"jaar","embeddable":true,"href":"https:\/\/port2port.be\/fr\/wp-json\/wp\/v2\/jaar?post=2781"}],"curies":[{"name":"wp","href":"https:\/\/api.w.org\/{rel}","templated":true}]}}