{"id":2712,"date":"2025-02-09T14:40:42","date_gmt":"2025-02-09T13:40:42","guid":{"rendered":"https:\/\/port2port.be\/?post_type=product&#038;p=2712"},"modified":"2026-03-26T21:08:00","modified_gmt":"2026-03-26T20:08:00","slug":"mount-riley-wines-pinot-gris-marlborough-new-zealand","status":"publish","type":"product","link":"https:\/\/port2port.be\/fr\/produit\/mount-riley-wines-pinot-gris-marlborough-nouvelle-zelande-2\/","title":{"rendered":"Mount Riley Pinot Gris - Marlborough"},"content":{"rendered":"<h2>Mount Riley Pinot Gris de Marlborough avec une expression fra\u00eeche<\/h2>\n<p>Ce Pinot Gris de Marlborough allie fra\u00eecheur et fruit\u00e9 \u00e0 une structure \u00e9l\u00e9gante. Un vin blanc accessible au style n\u00e9o-z\u00e9landais moderne.<\/p>\n<h3>Exp\u00e9rience en mati\u00e8re de proc\u00e8s<\/h3>\n<ul>\n<li>Jaune d'or p\u00e2le<\/li>\n<li>Ar\u00f4mes de poire, de pomme et d'agrumes<\/li>\n<li>Frais et souple, l\u00e9g\u00e8rement \u00e9pic\u00e9<\/li>\n<li>Arri\u00e8re-go\u00fbt agr\u00e9able et rafra\u00eechissant<\/li>\n<\/ul>\n<h3>L'histoire du vin<\/h3>\n<p>La r\u00e9gion de Marlborough est connue dans le monde entier pour ses vins expressifs. Mount Riley propose ici un pinot gris frais et accessible, ax\u00e9 sur le fruit pur et le plaisir de boire.<\/p>\n<h3>En savoir plus<\/h3>\n<p>D\u00e9couvrez notre offre <a href=\"https:\/\/port2port.be\/fr\/product-categorie\/wijn\/witte-wijn\/\">vin blanc<\/a> ou voir tous les <a href=\"https:\/\/port2port.be\/fr\/product-categorie\/wijn\/\">vins<\/a>.<\/p>\n<p>Vous cherchez des bouteilles similaires ? D\u00e9couvrez d'autres <a href=\"https:\/\/port2port.be\/fr\/product-categorie\/wijn\/witte-wijn\/\">vins blancs<\/a>.<\/p>\n<p>Voir aussi un vin similaire : <a href=\"#\">Enate Chardonnay 234<\/a>.<\/p>","protected":false},"excerpt":{"rendered":"<p>Pinot gris frais et aromatique de Marlborough, au fruit\u00e9 vif et au style \u00e9l\u00e9gant.<\/p>\n<ul>\n<li>Ar\u00f4mes de poire, de pomme et d'agrumes<\/li>\n<li>Caract\u00e8re frais et souple<\/li>\n<li>Bel \u00e9quilibre et l\u00e9ger piquant<\/li>\n<li>Id\u00e9al en ap\u00e9ritif ou avec des plats l\u00e9gers<\/li>\n<\/ul>","protected":false},"featured_media":2673,"template":"","meta":{"_seopress_robots_primary_cat":"none","_seopress_titles_title":"Mount Riley Pinot Gris Marlborough New Zealand","_seopress_titles_desc":"Frisse Pinot Gris uit Marlborough met peer, citrus en elegante structuur. Toegankelijke witte wijn met levendig fruit en verfrissende afdronk.","_seopress_robots_index":"","iawp_total_views":6},"product_brand":[336],"product_cat":[330],"product_tag":[],"land":[331],"jaar":[334],"class_list":{"0":"post-2712","1":"product","2":"type-product","3":"status-publish","4":"has-post-thumbnail","6":"product_brand-mount-riley-wines","7":"product_cat-witte-wijn","8":"pa_druivensoort-pinot-gris","9":"pa_eenheid-750-ml","10":"pa_regio-marlborough-new-zealand","11":"land-new-zealand","12":"jaar-334","14":"first","15":"instock","16":"taxable","17":"shipping-taxable","18":"purchasable","19":"product-type-simple"},"jetpack_sharing_enabled":true,"_links":{"self":[{"href":"https:\/\/port2port.be\/fr\/wp-json\/wp\/v2\/product\/2712","targetHints":{"allow":["GET"]}}],"collection":[{"href":"https:\/\/port2port.be\/fr\/wp-json\/wp\/v2\/product"}],"about":[{"href":"https:\/\/port2port.be\/fr\/wp-json\/wp\/v2\/types\/product"}],"wp:featuredmedia":[{"embeddable":true,"href":"https:\/\/port2port.be\/fr\/wp-json\/wp\/v2\/media\/2673"}],"wp:attachment":[{"href":"https:\/\/port2port.be\/fr\/wp-json\/wp\/v2\/media?parent=2712"}],"wp:term":[{"taxonomy":"product_brand","embeddable":true,"href":"https:\/\/port2port.be\/fr\/wp-json\/wp\/v2\/product_brand?post=2712"},{"taxonomy":"product_cat","embeddable":true,"href":"https:\/\/port2port.be\/fr\/wp-json\/wp\/v2\/product_cat?post=2712"},{"taxonomy":"product_tag","embeddable":true,"href":"https:\/\/port2port.be\/fr\/wp-json\/wp\/v2\/product_tag?post=2712"},{"taxonomy":"land","embeddable":true,"href":"https:\/\/port2port.be\/fr\/wp-json\/wp\/v2\/land?post=2712"},{"taxonomy":"jaar","embeddable":true,"href":"https:\/\/port2port.be\/fr\/wp-json\/wp\/v2\/jaar?post=2712"}],"curies":[{"name":"wp","href":"https:\/\/api.w.org\/{rel}","templated":true}]}}