{"id":2699,"date":"2025-02-09T13:54:27","date_gmt":"2025-02-09T12:54:27","guid":{"rendered":"https:\/\/port2port.be\/?post_type=product&#038;p=2699"},"modified":"2026-03-26T21:08:04","modified_gmt":"2026-03-26T20:08:04","slug":"schoonmakende-kralen-en-reinigingsborstel-decanter-buigzaam-flessenborstel","status":"publish","type":"product","link":"https:\/\/port2port.be\/fr\/produit\/perles-de-nettoyage-et-brosse-de-nettoyage-decanteur-brosse-a-bouteille-flexible\/","title":{"rendered":"Perles de nettoyage et brosse \u00e0 d\u00e9canter"},"content":{"rendered":"<h2>Introduction : Accessoire de nettoyage innovant pour carafes et bouteilles<\/h2>\n<p>Cette solution de nettoyage 3 en 1 combine des billes de nettoyage, une brosse de nettoyage et un goupillon pliable en un seul accessoire facile \u00e0 utiliser. Sp\u00e9cialement con\u00e7u pour les carafes et les bouteilles, cet outil assure un nettoyage optimal en \u00e9liminant soigneusement les r\u00e9sidus et les d\u00e9p\u00f4ts. Ce produit est id\u00e9al pour les amateurs de vin et les professionnels de la restauration.<\/p>\n<h2>Conception et fonctionnalit\u00e9 : durable, flexible et efficace<\/h2>\n<p>Billes de nettoyage : ces billes circulent dans la bouteille ou la carafe et \u00e9liminent efficacement la salet\u00e9 et les s\u00e9diments sans les rayer.<br \/>\nBrosse de nettoyage : la brosse robuste est sp\u00e9cialement con\u00e7ue pour nettoyer les carafes et les bouteilles, ce qui permet d'acc\u00e9der facilement \u00e0 tous les coins.<br \/>\nBrosse \u00e0 bouteille flexible : la conception flexible permet d'utiliser les bouteilles \u00e0 col \u00e9troit pour un nettoyage en profondeur.<br \/>\nMat\u00e9riau durable : Fabriqu\u00e9 dans un mat\u00e9riau de haute qualit\u00e9 et respectueux de l'environnement, il garantit une utilisation durable et un nettoyage facile de l'accessoire lui-m\u00eame.<\/p>\n<h2>Applications et avantages : Nettoyage optimal des accessoires pour le vin<\/h2>\n<p>\u00c9limine les d\u00e9p\u00f4ts : assure un nettoyage parfait des carafes et des bouteilles, pour que le vin soit toujours vers\u00e9 de fa\u00e7on limpide.<br \/>\nUtilisation polyvalente : convient aussi bien \u00e0 la maison qu'\u00e0 la restauration.<br \/>\nFacile \u00e0 utiliser : l'accessoire est facile \u00e0 manipuler et \u00e0 nettoyer, ce qui facilite l'entretien.<br \/>\nUne meilleure exp\u00e9rience du vin : une carafe ou une bouteille bien nettoy\u00e9e permet au vin d'exprimer tout son potentiel.<\/p>\n<h2>Caract\u00e9ristiques suppl\u00e9mentaires : Nettoyage pratique et efficace<\/h2>\n<p>Cet accessoire 3-en-1 n'est pas seulement un outil puissant pour nettoyer les bouteilles de vin, mais aussi une id\u00e9e de cadeau \u00e9l\u00e9gante et pratique pour les amateurs et collectionneurs de vin qui souhaitent une exp\u00e9rience optimale.<\/p>\n<p>Seules les deux brosses de nettoyage et les billes sont incluses.<\/p>\n<p>&nbsp;<\/p>","protected":false},"excerpt":{"rendered":"<h3>Brosse de nettoyage pour carafe :<\/h3>\n<p>Un outil innovant qui nettoie m\u00eame les zones difficiles d'acc\u00e8s gr\u00e2ce \u00e0 des billes de nettoyage int\u00e9gr\u00e9es et \u00e0 une brosse flexible et pliable.<\/p>","protected":false},"featured_media":2675,"template":"","meta":{"_seopress_robots_primary_cat":"none","_seopress_titles_title":"\"Schoonmakende Kralen &amp; Flexibele Flessenborstel\"","_seopress_titles_desc":"\"Ontdek dit 3-in-1 wijnaccessoire: een reinigingsborstel met schoonmakende kralen en een buigzame flessenborstel, perfect voor decanters en flessen.\"","_seopress_robots_index":"","iawp_total_views":11},"product_brand":[300],"product_cat":[27],"product_tag":[],"land":[],"jaar":[],"class_list":{"0":"post-2699","1":"product","2":"type-product","3":"status-publish","4":"has-post-thumbnail","6":"product_brand-yuchisx","7":"product_cat-accessoires","9":"first","10":"instock","11":"taxable","12":"shipping-taxable","13":"purchasable","14":"product-type-simple"},"jetpack_sharing_enabled":true,"_links":{"self":[{"href":"https:\/\/port2port.be\/fr\/wp-json\/wp\/v2\/product\/2699","targetHints":{"allow":["GET"]}}],"collection":[{"href":"https:\/\/port2port.be\/fr\/wp-json\/wp\/v2\/product"}],"about":[{"href":"https:\/\/port2port.be\/fr\/wp-json\/wp\/v2\/types\/product"}],"wp:featuredmedia":[{"embeddable":true,"href":"https:\/\/port2port.be\/fr\/wp-json\/wp\/v2\/media\/2675"}],"wp:attachment":[{"href":"https:\/\/port2port.be\/fr\/wp-json\/wp\/v2\/media?parent=2699"}],"wp:term":[{"taxonomy":"product_brand","embeddable":true,"href":"https:\/\/port2port.be\/fr\/wp-json\/wp\/v2\/product_brand?post=2699"},{"taxonomy":"product_cat","embeddable":true,"href":"https:\/\/port2port.be\/fr\/wp-json\/wp\/v2\/product_cat?post=2699"},{"taxonomy":"product_tag","embeddable":true,"href":"https:\/\/port2port.be\/fr\/wp-json\/wp\/v2\/product_tag?post=2699"},{"taxonomy":"land","embeddable":true,"href":"https:\/\/port2port.be\/fr\/wp-json\/wp\/v2\/land?post=2699"},{"taxonomy":"jaar","embeddable":true,"href":"https:\/\/port2port.be\/fr\/wp-json\/wp\/v2\/jaar?post=2699"}],"curies":[{"name":"wp","href":"https:\/\/api.w.org\/{rel}","templated":true}]}}