{"id":2557,"date":"2025-02-09T13:16:53","date_gmt":"2025-02-09T12:16:53","guid":{"rendered":"https:\/\/port2port.be\/?post_type=product&#038;p=2557"},"modified":"2026-03-26T21:05:57","modified_gmt":"2026-03-26T20:05:57","slug":"quinta-do-noval-vintage-2007-port","status":"publish","type":"product","link":"https:\/\/port2port.be\/fr\/produit\/quinta-do-noval-vintage-2007-porto\/","title":{"rendered":"2007 Quinta do Noval Vintage Port - Douro"},"content":{"rendered":"<h2>Un port sp\u00e9cial et classique<\/h2>\n<p><a href=\"https:\/\/port2port.be\/fr\/produit\/quinta-do-noval-vintage-2011-porto\/\">Quinta do Noval Vintage<\/a> Le Port 2007 est un porto exclusif, \u00e9labor\u00e9 dans la l\u00e9gendaire vall\u00e9e du Douro. Ce porto historique, longuement vieilli en f\u00fbts de ch\u00eane, allie puissance et \u00e9l\u00e9gance. Id\u00e9al comme porto de collection ou comme cadeau pour les occasions sp\u00e9ciales.<\/p>\n<h2>Ar\u00f4me et saveur : porto chocolat\u00e9 et cassis en harmonie<\/h2>\n<h3>Ar\u00f4me - Intensit\u00e9 de cassis, de caramel et de noix de Porto<\/h3>\n<p>Cassis m\u00fbr : Une expression puissante de fruits noirs<br \/>\nChocolat et caramel : des notes subtiles et raffin\u00e9es<br \/>\nNuances \u00e9pic\u00e9es : l\u00e9g\u00e8res notes d'\u00e9pices donnant plus de profondeur.<br \/>\nDes accents de noix : Caramel chaud et noix pour une touche exclusive<br \/>\n\u00c9l\u00e9ments floraux : Violettes qui ajoutent de la complexit\u00e9<\/p>\n<h3>Go\u00fbt - Un porto m\u00fbr avec une longue finale<\/h3>\n<p>Caract\u00e8re fruit\u00e9 complet : ar\u00f4mes concentr\u00e9s de fruits m\u00fbrs<br \/>\nTanins velout\u00e9s : Parfaitement int\u00e9gr\u00e9s pour une texture \u00e9l\u00e9gante<br \/>\nLongue finale : notes persistantes de chocolat, de caramel et d'\u00e9pices.<br \/>\n\u00c9quilibre exclusif : une combinaison harmonieuse qui fait de ce porto vintage un produit unique.<\/p>\n<h2>Occasions sp\u00e9ciales : Id\u00e9al comme cadeau portuaire exclusif<\/h2>\n<p>Digestif : parfait en fin de repas apr\u00e8s un d\u00eener somptueux<br \/>\nDessert : accompagner les desserts riches en chocolat ou les fromages affin\u00e9s.<br \/>\nPort des collectionneurs : un compl\u00e9ment pr\u00e9cieux pour les collectionneurs<br \/>\nCadeau portuaire : une id\u00e9e de cadeau exclusive pour les amateurs de porto<\/p>","protected":false},"excerpt":{"rendered":"<p><strong>Quinta do Noval Vintage 2007 Porto -<\/strong> Un porto embl\u00e9matique aux notes intenses de cassis, de chocolat et d'\u00e9pices, parfait pour les collectionneurs et les moments sp\u00e9ciaux.<\/p>","protected":false},"featured_media":3362,"template":"","meta":{"_seopress_robots_primary_cat":"none","_seopress_titles_title":"\"Vintage 2007 Port \u2013 Klassieke Port voor Verzamelaars\"","_seopress_titles_desc":"\"Ontdek Quinta do Noval Vintage 2007 Port: iconische port met intense zwarte bessen, chocolade en kruiden. Perfect voor verzamelaars en speciale gelegenheden.\"","_seopress_robots_index":"","iawp_total_views":71},"product_brand":[244],"product_cat":[22,71],"product_tag":[936,243,914],"land":[41],"jaar":[62],"class_list":{"0":"post-2557","1":"product","2":"type-product","3":"status-publish","4":"has-post-thumbnail","6":"product_brand-quinta-do-noval","7":"product_cat-porto","8":"product_cat-vintage","9":"product_tag-douro-valley","10":"product_tag-quinta-do-noval-port","11":"product_tag-vintage-port","12":"pa_druivensoort-tinta-barroca","13":"pa_druivensoort-tinta-roriz-2","14":"pa_druivensoort-tinto-cao","15":"pa_druivensoort-touriga-franca","16":"pa_druivensoort-touriga-nacional","17":"pa_eenheid-750-ml","18":"pa_houten-kist-houten-kist-6-flessen","19":"pa_regio-douro","20":"land-portugal","21":"jaar-62","23":"first","24":"instock","25":"taxable","26":"shipping-taxable","27":"purchasable","28":"product-type-simple"},"jetpack_sharing_enabled":true,"_links":{"self":[{"href":"https:\/\/port2port.be\/fr\/wp-json\/wp\/v2\/product\/2557","targetHints":{"allow":["GET"]}}],"collection":[{"href":"https:\/\/port2port.be\/fr\/wp-json\/wp\/v2\/product"}],"about":[{"href":"https:\/\/port2port.be\/fr\/wp-json\/wp\/v2\/types\/product"}],"wp:featuredmedia":[{"embeddable":true,"href":"https:\/\/port2port.be\/fr\/wp-json\/wp\/v2\/media\/3362"}],"wp:attachment":[{"href":"https:\/\/port2port.be\/fr\/wp-json\/wp\/v2\/media?parent=2557"}],"wp:term":[{"taxonomy":"product_brand","embeddable":true,"href":"https:\/\/port2port.be\/fr\/wp-json\/wp\/v2\/product_brand?post=2557"},{"taxonomy":"product_cat","embeddable":true,"href":"https:\/\/port2port.be\/fr\/wp-json\/wp\/v2\/product_cat?post=2557"},{"taxonomy":"product_tag","embeddable":true,"href":"https:\/\/port2port.be\/fr\/wp-json\/wp\/v2\/product_tag?post=2557"},{"taxonomy":"land","embeddable":true,"href":"https:\/\/port2port.be\/fr\/wp-json\/wp\/v2\/land?post=2557"},{"taxonomy":"jaar","embeddable":true,"href":"https:\/\/port2port.be\/fr\/wp-json\/wp\/v2\/jaar?post=2557"}],"curies":[{"name":"wp","href":"https:\/\/api.w.org\/{rel}","templated":true}]}}