{"id":2521,"date":"2025-02-05T09:31:19","date_gmt":"2025-02-05T08:31:19","guid":{"rendered":"https:\/\/port2port.be\/?post_type=product&#038;p=2521"},"modified":"2026-03-26T21:05:55","modified_gmt":"2026-03-26T20:05:55","slug":"quinta-do-noval-vintage-2004-port","status":"publish","type":"product","link":"https:\/\/port2port.be\/fr\/produit\/quinta-do-noval-vintage-2004-porto\/","title":{"rendered":"Porto Vintage 2004 Quinta do Noval - Douro"},"content":{"rendered":"<p>Le <strong>Porto Quinta do Noval Vintage 2004<\/strong> est une expression raffin\u00e9e de la production traditionnelle de porto, originaire de la c\u00e9l\u00e8bre vall\u00e9e du Douro au Portugal. Ce mill\u00e9sime particulier a produit un porto d'un \u00e9quilibre et d'une complexit\u00e9 exceptionnels, ce qui en fait le favori des collectionneurs et des gourmets.<\/p>\n<p>Au moment du versement, la couleur rouge rubis profonde attire imm\u00e9diatement l'attention, signe de concentration et de maturit\u00e9. Le bouquet s'ouvre sur de riches ar\u00f4mes de cassis, de prunes m\u00fbres et de m\u00fbres, associ\u00e9s \u00e0 de subtiles notes de violette, de chocolat noir et \u00e0 une touche d'\u00e9pices.<\/p>\n<p>En bouche, ce porto mill\u00e9sim\u00e9 offre une structure impressionnante avec des tanins m\u00fbrs et une acidit\u00e9 vive. Les saveurs se d\u00e9veloppent en couches de fruits noirs, de poudre de cacao et d'une min\u00e9ralit\u00e9 d\u00e9licate, ce qui donne une finale complexe et persistante. L'\u00e9quilibre entre puissance et finesse fait du <strong><a href=\"https:\/\/port2port.be\/fr\/produit\/quinta-do-noval-vintage-1994-porto\/\">Quinta do Noval Vintage<\/a> 2004<\/strong> un excellent choix \u00e0 d\u00e9guster d\u00e8s maintenant ou \u00e0 laisser vieillir en bouteille.<\/p>\n<p>Il est id\u00e9al pour accompagner les desserts \u00e0 base de chocolat noir, les fromages bleus ou pour terminer un repas en beaut\u00e9. Ce porto mill\u00e9sim\u00e9 est \u00e9galement une excellente id\u00e9e de cadeau pour les occasions sp\u00e9ciales ou pour compl\u00e9ter une collection de vins rares.<\/p>","protected":false},"excerpt":{"rendered":"<p><strong>Quinta do Noval Vintage 2004<\/strong> - Un porto avec un \u00e9quilibre harmonieux de m\u00fbres, de chocolat et de violettes. Merveilleux potentiel de vieillissement.<\/p>","protected":false},"featured_media":3369,"template":"","meta":{"_seopress_robots_primary_cat":"none","_seopress_titles_title":"\"Quinta do Noval Vintage 2004 Port \u2013 Elegant en Verfijnd\"","_seopress_titles_desc":"\"Vintage port uit 2004 met rijke smaken van fruit, mineralen en chocolade. Een elegante port voor speciale momenten en cadeau-idee\u00ebn.\"","_seopress_robots_index":"","iawp_total_views":40},"product_brand":[244],"product_cat":[22,71],"product_tag":[936,243,914],"land":[41],"jaar":[245],"class_list":{"0":"post-2521","1":"product","2":"type-product","3":"status-publish","4":"has-post-thumbnail","6":"product_brand-quinta-do-noval","7":"product_cat-porto","8":"product_cat-vintage","9":"product_tag-douro-valley","10":"product_tag-quinta-do-noval-port","11":"product_tag-vintage-port","12":"pa_druivensoort-tinta-barroca","13":"pa_druivensoort-tinta-roriz-2","14":"pa_druivensoort-tinto-cao","15":"pa_druivensoort-touriga-franca","16":"pa_druivensoort-touriga-nacional","17":"pa_eenheid-750-ml","18":"pa_houten-kist-houten-kist-6-flessen","19":"pa_regio-douro","20":"land-portugal","21":"jaar-245","23":"first","24":"instock","25":"taxable","26":"shipping-taxable","27":"purchasable","28":"product-type-simple"},"jetpack_sharing_enabled":true,"_links":{"self":[{"href":"https:\/\/port2port.be\/fr\/wp-json\/wp\/v2\/product\/2521","targetHints":{"allow":["GET"]}}],"collection":[{"href":"https:\/\/port2port.be\/fr\/wp-json\/wp\/v2\/product"}],"about":[{"href":"https:\/\/port2port.be\/fr\/wp-json\/wp\/v2\/types\/product"}],"wp:featuredmedia":[{"embeddable":true,"href":"https:\/\/port2port.be\/fr\/wp-json\/wp\/v2\/media\/3369"}],"wp:attachment":[{"href":"https:\/\/port2port.be\/fr\/wp-json\/wp\/v2\/media?parent=2521"}],"wp:term":[{"taxonomy":"product_brand","embeddable":true,"href":"https:\/\/port2port.be\/fr\/wp-json\/wp\/v2\/product_brand?post=2521"},{"taxonomy":"product_cat","embeddable":true,"href":"https:\/\/port2port.be\/fr\/wp-json\/wp\/v2\/product_cat?post=2521"},{"taxonomy":"product_tag","embeddable":true,"href":"https:\/\/port2port.be\/fr\/wp-json\/wp\/v2\/product_tag?post=2521"},{"taxonomy":"land","embeddable":true,"href":"https:\/\/port2port.be\/fr\/wp-json\/wp\/v2\/land?post=2521"},{"taxonomy":"jaar","embeddable":true,"href":"https:\/\/port2port.be\/fr\/wp-json\/wp\/v2\/jaar?post=2521"}],"curies":[{"name":"wp","href":"https:\/\/api.w.org\/{rel}","templated":true}]}}