{"id":2515,"date":"2025-02-05T09:31:20","date_gmt":"2025-02-05T08:31:20","guid":{"rendered":"https:\/\/port2port.be\/?post_type=product&#038;p=2515"},"modified":"2026-03-26T21:05:51","modified_gmt":"2026-03-26T20:05:51","slug":"quinta-do-noval-vintage-2000-port","status":"publish","type":"product","link":"https:\/\/port2port.be\/fr\/produit\/quinta-do-noval-vintage-2000-porto\/","title":{"rendered":"2000 Quinta do Noval Vintage Port - Douro"},"content":{"rendered":"<p>Le <strong>Porto Quinta do Noval Vintage 2000<\/strong> est un exemple exceptionnel du savoir-faire d'un mill\u00e9naire. \u00c9labor\u00e9 \u00e0 partir de raisins provenant des vignobles exceptionnels de la Quinta do Noval dans la vall\u00e9e du Douro, ce porto offre une exp\u00e9rience riche et profonde, typique d'un porto mill\u00e9sim\u00e9 classique.<\/p>\n<p>D\u00e8s le versement, l'impressionnante couleur rouge rubis attire imm\u00e9diatement l'attention, soulignant l'intensit\u00e9 et la jeunesse de ce porto. Le bouquet s'ouvre sur de riches ar\u00f4mes de cassis, de m\u00fbres et de cerises m\u00fbres, compl\u00e9t\u00e9s par de subtiles notes d'\u00e9pices, de chocolat et un soup\u00e7on de violette.<\/p>\n<p>Dans la bouche, le <strong><a href=\"https:\/\/port2port.be\/fr\/produit\/quinta-do-noval-vintage-1995-porto\/\">Quinta do Noval Vintage<\/a> 2000<\/strong> un \u00e9quilibre sublime entre l'intensit\u00e9 du fruit, la fermet\u00e9 des tanins et la vivacit\u00e9 de l'acidit\u00e9. La bouche se caract\u00e9rise par des couches de fruits noirs, de poudre de cacao, d'\u00e9pices et une l\u00e9g\u00e8re min\u00e9ralit\u00e9, ce qui donne une finale complexe et persistante. \u00c0 la fois puissant et \u00e9l\u00e9gant, ce porto promet un superbe potentiel de vieillissement pour les d\u00e9cennies \u00e0 venir.<\/p>\n<p>Il est parfait pour accompagner les desserts riches tels que le g\u00e2teau au chocolat, le g\u00e2teau au fromage bleu ou simplement comme digestif sophistiqu\u00e9. C'est \u00e9galement une excellente id\u00e9e de cadeau pour les amateurs de porto et les collectionneurs. Ce vin est aussi une excellente id\u00e9e de cadeau pour les amateurs et les collectionneurs de porto. <strong>Porto Quinta do Noval Vintage 2000<\/strong> est une ic\u00f4ne de ce vignoble renomm\u00e9 et un ajout pr\u00e9cieux \u00e0 toute collection.<\/p>","protected":false},"excerpt":{"rendered":"<p><strong>Quinta do Noval Vintage 2000<\/strong> - Porto vintage \u00e9l\u00e9gant aux ar\u00f4mes de m\u00fbres, de cacao et de violettes. Intemporel et adapt\u00e9 aux collections.<\/p>","protected":false},"featured_media":3621,"template":"","meta":{"_seopress_robots_primary_cat":"none","_seopress_titles_title":"\"Quinta do Noval Vintage 2000 \u2013 Iconische Vintage Port\"","_seopress_titles_desc":"\"Quinta do Noval 2000: een rijke vintage port met lange afdronk, zwarte bessen en chocolade. Prachtig rijpingspotentieel voor verzamelaars.\"","_seopress_robots_index":"","iawp_total_views":28},"product_brand":[244],"product_cat":[22,71],"product_tag":[936,243,914],"land":[],"jaar":[65],"class_list":{"0":"post-2515","1":"product","2":"type-product","3":"status-publish","4":"has-post-thumbnail","6":"product_brand-quinta-do-noval","7":"product_cat-porto","8":"product_cat-vintage","9":"product_tag-douro-valley","10":"product_tag-quinta-do-noval-port","11":"product_tag-vintage-port","12":"pa_druivensoort-tinta-barroca","13":"pa_druivensoort-tinta-roriz-2","14":"pa_druivensoort-tinto-cao","15":"pa_druivensoort-touriga-franca","16":"pa_druivensoort-touriga-nacional","17":"pa_eenheid-750-ml","18":"pa_houten-kist-houten-kist-6-flessen","19":"pa_regio-douro","20":"jaar-65","22":"first","23":"instock","24":"taxable","25":"shipping-taxable","26":"purchasable","27":"product-type-simple"},"jetpack_sharing_enabled":true,"_links":{"self":[{"href":"https:\/\/port2port.be\/fr\/wp-json\/wp\/v2\/product\/2515","targetHints":{"allow":["GET"]}}],"collection":[{"href":"https:\/\/port2port.be\/fr\/wp-json\/wp\/v2\/product"}],"about":[{"href":"https:\/\/port2port.be\/fr\/wp-json\/wp\/v2\/types\/product"}],"wp:featuredmedia":[{"embeddable":true,"href":"https:\/\/port2port.be\/fr\/wp-json\/wp\/v2\/media\/3621"}],"wp:attachment":[{"href":"https:\/\/port2port.be\/fr\/wp-json\/wp\/v2\/media?parent=2515"}],"wp:term":[{"taxonomy":"product_brand","embeddable":true,"href":"https:\/\/port2port.be\/fr\/wp-json\/wp\/v2\/product_brand?post=2515"},{"taxonomy":"product_cat","embeddable":true,"href":"https:\/\/port2port.be\/fr\/wp-json\/wp\/v2\/product_cat?post=2515"},{"taxonomy":"product_tag","embeddable":true,"href":"https:\/\/port2port.be\/fr\/wp-json\/wp\/v2\/product_tag?post=2515"},{"taxonomy":"land","embeddable":true,"href":"https:\/\/port2port.be\/fr\/wp-json\/wp\/v2\/land?post=2515"},{"taxonomy":"jaar","embeddable":true,"href":"https:\/\/port2port.be\/fr\/wp-json\/wp\/v2\/jaar?post=2515"}],"curies":[{"name":"wp","href":"https:\/\/api.w.org\/{rel}","templated":true}]}}