{"id":2455,"date":"2025-02-05T09:31:48","date_gmt":"2025-02-05T08:31:48","guid":{"rendered":"https:\/\/port2port.be\/?post_type=product&#038;p=2455"},"modified":"2026-03-26T21:07:35","modified_gmt":"2026-03-26T20:07:35","slug":"barros-special-blend-101-very-old-tawny-port","status":"publish","type":"product","link":"https:\/\/port2port.be\/fr\/produit\/barros-special-blend-101-very-old-tawny-porto\/","title":{"rendered":"Barros Very Old Tawny Port 101 Blend - Douro"},"content":{"rendered":"<p><strong>M\u00e9lange sp\u00e9cial Barros 101<\/strong> Le Very Old Tawny Port est un hommage \u00e0 plus d'un si\u00e8cle de savoir-faire, de passion et de tradition de la c\u00e9l\u00e8bre cave de Porto Barros. Ce porto unique est un assemblage de r\u00e9serves tawny exceptionnellement vieilles, soigneusement vieillies en f\u00fbts de ch\u00eane pour atteindre une complexit\u00e9 et une profondeur in\u00e9gal\u00e9es.<\/p>\n<p>Le vin a une teinte acajou profond avec des nuances dor\u00e9es, signe de son \u00e2ge impressionnant. L'ar\u00f4me est une combinaison raffin\u00e9e et stratifi\u00e9e d'\u00e9corces d'orange confites, de figues s\u00e8ches, de noix, de miel, d'\u00e9pices et d'un soup\u00e7on subtil de moka et de c\u00e8dre. Chaque couche de parfum vous invite \u00e0 d\u00e9couvrir de nouvelles nuances.<\/p>\n<p>\u00c0 la d\u00e9gustation, ce porto offre une texture soyeuse et lisse, ainsi qu'une incroyable profondeur de go\u00fbt. De riches notes de caramel, de toffee, de noix et de fruits secs s'\u00e9quilibrent admirablement avec une acidit\u00e9 rafra\u00eechissante. La finale complexe et persistante est chaleureuse et harmonieuse, avec de subtiles notes d'\u00e9pices et de vanille.<\/p>\n<p><a href=\"https:\/\/port2port.be\/fr\/produit\/barros-special-edition-100-year-old-tawny-porto\/\">M\u00e9lange sp\u00e9cial Barros 101<\/a> Le Very Old Tawny Port est un vin rare et exclusif, id\u00e9al \u00e0 servir lors d'occasions sp\u00e9ciales. D\u00e9gustez-le pur, l\u00e9g\u00e8rement frais, afin d'appr\u00e9cier pleinement ses ar\u00f4mes et ses saveurs. Il accompagne \u00e0 merveille les desserts tels que la cr\u00e8me br\u00fbl\u00e9e, les p\u00e2tisseries aux noix ou le chocolat noir, mais se marie \u00e9galement tr\u00e8s bien avec les fromages bleus et les fromages affin\u00e9s.<\/p>\n<p>Ce porto est pr\u00e9sent\u00e9 dans un emballage luxueux, symbole de son exclusivit\u00e9, et convient parfaitement comme cadeau unique ou comme pi\u00e8ce ma\u00eetresse d'une collection. Avec sa complexit\u00e9 impressionnante et son \u00e9l\u00e9gance intemporelle, le porto Barros 101 Very Old Tawny est un chef-d'\u0153uvre qui refl\u00e8te l'histoire de Barros.<\/p>\n<p>&nbsp;<\/p>","protected":false},"excerpt":{"rendered":"<p><strong>Barros Special Blend 101 Very Old Tawny Port<\/strong> - M\u00e9lange unique de r\u00e9serves de tawny vieillies avec de riches notes de caramel, de noix et d'\u00e9corce d'orange. Soyeux et complexe.<\/p>","protected":false},"featured_media":2366,"template":"","meta":{"_seopress_robots_primary_cat":"none","_seopress_titles_title":"\"Barros 101 Very Old Tawny Port \u2013 Exclusieve en Tijdloze Port\"","_seopress_titles_desc":"\"Barros 101 Very Old Tawny Port, een zeldzame blend van zeer oude tawny met rijke tonen van noten, karamel en sinaasappel. Tijdloze luxe voor fijnproevers.\"","_seopress_robots_index":"","iawp_total_views":27},"product_brand":[246],"product_cat":[22,188],"product_tag":[923,936,76,915],"land":[41],"jaar":[],"class_list":{"0":"post-2455","1":"product","2":"type-product","3":"status-publish","4":"has-post-thumbnail","6":"product_brand-barros","7":"product_cat-porto","8":"product_cat-tawny","9":"product_tag-barros-port","10":"product_tag-douro-valley","11":"product_tag-gerijpte-port","12":"product_tag-tawny-port","13":"pa_druivensoort-tinta-barroca","14":"pa_druivensoort-tinta-roriz-2","15":"pa_druivensoort-tinto-cao","16":"pa_druivensoort-touriga-franca","17":"pa_druivensoort-touriga-nacional","18":"pa_eenheid-750-ml","19":"pa_houten-kist-houten-kist-1-fles","20":"pa_regio-douro","21":"land-portugal","23":"first","24":"instock","25":"taxable","26":"shipping-taxable","27":"purchasable","28":"product-type-simple"},"jetpack_sharing_enabled":true,"_links":{"self":[{"href":"https:\/\/port2port.be\/fr\/wp-json\/wp\/v2\/product\/2455","targetHints":{"allow":["GET"]}}],"collection":[{"href":"https:\/\/port2port.be\/fr\/wp-json\/wp\/v2\/product"}],"about":[{"href":"https:\/\/port2port.be\/fr\/wp-json\/wp\/v2\/types\/product"}],"wp:featuredmedia":[{"embeddable":true,"href":"https:\/\/port2port.be\/fr\/wp-json\/wp\/v2\/media\/2366"}],"wp:attachment":[{"href":"https:\/\/port2port.be\/fr\/wp-json\/wp\/v2\/media?parent=2455"}],"wp:term":[{"taxonomy":"product_brand","embeddable":true,"href":"https:\/\/port2port.be\/fr\/wp-json\/wp\/v2\/product_brand?post=2455"},{"taxonomy":"product_cat","embeddable":true,"href":"https:\/\/port2port.be\/fr\/wp-json\/wp\/v2\/product_cat?post=2455"},{"taxonomy":"product_tag","embeddable":true,"href":"https:\/\/port2port.be\/fr\/wp-json\/wp\/v2\/product_tag?post=2455"},{"taxonomy":"land","embeddable":true,"href":"https:\/\/port2port.be\/fr\/wp-json\/wp\/v2\/land?post=2455"},{"taxonomy":"jaar","embeddable":true,"href":"https:\/\/port2port.be\/fr\/wp-json\/wp\/v2\/jaar?post=2455"}],"curies":[{"name":"wp","href":"https:\/\/api.w.org\/{rel}","templated":true}]}}