{"id":2442,"date":"2025-02-05T09:31:48","date_gmt":"2025-02-05T08:31:48","guid":{"rendered":"https:\/\/port2port.be\/?post_type=product&#038;p=2442"},"modified":"2026-04-18T12:51:48","modified_gmt":"2026-04-18T10:51:48","slug":"barros-tawny-port","status":"publish","type":"product","link":"https:\/\/port2port.be\/fr\/produit\/porto-barros-tawny\/","title":{"rendered":"Porto Tawny Barros - Douro"},"content":{"rendered":"<p><strong>Porto Tawny Barros<\/strong> est un porto sophistiqu\u00e9 qui excelle par ses saveurs complexes et sa teinte ambr\u00e9e caract\u00e9ristique. Ce porto est soigneusement vieilli dans de petits f\u00fbts de ch\u00eane, ce qui conf\u00e8re au vin son caract\u00e8re unique et ses subtiles notes oxydatives. La c\u00e9l\u00e8bre maison Barros, fond\u00e9e en 1913, est connue pour son expertise dans l'\u00e9laboration de vins de porto de grande qualit\u00e9, et ce porto Tawny ne fait pas exception \u00e0 la r\u00e8gle.<\/p>\n<p>Au cours du processus de maturation, le fromage d\u00e9veloppe <a href=\"https:\/\/port2port.be\/fr\/produit\/degustation-1\/\">Barros Tawny<\/a> Le porto offre une large gamme d'ar\u00f4mes et de saveurs. Son bouquet r\u00e9v\u00e8le des notes de noix grill\u00e9es, de caramel, de figues s\u00e9ch\u00e9es et une touche de vanille. En bouche, on per\u00e7oit un \u00e9quilibre d\u00e9licat entre douceur et fra\u00eecheur, avec des nuances de fruits secs, de miel, de caramel et une pointe d'agrumes. La finale est douce et \u00e9l\u00e9gante, avec une d\u00e9licieuse chaleur qui persiste longtemps.<\/p>\n<p>Ce porto est polyvalent et peut \u00eatre servi \u00e0 diff\u00e9rents moments. C'est un excellent choix pour l'ap\u00e9ritif, mais aussi pour accompagner des desserts tels que la cr\u00e8me br\u00fbl\u00e9e, la tarte aux pommes ou les p\u00e2tisseries aux noix. Il se marie \u00e9galement \u00e0 merveille avec les fromages \u00e0 p\u00e2te molle et affin\u00e9s. Servir l\u00e9g\u00e8rement frais pour mettre en valeur les ar\u00f4mes complexes et profiter pleinement de la saveur.<\/p>\n<p>Le porto Tawny Barros est le porto id\u00e9al pour ceux qui aiment les saveurs raffin\u00e9es et \u00e9l\u00e9gantes, et il constitue une merveilleuse introduction au monde des portos tawny. Avec son caract\u00e8re riche et son style accessible, c'est un vin qui impressionne quelle que soit l'occasion.<\/p>","protected":false},"excerpt":{"rendered":"<p><strong>Porto Tawny Barros<\/strong> - Porto ambr\u00e9 aux ar\u00f4mes de noix grill\u00e9es, de caramel et de fruits secs. Finale douce et chaleureuse, id\u00e9ale pour accompagner les desserts ou \u00e0 l'ap\u00e9ritif.<\/p>","protected":false},"featured_media":2396,"template":"","meta":{"_seopress_robots_primary_cat":"none","_seopress_titles_title":"\"Barros Tawny Port \u2013 Elegante en Verfijnde Portwijn\"","_seopress_titles_desc":"\"Proef de verfijning van Barros Tawny Port, met aroma's van geroosterde noten en gedroogd fruit. Perfect bij desserts of als aperitief.\"","_seopress_robots_index":"","iawp_total_views":21},"product_brand":[246],"product_cat":[22,188],"product_tag":[923,936,915],"land":[41],"jaar":[],"class_list":{"0":"post-2442","1":"product","2":"type-product","3":"status-publish","4":"has-post-thumbnail","6":"product_brand-barros","7":"product_cat-porto","8":"product_cat-tawny","9":"product_tag-barros-port","10":"product_tag-douro-valley","11":"product_tag-tawny-port","12":"land-portugal","14":"first","15":"instock","16":"taxable","17":"shipping-taxable","18":"purchasable","19":"product-type-simple"},"jetpack_sharing_enabled":true,"_links":{"self":[{"href":"https:\/\/port2port.be\/fr\/wp-json\/wp\/v2\/product\/2442","targetHints":{"allow":["GET"]}}],"collection":[{"href":"https:\/\/port2port.be\/fr\/wp-json\/wp\/v2\/product"}],"about":[{"href":"https:\/\/port2port.be\/fr\/wp-json\/wp\/v2\/types\/product"}],"wp:featuredmedia":[{"embeddable":true,"href":"https:\/\/port2port.be\/fr\/wp-json\/wp\/v2\/media\/2396"}],"wp:attachment":[{"href":"https:\/\/port2port.be\/fr\/wp-json\/wp\/v2\/media?parent=2442"}],"wp:term":[{"taxonomy":"product_brand","embeddable":true,"href":"https:\/\/port2port.be\/fr\/wp-json\/wp\/v2\/product_brand?post=2442"},{"taxonomy":"product_cat","embeddable":true,"href":"https:\/\/port2port.be\/fr\/wp-json\/wp\/v2\/product_cat?post=2442"},{"taxonomy":"product_tag","embeddable":true,"href":"https:\/\/port2port.be\/fr\/wp-json\/wp\/v2\/product_tag?post=2442"},{"taxonomy":"land","embeddable":true,"href":"https:\/\/port2port.be\/fr\/wp-json\/wp\/v2\/land?post=2442"},{"taxonomy":"jaar","embeddable":true,"href":"https:\/\/port2port.be\/fr\/wp-json\/wp\/v2\/jaar?post=2442"}],"curies":[{"name":"wp","href":"https:\/\/api.w.org\/{rel}","templated":true}]}}