{"id":2439,"date":"2025-02-05T09:31:49","date_gmt":"2025-02-05T08:31:49","guid":{"rendered":"https:\/\/port2port.be\/?post_type=product&#038;p=2439"},"modified":"2026-03-26T21:07:52","modified_gmt":"2026-03-26T20:07:52","slug":"fonseca-ruby-port","status":"publish","type":"product","link":"https:\/\/port2port.be\/fr\/produit\/fonseca-ruby-porto\/","title":{"rendered":"Fonseca Ruby Port - Douro"},"content":{"rendered":"<p><strong>Fonseca Ruby Port<\/strong> est un porto vif et accessible, connu pour son riche caract\u00e8re fruit\u00e9 et sa fra\u00eecheur juv\u00e9nile. Ce porto est produit par la c\u00e9l\u00e8bre maison Fonseca, qui s'est forg\u00e9 une excellente r\u00e9putation dans la production de vins de porto de qualit\u00e9 depuis 1822.<\/p>\n<p>La maturation de <a href=\"https:\/\/port2port.be\/fr\/produit\/porto-blanc-fonseca\/\">Fonseca<\/a> Le Ruby Port est \u00e9lev\u00e9 dans de grands f\u00fbts de ch\u00eane, o\u00f9 le vin conserve son caract\u00e8re fruit\u00e9 caract\u00e9ristique et subit une oxydation minimale. Il en r\u00e9sulte une couleur rubis vive et un ar\u00f4me intense de cerises m\u00fbres, de cassis et de subtiles notes de prunes.<\/p>\n<p>En d\u00e9gustant ce porto, vous d\u00e9couvrirez une somptueuse palette de fruits rouges et noirs juteux, harmonieusement compl\u00e9t\u00e9e par des \u00e9pices douces et un soup\u00e7on de chocolat. Le vin a une texture soyeuse, une acidit\u00e9 \u00e9quilibr\u00e9e et une finale longue et agr\u00e9able qui vous invite \u00e0 prendre une autre gorg\u00e9e.<\/p>\n<p>Le Fonseca Ruby Port accompagne parfaitement les fromages tels que le Stilton ou le Gorgonzola, mais aussi les desserts au chocolat ou aux fruits rouges. C'est \u00e9galement un choix id\u00e9al \u00e0 servir en ap\u00e9ritif ou lors d'une soir\u00e9e mondaine. Servez ce porto l\u00e9g\u00e8rement frais pour laisser s'exprimer au mieux ses ar\u00f4mes fruit\u00e9s.<\/p>\n<p>Avec son style accessible et son profil gustatif riche, le Fonseca Ruby Port convient aussi bien aux amateurs de porto chevronn\u00e9s qu'\u00e0 ceux qui d\u00e9couvrent le monde du porto.<\/p>","protected":false},"excerpt":{"rendered":"<p><strong>Porto rubis riche<\/strong> Avec des ar\u00f4mes vifs de cerises et de cassis, compl\u00e9t\u00e9s par une finale douce et longue.<\/p>","protected":false},"featured_media":2397,"template":"","meta":{"_seopress_robots_primary_cat":"none","_seopress_titles_title":"\"Fonseca Ruby Port \u2013 Rijke en Fruitige Portwijn\"","_seopress_titles_desc":"\"Ontdek de levendige Fonseca Ruby Port met aroma's van rijp rood fruit en een zijdezachte afdronk. Perfect bij kazen, desserts of als aperitief.\"","_seopress_robots_index":"","iawp_total_views":9},"product_brand":[],"product_cat":[22],"product_tag":[936,922,916],"land":[41],"jaar":[],"class_list":{"0":"post-2439","1":"product","2":"type-product","3":"status-publish","4":"has-post-thumbnail","6":"product_cat-porto","7":"product_tag-douro-valley","8":"product_tag-fonseca-port","9":"product_tag-ruby-port","10":"pa_druivensoort-tinta-barroca","11":"pa_druivensoort-tinta-roriz-2","12":"pa_druivensoort-tinto-cao","13":"pa_druivensoort-touriga-franca","14":"pa_druivensoort-touriga-nacional","15":"pa_eenheid-750-ml","16":"pa_regio-douro","17":"land-portugal","19":"first","20":"instock","21":"taxable","22":"shipping-taxable","23":"purchasable","24":"product-type-simple"},"jetpack_sharing_enabled":true,"_links":{"self":[{"href":"https:\/\/port2port.be\/fr\/wp-json\/wp\/v2\/product\/2439","targetHints":{"allow":["GET"]}}],"collection":[{"href":"https:\/\/port2port.be\/fr\/wp-json\/wp\/v2\/product"}],"about":[{"href":"https:\/\/port2port.be\/fr\/wp-json\/wp\/v2\/types\/product"}],"wp:featuredmedia":[{"embeddable":true,"href":"https:\/\/port2port.be\/fr\/wp-json\/wp\/v2\/media\/2397"}],"wp:attachment":[{"href":"https:\/\/port2port.be\/fr\/wp-json\/wp\/v2\/media?parent=2439"}],"wp:term":[{"taxonomy":"product_brand","embeddable":true,"href":"https:\/\/port2port.be\/fr\/wp-json\/wp\/v2\/product_brand?post=2439"},{"taxonomy":"product_cat","embeddable":true,"href":"https:\/\/port2port.be\/fr\/wp-json\/wp\/v2\/product_cat?post=2439"},{"taxonomy":"product_tag","embeddable":true,"href":"https:\/\/port2port.be\/fr\/wp-json\/wp\/v2\/product_tag?post=2439"},{"taxonomy":"land","embeddable":true,"href":"https:\/\/port2port.be\/fr\/wp-json\/wp\/v2\/land?post=2439"},{"taxonomy":"jaar","embeddable":true,"href":"https:\/\/port2port.be\/fr\/wp-json\/wp\/v2\/jaar?post=2439"}],"curies":[{"name":"wp","href":"https:\/\/api.w.org\/{rel}","templated":true}]}}