{"id":2433,"date":"2025-02-05T09:32:21","date_gmt":"2025-02-05T08:32:21","guid":{"rendered":"https:\/\/port2port.be\/?post_type=product&#038;p=2433"},"modified":"2026-03-26T21:05:47","modified_gmt":"2026-03-26T20:05:47","slug":"barros-colheita-2000-port","status":"publish","type":"product","link":"https:\/\/port2port.be\/fr\/produit\/porto-barros-colheita-2000\/","title":{"rendered":"2000 Barros Colheita Port - Douro"},"content":{"rendered":"<h2>Porto Barros Colheita 2000<\/h2>\n<h3>Un porto raffin\u00e9 et de caract\u00e8re<\/h3>\n<p><a href=\"https:\/\/port2port.be\/fr\/degustation-de-porto\/\">Barros Colheita<\/a> Le porto 2000 est un porto exclusif et raffin\u00e9, caract\u00e9ris\u00e9 par un vieillissement riche et un profil de saveur profond. Gr\u00e2ce \u00e0 un long vieillissement en f\u00fbts de ch\u00eane, ce porto d\u00e9veloppe des ar\u00f4mes complexes et une texture velout\u00e9e.<\/p>\n<h3>Saveur et go\u00fbt<\/h3>\n<p>Ce porto Colheita s\u00e9duit par son bouquet \u00e9tag\u00e9 et raffin\u00e9, dans lequel on retrouve les notes suivantes :<\/p>\n<ul>\n<li>Fruits secs<\/li>\n<li>Chocolat<\/li>\n<li>\u00c9pices subtiles<\/li>\n<li>Noix<\/li>\n<li>\u00c9pices<\/li>\n<\/ul>\n<p>Le long vieillissement permet d'obtenir une saveur parfaitement \u00e9quilibr\u00e9e, alliant douceur et complexit\u00e9.<\/p>\n<h3>Une exp\u00e9rience gustative particuli\u00e8re<\/h3>\n<p>\u00c0 chaque gorg\u00e9e, vous go\u00fbtez l'harmonie raffin\u00e9e entre les notes sucr\u00e9es et \u00e9pic\u00e9es. La finale longue et \u00e9l\u00e9gante rend ce porto tr\u00e8s sp\u00e9cial et vous invite \u00e0 le d\u00e9guster encore et encore.<\/p>\n<h3>Parfait pour les occasions sp\u00e9ciales<\/h3>\n<p>Le Porto Barros Colheita 2000 est le choix id\u00e9al pour les amateurs de sp\u00e9cialit\u00e9s exclusives du Douro. Il convient parfaitement aux occasions festives et compl\u00e8te \u00e0 merveille une vaste collection de portos.<\/p>\n<h3>Un classique intemporel<\/h3>\n<p>Ce porto m\u00fbri avec soin refl\u00e8te le savoir-faire et la tradition. Pour ceux qui recherchent un porto sp\u00e9cial \u00e0 l'histoire riche, Barros Colheita 2000 est un v\u00e9ritable r\u00e9gal et un compl\u00e9ment indispensable \u00e0 toute collection.<\/p>","protected":false},"excerpt":{"rendered":"<p><strong>Porto Barros Colheita 2000<\/strong>\u00a0 Porto cors\u00e9 aux notes de fruits secs, de chocolat et de figues, avec une longue finale.<\/p>","protected":false},"featured_media":2326,"template":"","meta":{"_seopress_robots_primary_cat":"none","_seopress_titles_title":"\"Barros Colheita 2000 Port \u2013 Verfijnde Dessertwijn\"","_seopress_titles_desc":"\"Barros Colheita 2000 Port is een verfijnde port met rijke tonen van gedroogd fruit, chocolade en noten, afgewerkt met een zachte en lange afdronk.\"","_seopress_robots_index":"","iawp_total_views":22},"product_brand":[246],"product_cat":[70,22],"product_tag":[923,919,936,76],"land":[41],"jaar":[65],"class_list":{"0":"post-2433","1":"product","2":"type-product","3":"status-publish","4":"has-post-thumbnail","6":"product_brand-barros","7":"product_cat-colheita","8":"product_cat-porto","9":"product_tag-barros-port","10":"product_tag-colheita-port","11":"product_tag-douro-valley","12":"product_tag-gerijpte-port","13":"pa_druivensoort-tinta-barroca","14":"pa_druivensoort-tinta-roriz-2","15":"pa_druivensoort-tinto-cao","16":"pa_druivensoort-touriga-franca","17":"pa_druivensoort-touriga-nacional","18":"pa_eenheid-750-ml","19":"pa_houten-kist-houten-kist-1-fles","20":"pa_regio-douro","21":"land-portugal","22":"jaar-65","24":"first","25":"instock","26":"taxable","27":"shipping-taxable","28":"purchasable","29":"product-type-simple"},"jetpack_sharing_enabled":true,"_links":{"self":[{"href":"https:\/\/port2port.be\/fr\/wp-json\/wp\/v2\/product\/2433","targetHints":{"allow":["GET"]}}],"collection":[{"href":"https:\/\/port2port.be\/fr\/wp-json\/wp\/v2\/product"}],"about":[{"href":"https:\/\/port2port.be\/fr\/wp-json\/wp\/v2\/types\/product"}],"wp:featuredmedia":[{"embeddable":true,"href":"https:\/\/port2port.be\/fr\/wp-json\/wp\/v2\/media\/2326"}],"wp:attachment":[{"href":"https:\/\/port2port.be\/fr\/wp-json\/wp\/v2\/media?parent=2433"}],"wp:term":[{"taxonomy":"product_brand","embeddable":true,"href":"https:\/\/port2port.be\/fr\/wp-json\/wp\/v2\/product_brand?post=2433"},{"taxonomy":"product_cat","embeddable":true,"href":"https:\/\/port2port.be\/fr\/wp-json\/wp\/v2\/product_cat?post=2433"},{"taxonomy":"product_tag","embeddable":true,"href":"https:\/\/port2port.be\/fr\/wp-json\/wp\/v2\/product_tag?post=2433"},{"taxonomy":"land","embeddable":true,"href":"https:\/\/port2port.be\/fr\/wp-json\/wp\/v2\/land?post=2433"},{"taxonomy":"jaar","embeddable":true,"href":"https:\/\/port2port.be\/fr\/wp-json\/wp\/v2\/jaar?post=2433"}],"curies":[{"name":"wp","href":"https:\/\/api.w.org\/{rel}","templated":true}]}}