{"id":2405,"date":"2025-02-05T09:31:49","date_gmt":"2025-02-05T08:31:49","guid":{"rendered":"https:\/\/port2port.be\/?post_type=product&#038;p=2405"},"modified":"2026-03-26T21:11:34","modified_gmt":"2026-03-26T20:11:34","slug":"barros-colheita-1950","status":"publish","type":"product","link":"https:\/\/port2port.be\/fr\/produit\/barros-colheita-1950\/","title":{"rendered":"1950 Barros Colheita Port - Douro"},"content":{"rendered":"<p><strong>Barros Colheita 1950 - La perfection intemporelle<\/strong><br \/>\nLe Barros Colheita 1950 est un porto exceptionnel qui d\u00e9montre brillamment l'art du vieillissement et du savoir-faire. Ce porto, \u00e9labor\u00e9 \u00e0 partir de raisins provenant de l'exceptionnel mill\u00e9sime 1950, a vieilli pendant plus de 70 ans dans des f\u00fbts en bois, ce qui a donn\u00e9 un vin d'une profondeur et d'une complexit\u00e9 in\u00e9gal\u00e9es.<\/p>\n<p>Les ar\u00f4mes sont riches et raffin\u00e9s, avec des notes de figues s\u00e8ches, de noix, de caramel et un soup\u00e7on d'\u00e9corce d'orange. En bouche, ce porto est cors\u00e9 et velout\u00e9, avec des saveurs harmonieuses de miel, de caramel et d'\u00e9pices subtiles. La finale longue et \u00e9l\u00e9gante laisse une impression inoubliable.<\/p>\n<p>Le <a href=\"https:\/\/port2port.be\/fr\/produit\/barros-colheita-1974\/\">Barros Colheita<\/a> 1950 est parfait pour les occasions sp\u00e9ciales ou comme cadeau exclusif pour les collectionneurs et les amateurs de porto vintage. Associez-le \u00e0 des desserts tels que le g\u00e2teau aux noix, la cr\u00e8me br\u00fbl\u00e9e ou d\u00e9gustez purement ce chef-d'\u0153uvre, qui a r\u00e9sist\u00e9 avec gr\u00e2ce \u00e0 l'\u00e9preuve du temps.<\/p>","protected":false},"excerpt":{"rendered":"<p><strong>Barros Colheita 1950<\/strong><br \/>\nHarmonieux et complexe, avec de riches ar\u00f4mes de noix grill\u00e9es et un soup\u00e7on d'agrumes.<\/p>","protected":false},"featured_media":3393,"template":"","meta":{"_seopress_robots_primary_cat":"none","_seopress_titles_title":"","_seopress_titles_desc":"","_seopress_robots_index":"","iawp_total_views":23},"product_brand":[246],"product_cat":[70,22],"product_tag":[923,919,936,76],"land":[41],"jaar":[96],"class_list":{"0":"post-2405","1":"product","2":"type-product","3":"status-publish","4":"has-post-thumbnail","6":"product_brand-barros","7":"product_cat-colheita","8":"product_cat-porto","9":"product_tag-barros-port","10":"product_tag-colheita-port","11":"product_tag-douro-valley","12":"product_tag-gerijpte-port","13":"pa_druivensoort-tinta-barroca","14":"pa_druivensoort-tinta-roriz-2","15":"pa_druivensoort-tinto-cao","16":"pa_druivensoort-touriga-franca","17":"pa_druivensoort-touriga-nacional","18":"pa_eenheid-750-ml","19":"pa_houten-kist-houten-kist-1-fles","20":"pa_regio-douro","21":"land-portugal","22":"jaar-96","24":"first","25":"instock","26":"taxable","27":"shipping-taxable","28":"purchasable","29":"product-type-simple"},"jetpack_sharing_enabled":true,"_links":{"self":[{"href":"https:\/\/port2port.be\/fr\/wp-json\/wp\/v2\/product\/2405","targetHints":{"allow":["GET"]}}],"collection":[{"href":"https:\/\/port2port.be\/fr\/wp-json\/wp\/v2\/product"}],"about":[{"href":"https:\/\/port2port.be\/fr\/wp-json\/wp\/v2\/types\/product"}],"wp:featuredmedia":[{"embeddable":true,"href":"https:\/\/port2port.be\/fr\/wp-json\/wp\/v2\/media\/3393"}],"wp:attachment":[{"href":"https:\/\/port2port.be\/fr\/wp-json\/wp\/v2\/media?parent=2405"}],"wp:term":[{"taxonomy":"product_brand","embeddable":true,"href":"https:\/\/port2port.be\/fr\/wp-json\/wp\/v2\/product_brand?post=2405"},{"taxonomy":"product_cat","embeddable":true,"href":"https:\/\/port2port.be\/fr\/wp-json\/wp\/v2\/product_cat?post=2405"},{"taxonomy":"product_tag","embeddable":true,"href":"https:\/\/port2port.be\/fr\/wp-json\/wp\/v2\/product_tag?post=2405"},{"taxonomy":"land","embeddable":true,"href":"https:\/\/port2port.be\/fr\/wp-json\/wp\/v2\/land?post=2405"},{"taxonomy":"jaar","embeddable":true,"href":"https:\/\/port2port.be\/fr\/wp-json\/wp\/v2\/jaar?post=2405"}],"curies":[{"name":"wp","href":"https:\/\/api.w.org\/{rel}","templated":true}]}}