{"id":2402,"date":"2025-02-05T09:32:21","date_gmt":"2025-02-05T08:32:21","guid":{"rendered":"https:\/\/port2port.be\/?post_type=product&#038;p=2402"},"modified":"2026-03-26T21:12:17","modified_gmt":"2026-03-26T20:12:17","slug":"barros-colheita-1935","status":"publish","type":"product","link":"https:\/\/port2port.be\/fr\/produit\/barros-colheita-1935\/","title":{"rendered":"1935 Barros Colheita Port - Douro"},"content":{"rendered":"<h2><strong>Un port l\u00e9gendaire avec pr\u00e8s d'un si\u00e8cle de tradition<\/strong><\/h2>\n<p>Le porto Barros Colheita 1935 est un vin de porto vraiment unique qui porte en lui pr\u00e8s d'un si\u00e8cle d'histoire et de savoir-faire. Issu d'un seul mill\u00e9sime et vieilli pendant des d\u00e9cennies en f\u00fbts de ch\u00eane, ce rare porto est le fruit d'un travail de longue haleine. <a href=\"https:\/\/port2port.be\/fr\/produit\/barros-colheita-1950\/\">Colheita<\/a> une sophistication et une complexit\u00e9 difficilement \u00e9galables.<\/p>\n<p><strong>Saveur et go\u00fbt<\/strong><\/p>\n<p>Ce porto Colheita 1935 offre un riche bouquet de.. :<\/p>\n<ul>\n<li>Figues s\u00e9ch\u00e9es<\/li>\n<li>Amandes grill\u00e9es<\/li>\n<li>Caramel<\/li>\n<li>Une touche d'\u00e9pices<\/li>\n<\/ul>\n<p>En bouche, vous trouverez une douceur parfaitement \u00e9quilibr\u00e9e, compl\u00e9t\u00e9e par des notes d'orange confite, de miel et une subtile touche de moka. La texture velout\u00e9e et la longueur exceptionnelle de la finale font de ce porto un chef-d'\u0153uvre de saveur et d'\u00e9l\u00e9gance.<\/p>\n<h3><strong>Une exp\u00e9rience gustative particuli\u00e8re<\/strong><\/h3>\n<p>\u00c0 chaque gorg\u00e9e, vous go\u00fbtez l'harmonie du temps. Le porto Barros Colheita 1935 offre une exp\u00e9rience de d\u00e9gustation presque m\u00e9ditative : intense, stratifi\u00e9 et dot\u00e9 d'une finale chaude et persistante. C'est un porto pour le connaisseur qui appr\u00e9cie une bouteille unique et historique.<\/p>\n<h3><strong>Parfait pour des occasions uniques<\/strong><\/h3>\n<p>Ce porto m\u00e9rite d'\u00eatre d\u00e9gust\u00e9 avec respect. Il s'exprime au mieux lorsqu'il est servi pur, l\u00e9g\u00e8rement frais. Il se marie \u00e0 merveille avec :<\/p>\n<ul>\n<li>Desserts tels que la cr\u00e8me br\u00fbl\u00e9e ou le g\u00e2teau aux amandes<\/li>\n<li>Fromages affin\u00e9s tels que le Stilton ou un Manchego affin\u00e9<\/li>\n<\/ul>\n<h3><strong>Un monument dans une bouteille<\/strong><\/h3>\n<p>Le Porto Barros Colheita 1935 n'est pas un vin comme les autres ; c'est un h\u00e9ritage de savoir-faire et de tradition. Il est parfait comme joyau de la couronne d'une collection ou comme cadeau qui impressionne vraiment. Avec pr\u00e8s d'un si\u00e8cle de vieillissement et d'expertise, ce porto est un rappel intemporel de l'art de la fabrication du porto.<\/p>","protected":false},"excerpt":{"rendered":"<p><strong>Barros Colheita 1935<\/strong><br \/>\nUn porto sophistiqu\u00e9 aux notes complexes de caramel, de noix et d'\u00e9pices subtiles, m\u00fbri \u00e0 la perfection.<\/p>","protected":false},"featured_media":2275,"template":"","meta":{"_seopress_robots_primary_cat":"none","_seopress_titles_title":"","_seopress_titles_desc":"","_seopress_robots_index":"","iawp_total_views":27},"product_brand":[246],"product_cat":[70,22],"product_tag":[923,919,936,76],"land":[41],"jaar":[72],"class_list":{"0":"post-2402","1":"product","2":"type-product","3":"status-publish","4":"has-post-thumbnail","6":"product_brand-barros","7":"product_cat-colheita","8":"product_cat-porto","9":"product_tag-barros-port","10":"product_tag-colheita-port","11":"product_tag-douro-valley","12":"product_tag-gerijpte-port","13":"pa_druivensoort-tinta-barroca","14":"pa_druivensoort-tinta-roriz-2","15":"pa_druivensoort-tinto-cao","16":"pa_druivensoort-touriga-franca","17":"pa_druivensoort-touriga-nacional","18":"pa_eenheid-750-ml","19":"pa_houten-kist-houten-kist-1-fles","20":"pa_regio-douro","21":"land-portugal","22":"jaar-72","24":"first","25":"instock","26":"taxable","27":"shipping-taxable","28":"purchasable","29":"product-type-simple"},"jetpack_sharing_enabled":true,"_links":{"self":[{"href":"https:\/\/port2port.be\/fr\/wp-json\/wp\/v2\/product\/2402","targetHints":{"allow":["GET"]}}],"collection":[{"href":"https:\/\/port2port.be\/fr\/wp-json\/wp\/v2\/product"}],"about":[{"href":"https:\/\/port2port.be\/fr\/wp-json\/wp\/v2\/types\/product"}],"wp:featuredmedia":[{"embeddable":true,"href":"https:\/\/port2port.be\/fr\/wp-json\/wp\/v2\/media\/2275"}],"wp:attachment":[{"href":"https:\/\/port2port.be\/fr\/wp-json\/wp\/v2\/media?parent=2402"}],"wp:term":[{"taxonomy":"product_brand","embeddable":true,"href":"https:\/\/port2port.be\/fr\/wp-json\/wp\/v2\/product_brand?post=2402"},{"taxonomy":"product_cat","embeddable":true,"href":"https:\/\/port2port.be\/fr\/wp-json\/wp\/v2\/product_cat?post=2402"},{"taxonomy":"product_tag","embeddable":true,"href":"https:\/\/port2port.be\/fr\/wp-json\/wp\/v2\/product_tag?post=2402"},{"taxonomy":"land","embeddable":true,"href":"https:\/\/port2port.be\/fr\/wp-json\/wp\/v2\/land?post=2402"},{"taxonomy":"jaar","embeddable":true,"href":"https:\/\/port2port.be\/fr\/wp-json\/wp\/v2\/jaar?post=2402"}],"curies":[{"name":"wp","href":"https:\/\/api.w.org\/{rel}","templated":true}]}}