{"id":2278,"date":"2025-02-05T09:31:49","date_gmt":"2025-02-05T08:31:49","guid":{"rendered":"https:\/\/port2port.be\/?post_type=product&#038;p=2278"},"modified":"2026-03-26T21:12:54","modified_gmt":"2026-03-26T20:12:54","slug":"barros-colheita-port-1940","status":"publish","type":"product","link":"https:\/\/port2port.be\/fr\/produit\/barros-colheita-port-1940\/","title":{"rendered":"1940 Barros Colheita Port - Douro"},"content":{"rendered":"<p><strong>Barros Colheita 1940 - Un chef-d'\u0153uvre intemporel<\/strong><br \/>\nLe <a href=\"https:\/\/port2port.be\/fr\/produit\/barros-colheita-1997-porto\/\">Barros Colheita<\/a> 1940 est un porto rare et raffin\u00e9 qui incarne la riche tradition et l'histoire de la vall\u00e9e du Douro. Issu d'une r\u00e9colte exceptionnelle et vieilli en f\u00fbts de bois pendant plus de 80 ans, ce Colheita est un exemple unique de savoir-faire et de patience.<\/p>\n<p>Le bouquet est intense et stratifi\u00e9, avec des ar\u00f4mes de fruits secs, de figues, de noix et de caramel, compl\u00e9t\u00e9s par des notes subtiles d'\u00e9pices et d'\u00e9corce d'orange. La bouche est profonde et harmonieuse, avec des notes velout\u00e9es de caramel, de noix grill\u00e9es, de miel et un soup\u00e7on d'agrumes. La finale longue et \u00e9l\u00e9gante continue d'impressionner.<\/p>\n<p>Id\u00e9al pour les moments sp\u00e9ciaux ou comme cadeau exclusif. Accompagnez des desserts tels que le g\u00e2teau aux noix, la cr\u00e8me caramel ou d\u00e9gustez-le pur, en hommage \u00e0 ce chef-d'\u0153uvre du temps.<\/p>","protected":false},"excerpt":{"rendered":"<p><strong>Barros 1940 Colheita<\/strong><br \/>\nUn porto rare, d'une profondeur exceptionnelle, aux saveurs harmonieuses de noix, de caramel et d'\u00e9pices.<\/p>","protected":false},"featured_media":2270,"template":"","meta":{"_seopress_robots_primary_cat":"none","_seopress_titles_title":"","_seopress_titles_desc":"","_seopress_robots_index":"","iawp_total_views":15},"product_brand":[246],"product_cat":[70,22],"product_tag":[923,919,936,76],"land":[41],"jaar":[87],"class_list":{"0":"post-2278","1":"product","2":"type-product","3":"status-publish","4":"has-post-thumbnail","6":"product_brand-barros","7":"product_cat-colheita","8":"product_cat-porto","9":"product_tag-barros-port","10":"product_tag-colheita-port","11":"product_tag-douro-valley","12":"product_tag-gerijpte-port","13":"pa_druivensoort-tinta-barroca","14":"pa_druivensoort-tinta-roriz-2","15":"pa_druivensoort-tinto-cao","16":"pa_druivensoort-touriga-franca","17":"pa_druivensoort-touriga-nacional","18":"pa_eenheid-750-ml","19":"pa_houten-kist-houten-kist-1-fles","20":"pa_regio-douro","21":"land-portugal","22":"jaar-87","24":"first","25":"instock","26":"taxable","27":"shipping-taxable","28":"purchasable","29":"product-type-simple"},"jetpack_sharing_enabled":true,"_links":{"self":[{"href":"https:\/\/port2port.be\/fr\/wp-json\/wp\/v2\/product\/2278","targetHints":{"allow":["GET"]}}],"collection":[{"href":"https:\/\/port2port.be\/fr\/wp-json\/wp\/v2\/product"}],"about":[{"href":"https:\/\/port2port.be\/fr\/wp-json\/wp\/v2\/types\/product"}],"wp:featuredmedia":[{"embeddable":true,"href":"https:\/\/port2port.be\/fr\/wp-json\/wp\/v2\/media\/2270"}],"wp:attachment":[{"href":"https:\/\/port2port.be\/fr\/wp-json\/wp\/v2\/media?parent=2278"}],"wp:term":[{"taxonomy":"product_brand","embeddable":true,"href":"https:\/\/port2port.be\/fr\/wp-json\/wp\/v2\/product_brand?post=2278"},{"taxonomy":"product_cat","embeddable":true,"href":"https:\/\/port2port.be\/fr\/wp-json\/wp\/v2\/product_cat?post=2278"},{"taxonomy":"product_tag","embeddable":true,"href":"https:\/\/port2port.be\/fr\/wp-json\/wp\/v2\/product_tag?post=2278"},{"taxonomy":"land","embeddable":true,"href":"https:\/\/port2port.be\/fr\/wp-json\/wp\/v2\/land?post=2278"},{"taxonomy":"jaar","embeddable":true,"href":"https:\/\/port2port.be\/fr\/wp-json\/wp\/v2\/jaar?post=2278"}],"curies":[{"name":"wp","href":"https:\/\/api.w.org\/{rel}","templated":true}]}}