{"id":2257,"date":"2025-02-05T09:31:20","date_gmt":"2025-02-05T08:31:20","guid":{"rendered":"https:\/\/port2port.be\/?post_type=product&#038;p=2257"},"modified":"2026-03-26T21:05:37","modified_gmt":"2026-03-26T20:05:37","slug":"niepoort-vintage-port-1977","status":"publish","type":"product","link":"https:\/\/port2port.be\/fr\/produit\/niepoort-vintage-port-1977\/","title":{"rendered":"1977 Niepoort Vintage Port - Douro"},"content":{"rendered":"<p>Le <strong>Porto Vintage Niepoort 1977<\/strong> est un vin embl\u00e9matique qui refl\u00e8te la qualit\u00e9 exceptionnelle de cette ann\u00e9e l\u00e9gendaire. L'ann\u00e9e 1977 est consid\u00e9r\u00e9e comme l'un des meilleurs mill\u00e9simes de l'histoire du porto, et le Niepoort 1977 en est un parfait exemple. Avec son caract\u00e8re robuste, ses saveurs profondes et son potentiel de vieillissement, c'est un v\u00e9ritable r\u00e9gal pour les amateurs et les collectionneurs de porto.<\/p>\n<p>Lorsqu'il est vers\u00e9, le porto pr\u00e9sente une couleur rouge rubis profond qui \u00e9volue lentement vers une teinte plus brune avec le temps, refl\u00e9tant l'\u00e2ge et la maturit\u00e9 du vin. L'ar\u00f4me est une palette complexe de parfums, avec des notes intenses de fruits noirs tels que les m\u00fbres, le cassis et les prunes, associ\u00e9es \u00e0 des \u00e9pices subtiles, du tabac, du chocolat et un soup\u00e7on de cuir. C'est un parfum qui se r\u00e9v\u00e8le de plus en plus profond au fur et \u00e0 mesure que le porto respire dans le verre.<\/p>\n<p>Le go\u00fbt de la <strong><a href=\"https:\/\/port2port.be\/fr\/produit\/niepoort-vintage-port-1992\/\">Niepoort Mill\u00e9sime<\/a> Port 1977<\/strong> est cors\u00e9, riche et \u00e9l\u00e9gant. Le caract\u00e8re fruit\u00e9 reste pr\u00e9sent, mais il est soutenu par des notes complexes de fruits secs, un l\u00e9ger piquant de noix et un soup\u00e7on de caramel. Les tanins sont bien int\u00e9gr\u00e9s et conf\u00e8rent au porto une belle structure. La finale est longue, puissante et raffin\u00e9e, avec un \u00e9quilibre agr\u00e9able entre la douceur et les notes \u00e9pic\u00e9es que le porto a d\u00e9velopp\u00e9es au fil des ans.<\/p>\n<p>Le pr\u00e9sent <strong>Porto Vintage Niepoort 1977<\/strong> est le choix id\u00e9al pour les occasions sp\u00e9ciales, les anniversaires ou comme cadeau unique pour un collectionneur. C'est un porto qui continuera \u00e0 vieillir et \u00e0 d\u00e9velopper une complexit\u00e9 croissante au cours des prochaines ann\u00e9es, mais qui peut d'ores et d\u00e9j\u00e0 \u00eatre appr\u00e9ci\u00e9 pour son caract\u00e8re riche et son \u00e9l\u00e9gance.<\/p>","protected":false},"excerpt":{"rendered":"<p><strong>Porto Vintage Niepoort 1977<\/strong> - Un porto mill\u00e9sim\u00e9 riche et complexe, avec des notes de fruits noirs, de chocolat et d'\u00e9pices. Un porto parfait pour les collectionneurs et les occasions sp\u00e9ciales.<\/p>","protected":false},"featured_media":3397,"template":"","meta":{"_seopress_robots_primary_cat":"none","_seopress_titles_title":"Niepoort 1977 Vintage Port \u2013 Zeldzame Port voor Verzamelaars","_seopress_titles_desc":"\"Ontdek de rijke smaken van Niepoort Vintage Port 1977. Gedroogd fruit, kruiden en chocolade komen samen in deze complexe en verfijnde port.\"","_seopress_robots_index":"","iawp_total_views":96},"product_brand":[247],"product_cat":[22,71],"product_tag":[936,76,921,914],"land":[41],"jaar":[69],"class_list":{"0":"post-2257","1":"product","2":"type-product","3":"status-publish","4":"has-post-thumbnail","6":"product_brand-niepoort","7":"product_cat-porto","8":"product_cat-vintage","9":"product_tag-douro-valley","10":"product_tag-gerijpte-port","11":"product_tag-niepoort-port","12":"product_tag-vintage-port","13":"pa_druivensoort-tinta-barroca","14":"pa_druivensoort-tinta-roriz-2","15":"pa_druivensoort-tinto-cao","16":"pa_druivensoort-touriga-franca","17":"pa_druivensoort-touriga-nacional","18":"pa_eenheid-750-ml","19":"pa_houten-kist-houten-kist-6-flessen","20":"pa_regio-douro","21":"land-portugal","22":"jaar-69","24":"first","25":"instock","26":"taxable","27":"shipping-taxable","28":"purchasable","29":"product-type-simple"},"jetpack_sharing_enabled":true,"_links":{"self":[{"href":"https:\/\/port2port.be\/fr\/wp-json\/wp\/v2\/product\/2257","targetHints":{"allow":["GET"]}}],"collection":[{"href":"https:\/\/port2port.be\/fr\/wp-json\/wp\/v2\/product"}],"about":[{"href":"https:\/\/port2port.be\/fr\/wp-json\/wp\/v2\/types\/product"}],"wp:featuredmedia":[{"embeddable":true,"href":"https:\/\/port2port.be\/fr\/wp-json\/wp\/v2\/media\/3397"}],"wp:attachment":[{"href":"https:\/\/port2port.be\/fr\/wp-json\/wp\/v2\/media?parent=2257"}],"wp:term":[{"taxonomy":"product_brand","embeddable":true,"href":"https:\/\/port2port.be\/fr\/wp-json\/wp\/v2\/product_brand?post=2257"},{"taxonomy":"product_cat","embeddable":true,"href":"https:\/\/port2port.be\/fr\/wp-json\/wp\/v2\/product_cat?post=2257"},{"taxonomy":"product_tag","embeddable":true,"href":"https:\/\/port2port.be\/fr\/wp-json\/wp\/v2\/product_tag?post=2257"},{"taxonomy":"land","embeddable":true,"href":"https:\/\/port2port.be\/fr\/wp-json\/wp\/v2\/land?post=2257"},{"taxonomy":"jaar","embeddable":true,"href":"https:\/\/port2port.be\/fr\/wp-json\/wp\/v2\/jaar?post=2257"}],"curies":[{"name":"wp","href":"https:\/\/api.w.org\/{rel}","templated":true}]}}