{"id":2251,"date":"2025-02-05T09:31:20","date_gmt":"2025-02-05T08:31:20","guid":{"rendered":"https:\/\/port2port.be\/?post_type=product&#038;p=2251"},"modified":"2026-03-26T21:05:42","modified_gmt":"2026-03-26T20:05:42","slug":"niepoort-vintage-port-1994","status":"publish","type":"product","link":"https:\/\/port2port.be\/fr\/produit\/niepoort-vintage-port-1994\/","title":{"rendered":"1994 Niepoort Vintage Port - Douro"},"content":{"rendered":"<p>Le <strong>Niepoort Vintage Port 1994<\/strong> est un porto qui illustre l'art de la fabrication du porto dans toute sa splendeur. Cette ann\u00e9e a \u00e9t\u00e9 reconnue comme un mill\u00e9sime exceptionnel et le porto refl\u00e8te les excellentes conditions de r\u00e9colte de cette ann\u00e9e. Le porto a un potentiel de vieillissement impressionnant et offre un \u00e9quilibre harmonieux de saveurs fruit\u00e9es, de puissance et d'\u00e9l\u00e9gance.<\/p>\n<p>Lorsqu'il est vers\u00e9, ce porto montre sa couleur rouge rubis profond, signe de la concentration contenue dans le vin. L'ar\u00f4me s'ouvre sur un riche m\u00e9lange de fruits noirs tels que les m\u00fbres, le cassis et les prunes, compl\u00e9t\u00e9 par des notes subtiles d'\u00e9pices, de chocolat et de tabac. Une d\u00e9licate fra\u00eecheur min\u00e9rale ajoute de la complexit\u00e9 \u00e0 l'ar\u00f4me et conf\u00e8re \u00e0 ce porto un caract\u00e8re stratifi\u00e9.<\/p>\n<p>Dans la bouche, le <strong><a href=\"https:\/\/port2port.be\/fr\/produit\/niepoort-vintage-port-1997\/\">Niepoort Mill\u00e9sime<\/a> Port 1994<\/strong> Ample, puissant et intense, avec une structure \u00e9l\u00e9gante. Les ar\u00f4mes de fruits noirs m\u00fbrs apparaissent imm\u00e9diatement, suivis de nuances de caramel, de chocolat et d'\u00e9pices. Les tannins sont fermes mais bien int\u00e9gr\u00e9s, soulignant la promesse d'une longue maturation et d'un d\u00e9veloppement ult\u00e9rieur du vin. La finale est longue et puissante, avec un \u00e9quilibre parfait entre la douceur fruit\u00e9e et les notes \u00e9pic\u00e9es.<\/p>\n<p>Ce porto est un choix parfait pour accompagner des desserts riches et chocolat\u00e9s ou des fromages affin\u00e9s, ou simplement comme digestif. Le porto <strong>Niepoort Vintage Port 1994<\/strong> est un vin merveilleux pour les collectionneurs et un excellent choix pour les occasions sp\u00e9ciales. Son potentiel de vieillissement en fait un porto qui ne peut que s'am\u00e9liorer avec l'\u00e2ge.<\/p>","protected":false},"excerpt":{"rendered":"<p><strong>Niepoort Vintage Port 1994<\/strong> - Porto puissant aux notes de cassis, de chocolat et d'\u00e9pices. Cors\u00e9, \u00e9l\u00e9gant, parfait pour les collectionneurs et les grandes occasions.<\/p>","protected":false},"featured_media":3399,"template":"","meta":{"_seopress_robots_primary_cat":"none","_seopress_titles_title":"\"Niepoort Vintage Port 1994 \u2013 Collectors Port voor Verzamelaars\"","_seopress_titles_desc":"\"Ontdek de verfijning van Niepoort Vintage Port 1994. Rijke tonen van zwarte bessen chocolade en kruiden. Perfect voor verzamelaars en bijzondere gelegenheden.\"","_seopress_robots_index":"","iawp_total_views":26},"product_brand":[247],"product_cat":[22,71],"product_tag":[936,76,921,914],"land":[41],"jaar":[67],"class_list":{"0":"post-2251","1":"product","2":"type-product","3":"status-publish","4":"has-post-thumbnail","6":"product_brand-niepoort","7":"product_cat-porto","8":"product_cat-vintage","9":"product_tag-douro-valley","10":"product_tag-gerijpte-port","11":"product_tag-niepoort-port","12":"product_tag-vintage-port","13":"pa_druivensoort-tinta-barroca","14":"pa_druivensoort-tinta-roriz-2","15":"pa_druivensoort-tinto-cao","16":"pa_druivensoort-touriga-franca","17":"pa_druivensoort-touriga-nacional","18":"pa_eenheid-750-ml","19":"pa_houten-kist-houten-kist-6-flessen","20":"pa_regio-douro","21":"land-portugal","22":"jaar-67","24":"first","25":"instock","26":"taxable","27":"shipping-taxable","28":"purchasable","29":"product-type-simple"},"jetpack_sharing_enabled":true,"_links":{"self":[{"href":"https:\/\/port2port.be\/fr\/wp-json\/wp\/v2\/product\/2251","targetHints":{"allow":["GET"]}}],"collection":[{"href":"https:\/\/port2port.be\/fr\/wp-json\/wp\/v2\/product"}],"about":[{"href":"https:\/\/port2port.be\/fr\/wp-json\/wp\/v2\/types\/product"}],"wp:featuredmedia":[{"embeddable":true,"href":"https:\/\/port2port.be\/fr\/wp-json\/wp\/v2\/media\/3399"}],"wp:attachment":[{"href":"https:\/\/port2port.be\/fr\/wp-json\/wp\/v2\/media?parent=2251"}],"wp:term":[{"taxonomy":"product_brand","embeddable":true,"href":"https:\/\/port2port.be\/fr\/wp-json\/wp\/v2\/product_brand?post=2251"},{"taxonomy":"product_cat","embeddable":true,"href":"https:\/\/port2port.be\/fr\/wp-json\/wp\/v2\/product_cat?post=2251"},{"taxonomy":"product_tag","embeddable":true,"href":"https:\/\/port2port.be\/fr\/wp-json\/wp\/v2\/product_tag?post=2251"},{"taxonomy":"land","embeddable":true,"href":"https:\/\/port2port.be\/fr\/wp-json\/wp\/v2\/land?post=2251"},{"taxonomy":"jaar","embeddable":true,"href":"https:\/\/port2port.be\/fr\/wp-json\/wp\/v2\/jaar?post=2251"}],"curies":[{"name":"wp","href":"https:\/\/api.w.org\/{rel}","templated":true}]}}