{"id":634,"date":"2023-02-22T14:26:21","date_gmt":"2023-02-22T13:26:21","guid":{"rendered":"https:\/\/port2port.mailbox-marketing10.be\/winkelwagen\/"},"modified":"2025-03-24T15:58:39","modified_gmt":"2025-03-24T14:58:39","slug":"winkelwagen","status":"publish","type":"page","link":"https:\/\/port2port.be\/fr\/panier-dachat\/","title":{"rendered":"Winkelwagen"},"content":{"rendered":"<div data-elementor-type=\"wp-page\" data-elementor-id=\"634\" class=\"elementor elementor-634\" data-elementor-post-type=\"page\">\n\t\t\t\t<div class=\"elementor-element elementor-element-238df3d2 e-flex e-con-boxed e-con e-parent\" data-id=\"238df3d2\" data-element_type=\"container\" data-e-type=\"container\">\n\t\t\t\t\t<div class=\"e-con-inner\">\n\t\t\t\t\t<\/div>\n\t\t\t\t<\/div>\n\t\t\t\t<\/div>","protected":false},"excerpt":{"rendered":"<p>Artikel verwijderen Miniatuurafbeelding Product Prijs Aantal Subtotaal &times; Accessoire 2 &euro;&nbsp;30,00 Accessoire 2 aantal &euro;&nbsp;30,00 Update winkelwagen Waardebon toepassen Totalen winkelwagen Subtotaal &euro;&nbsp;30,00 Verzending Gratis verzending De verzendopties worden bij het afrekenen ge\u00fcpdatet. Bereken verzendkosten Land\/regio: Selecteer een land\/regio&hellip;AfghanistanAland eilandenAlbani\u00ebAlgerijeAmerikaans-SamoaAndorraAngolaAnguillaAntarcticaAntigua en BarbudaArgentini\u00ebArmeni\u00ebArubaAustrali\u00ebAzerbeidzjanBahamasBahreinBangladeshBarbadosBelauBelgi\u00ebBelizeBeninBermudaBhutanBoeroendiBoliviaBonaire, Sint Eustatius en SabaBosni\u00eb en HerzegovinaBotswanaBouvetBrazili\u00ebBrits Indische OceaanterritoriumBruneiBulgarijeBurkina FasoCambodjaCanadaCentraal-Afrikaanse RepubliekChiliChinaChristmaseilandCocoseilandenColombiaComorenCongo-BrazzavilleCongo-KinshasaCookeilandenCosta RicaCubaCura\u00e7aoCyprusDenemarkenDjiboutiDominicaDominicaanse RepubliekDuitslandEcuadorEgypteEl SalvadorEquatoriaal-GuineaEritreaEstlandEswatiniEthiopi\u00ebFaer\u00f6erFalklandeilandenFijiFilippijnenFinlandFrankrijkFrans-GuyanaFrans-Polynesi\u00ebFranse [&hellip;]<\/p>\n","protected":false},"author":1,"featured_media":0,"parent":0,"menu_order":0,"comment_status":"closed","ping_status":"closed","template":"","meta":{"_seopress_robots_primary_cat":"","_seopress_titles_title":"","_seopress_titles_desc":"","_seopress_robots_index":"","iawp_total_views":403,"footnotes":""},"class_list":["post-634","page","type-page","status-publish","hentry"],"jetpack_sharing_enabled":true,"_links":{"self":[{"href":"https:\/\/port2port.be\/fr\/wp-json\/wp\/v2\/pages\/634","targetHints":{"allow":["GET"]}}],"collection":[{"href":"https:\/\/port2port.be\/fr\/wp-json\/wp\/v2\/pages"}],"about":[{"href":"https:\/\/port2port.be\/fr\/wp-json\/wp\/v2\/types\/page"}],"author":[{"embeddable":true,"href":"https:\/\/port2port.be\/fr\/wp-json\/wp\/v2\/users\/1"}],"replies":[{"embeddable":true,"href":"https:\/\/port2port.be\/fr\/wp-json\/wp\/v2\/comments?post=634"}],"version-history":[{"count":0,"href":"https:\/\/port2port.be\/fr\/wp-json\/wp\/v2\/pages\/634\/revisions"}],"wp:attachment":[{"href":"https:\/\/port2port.be\/fr\/wp-json\/wp\/v2\/media?parent=634"}],"curies":[{"name":"wp","href":"https:\/\/api.w.org\/{rel}","templated":true}]}}