{"id":38,"date":"2023-02-20T13:07:44","date_gmt":"2023-02-20T12:07:44","guid":{"rendered":"https:\/\/port2port.mailbox-marketing10.be\/?page_id=38"},"modified":"2024-12-27T15:15:47","modified_gmt":"2024-12-27T14:15:47","slug":"over-ons","status":"publish","type":"page","link":"https:\/\/port2port.be\/fr\/a-propos-de-nous\/","title":{"rendered":"A propos de moi"},"content":{"rendered":"<div data-elementor-type=\"wp-page\" data-elementor-id=\"38\" class=\"elementor elementor-38\" data-elementor-post-type=\"page\">\n\t\t\t\t<div class=\"elementor-element elementor-element-2ab2c64 e-flex e-con-boxed e-con e-parent\" data-id=\"2ab2c64\" data-element_type=\"container\" data-e-type=\"container\">\n\t\t\t\t\t<div class=\"e-con-inner\">\n\t\t\t\t<div class=\"elementor-element elementor-element-6504837 elementor-widget elementor-widget-heading\" data-id=\"6504837\" data-element_type=\"widget\" data-e-type=\"widget\" data-widget_type=\"heading.default\">\n\t\t\t\t<div class=\"elementor-widget-container\">\n\t\t\t\t\t<h1 class=\"elementor-heading-title elementor-size-default\">A propos de moi<\/h1>\t\t\t\t<\/div>\n\t\t\t\t<\/div>\n\t\t\t\t<div class=\"elementor-element elementor-element-904f38e elementor-widget elementor-widget-heading\" data-id=\"904f38e\" data-element_type=\"widget\" data-e-type=\"widget\" data-widget_type=\"heading.default\">\n\t\t\t\t<div class=\"elementor-widget-container\">\n\t\t\t\t\t<span class=\"elementor-heading-title elementor-size-default\">Kim Gastmans<\/span>\t\t\t\t<\/div>\n\t\t\t\t<\/div>\n\t\t\t\t<div class=\"elementor-element elementor-element-91559db elementor-widget elementor-widget-text-editor\" data-id=\"91559db\" data-element_type=\"widget\" data-e-type=\"widget\" data-widget_type=\"text-editor.default\">\n\t\t\t\t<div class=\"elementor-widget-container\">\n\t\t\t\t\t\t\t\t\t<p>Sommelier, mais surtout amateur de porto et de vins haut de gamme<\/p>\t\t\t\t\t\t\t\t<\/div>\n\t\t\t\t<\/div>\n\t\t\t\t\t<\/div>\n\t\t\t\t<\/div>\n\t\t<div class=\"elementor-element elementor-element-f04b836 e-flex e-con-boxed e-con e-parent\" data-id=\"f04b836\" data-element_type=\"container\" data-e-type=\"container\">\n\t\t\t\t\t<div class=\"e-con-inner\">\n\t\t<div class=\"elementor-element elementor-element-31eb3c2 e-con-full e-flex e-con e-child\" data-id=\"31eb3c2\" data-element_type=\"container\" data-e-type=\"container\">\n\t\t\t\t<div class=\"elementor-element elementor-element-4572ab0 elementor-widget elementor-widget-heading\" data-id=\"4572ab0\" data-element_type=\"widget\" data-e-type=\"widget\" data-widget_type=\"heading.default\">\n\t\t\t\t<div class=\"elementor-widget-container\">\n\t\t\t\t\t<h2 class=\"elementor-heading-title elementor-size-default\">Partager ma passion pour les vins de Porto<\/h2>\t\t\t\t<\/div>\n\t\t\t\t<\/div>\n\t\t\t\t<div class=\"elementor-element elementor-element-41b5526 elementor-widget elementor-widget-text-editor\" data-id=\"41b5526\" data-element_type=\"widget\" data-e-type=\"widget\" data-widget_type=\"text-editor.default\">\n\t\t\t\t<div class=\"elementor-widget-container\">\n\t\t\t\t\t\t\t\t\t<p>Sur ce site web, je partage ma passion et ma collection de vins de Porto et d'autres vins de qualit\u00e9 sup\u00e9rieure. Il ne s'agit pas (encore) d'une boutique en ligne, mais d'une plateforme sur laquelle je pr\u00e9sente mes offres aux personnes int\u00e9ress\u00e9es.<\/p>\t\t\t\t\t\t\t\t<\/div>\n\t\t\t\t<\/div>\n\t\t\t\t<div class=\"elementor-element elementor-element-e549a38 elementor-widget elementor-widget-heading\" data-id=\"e549a38\" data-element_type=\"widget\" data-e-type=\"widget\" data-widget_type=\"heading.default\">\n\t\t\t\t<div class=\"elementor-widget-container\">\n\t\t\t\t\t<h3 class=\"elementor-heading-title elementor-size-default\">D\u00e9couvrez ma collection unique de vins<\/h3>\t\t\t\t<\/div>\n\t\t\t\t<\/div>\n\t\t\t\t<div class=\"elementor-element elementor-element-5ea4012 elementor-widget elementor-widget-text-editor\" data-id=\"5ea4012\" data-element_type=\"widget\" data-e-type=\"widget\" data-widget_type=\"text-editor.default\">\n\t\t\t\t<div class=\"elementor-widget-container\">\n\t\t\t\t\t\t\t\t\t<p>Vous \u00eates int\u00e9ress\u00e9 par un vin en particulier ? Remplissez alors le formulaire de contact.<br \/>Cela peut se faire \u00e0 la fois sur le produit lui-m\u00eame et sur la page de contact.<\/p><p>C'est \u00e0 vous de choisir si vous voulez plus d'informations ou si vous voulez faire une demande d'achat. Rien n'est obligatoire ! Je fournis volontiers des informations compl\u00e9mentaires sur tous mes produits, sans engagement de ma part.\u00a0 \u00a0\u00a0<\/p><p>Si vous souhaitez acheter une bouteille ou une caisse particuli\u00e8re, nous discutons des conditions entre nous : prix, emballage, transport, conditions de paiement et d'exp\u00e9dition. Tout est tr\u00e8s ouvert et direct.<\/p>\t\t\t\t\t\t\t\t<\/div>\n\t\t\t\t<\/div>\n\t\t\t\t<div class=\"elementor-element elementor-element-dc925c1 elementor-widget elementor-widget-button\" data-id=\"dc925c1\" data-element_type=\"widget\" data-e-type=\"widget\" data-widget_type=\"button.default\">\n\t\t\t\t<div class=\"elementor-widget-container\">\n\t\t\t\t\t\t\t\t\t<div class=\"elementor-button-wrapper\">\n\t\t\t\t\t<a class=\"elementor-button elementor-button-link elementor-size-sm\" href=\"https:\/\/port2port.be\/fr\/boutique\/\">\n\t\t\t\t\t\t<span class=\"elementor-button-content-wrapper\">\n\t\t\t\t\t\t\t\t\t<span class=\"elementor-button-text\">D\u00e9couvrez l'offre<\/span>\n\t\t\t\t\t<\/span>\n\t\t\t\t\t<\/a>\n\t\t\t\t<\/div>\n\t\t\t\t\t\t\t\t<\/div>\n\t\t\t\t<\/div>\n\t\t\t\t<\/div>\n\t\t<div class=\"elementor-element elementor-element-60f1dec e-con-full e-flex e-con e-child\" data-id=\"60f1dec\" data-element_type=\"container\" data-e-type=\"container\" data-settings=\"{&quot;background_background&quot;:&quot;classic&quot;}\">\n\t\t\t\t<div class=\"elementor-element elementor-element-e24b4ff elementor-widget__width-initial elementor-widget elementor-widget-image\" data-id=\"e24b4ff\" data-element_type=\"widget\" data-e-type=\"widget\" data-widget_type=\"image.default\">\n\t\t\t\t<div class=\"elementor-widget-container\">\n\t\t\t\t\t\t\t\t\t\t\t\t\t\t\t<img fetchpriority=\"high\" decoding=\"async\" width=\"768\" height=\"1024\" src=\"https:\/\/i0.wp.com\/port2port.be\/wp-content\/uploads\/2024\/12\/Port2Port-18.jpg?fit=768%2C1024&amp;ssl=1\" class=\"attachment-large size-large wp-image-2017\" alt=\"Kim Gastmans pr\u00e9sente un porto exclusif lors d&#039;une d\u00e9gustation intime.\" srcset=\"https:\/\/i0.wp.com\/port2port.be\/wp-content\/uploads\/2024\/12\/Port2Port-18.jpg?w=768&amp;ssl=1 768w, https:\/\/i0.wp.com\/port2port.be\/wp-content\/uploads\/2024\/12\/Port2Port-18.jpg?resize=600%2C800&amp;ssl=1 600w, https:\/\/i0.wp.com\/port2port.be\/wp-content\/uploads\/2024\/12\/Port2Port-18.jpg?resize=375%2C500&amp;ssl=1 375w, https:\/\/i0.wp.com\/port2port.be\/wp-content\/uploads\/2024\/12\/Port2Port-18.jpg?resize=9%2C12&amp;ssl=1 9w\" sizes=\"(max-width: 768px) 100vw, 768px\" \/>\t\t\t\t\t\t\t\t\t\t\t\t\t\t\t<\/div>\n\t\t\t\t<\/div>\n\t\t\t\t<div class=\"elementor-element elementor-element-2021a46 elementor-widget__width-initial elementor-hidden-mobile elementor-widget elementor-widget-image\" data-id=\"2021a46\" data-element_type=\"widget\" data-e-type=\"widget\" data-widget_type=\"image.default\">\n\t\t\t\t<div class=\"elementor-widget-container\">\n\t\t\t\t\t\t\t\t\t\t\t\t\t\t\t<img decoding=\"async\" width=\"480\" height=\"640\" src=\"https:\/\/i0.wp.com\/port2port.be\/wp-content\/uploads\/2024\/12\/Port2Port-4-1.jpg?fit=480%2C640&amp;ssl=1\" class=\"attachment-large size-large wp-image-2016\" alt=\"Kim Gastmans go\u00fbte un verre de porto lors d&#039;une d\u00e9gustation intime.\" srcset=\"https:\/\/i0.wp.com\/port2port.be\/wp-content\/uploads\/2024\/12\/Port2Port-4-1.jpg?w=480&amp;ssl=1 480w, https:\/\/i0.wp.com\/port2port.be\/wp-content\/uploads\/2024\/12\/Port2Port-4-1.jpg?resize=375%2C500&amp;ssl=1 375w, https:\/\/i0.wp.com\/port2port.be\/wp-content\/uploads\/2024\/12\/Port2Port-4-1.jpg?resize=9%2C12&amp;ssl=1 9w\" sizes=\"(max-width: 480px) 100vw, 480px\" \/>\t\t\t\t\t\t\t\t\t\t\t\t\t\t\t<\/div>\n\t\t\t\t<\/div>\n\t\t\t\t<\/div>\n\t\t\t\t\t<\/div>\n\t\t\t\t<\/div>\n\t\t<div class=\"elementor-element elementor-element-e93c78b e-flex e-con-boxed e-con e-parent\" data-id=\"e93c78b\" data-element_type=\"container\" data-e-type=\"container\" data-settings=\"{&quot;background_background&quot;:&quot;classic&quot;}\">\n\t\t\t\t\t<div class=\"e-con-inner\">\n\t\t<div class=\"elementor-element elementor-element-c08e57b e-con-full e-flex e-con e-child\" data-id=\"c08e57b\" data-element_type=\"container\" data-e-type=\"container\" data-settings=\"{&quot;background_background&quot;:&quot;classic&quot;}\">\n\t\t\t\t<\/div>\n\t\t<div class=\"elementor-element elementor-element-a3c9351 e-con-full e-flex e-con e-child\" data-id=\"a3c9351\" data-element_type=\"container\" data-e-type=\"container\">\n\t\t\t\t<div class=\"elementor-element elementor-element-011bbcc elementor-widget elementor-widget-heading\" data-id=\"011bbcc\" data-element_type=\"widget\" data-e-type=\"widget\" data-widget_type=\"heading.default\">\n\t\t\t\t<div class=\"elementor-widget-container\">\n\t\t\t\t\t<h2 class=\"elementor-heading-title elementor-size-default\">Ma collection<\/h2>\t\t\t\t<\/div>\n\t\t\t\t<\/div>\n\t\t\t\t<div class=\"elementor-element elementor-element-3d3cb1a elementor-widget elementor-widget-heading\" data-id=\"3d3cb1a\" data-element_type=\"widget\" data-e-type=\"widget\" data-widget_type=\"heading.default\">\n\t\t\t\t<div class=\"elementor-widget-container\">\n\t\t\t\t\t<h3 class=\"elementor-heading-title elementor-size-default\">Des bouteilles individuelles \u00e0 une collection unique<\/h3>\t\t\t\t<\/div>\n\t\t\t\t<\/div>\n\t\t\t\t<div class=\"elementor-element elementor-element-93a7e06 elementor-widget elementor-widget-text-editor\" data-id=\"93a7e06\" data-element_type=\"widget\" data-e-type=\"widget\" data-widget_type=\"text-editor.default\">\n\t\t\t\t<div class=\"elementor-widget-container\">\n\t\t\t\t\t\t\t\t\t<p>Ma passion pour le porto a largement d\u00e9pass\u00e9 les 30 ans. Ce qui a commenc\u00e9 avec quelques bouteilles s'est transform\u00e9 en une collection unique et exceptionnelle de porto avec un lot tr\u00e8s solide de VINTAGE-PORTS ( +\/- 7000 bouteilles de mill\u00e9sime) avec un stock important.\u00a0<\/p>\t\t\t\t\t\t\t\t<\/div>\n\t\t\t\t<\/div>\n\t\t\t\t<div class=\"elementor-element elementor-element-bae799f elementor-widget elementor-widget-heading\" data-id=\"bae799f\" data-element_type=\"widget\" data-e-type=\"widget\" data-widget_type=\"heading.default\">\n\t\t\t\t<div class=\"elementor-widget-container\">\n\t\t\t\t\t<h3 class=\"elementor-heading-title elementor-size-default\">Grands vins italiens : enrichir la collection<\/h3>\t\t\t\t<\/div>\n\t\t\t\t<\/div>\n\t\t\t\t<div class=\"elementor-element elementor-element-1f93f98 elementor-widget elementor-widget-text-editor\" data-id=\"1f93f98\" data-element_type=\"widget\" data-e-type=\"widget\" data-widget_type=\"text-editor.default\">\n\t\t\t\t<div class=\"elementor-widget-container\">\n\t\t\t\t\t\t\t\t\t<p>Au cours des ann\u00e9es pr\u00e9c\u00e9dentes, un beau lot de vins a \u00e9galement \u00e9t\u00e9 ajout\u00e9 \u00e0 la collection. Sassicaia, Solaia, Tignanello, Masseto, Onellaia, Gaia, ... pour n'en citer que quelques-uns.<\/p>\t\t\t\t\t\t\t\t<\/div>\n\t\t\t\t<\/div>\n\t\t\t\t<\/div>\n\t\t\t\t\t<\/div>\n\t\t\t\t<\/div>\n\t\t<div class=\"elementor-element elementor-element-a7600e8 e-flex e-con-boxed e-con e-parent\" data-id=\"a7600e8\" data-element_type=\"container\" data-e-type=\"container\" data-settings=\"{&quot;background_background&quot;:&quot;classic&quot;}\">\n\t\t\t\t\t<div class=\"e-con-inner\">\n\t\t<div class=\"elementor-element elementor-element-1e47539 e-con-full e-flex e-con e-child\" data-id=\"1e47539\" data-element_type=\"container\" data-e-type=\"container\">\n\t\t\t\t<div class=\"elementor-element elementor-element-6ca9a1a elementor-widget elementor-widget-heading\" data-id=\"6ca9a1a\" data-element_type=\"widget\" data-e-type=\"widget\" data-widget_type=\"heading.default\">\n\t\t\t\t<div class=\"elementor-widget-container\">\n\t\t\t\t\t<h3 class=\"elementor-heading-title elementor-size-default\">Chefs-d'\u0153uvre fran\u00e7ais<\/h3>\t\t\t\t<\/div>\n\t\t\t\t<\/div>\n\t\t\t\t<div class=\"elementor-element elementor-element-d083b54 elementor-widget elementor-widget-text-editor\" data-id=\"d083b54\" data-element_type=\"widget\" data-e-type=\"widget\" data-widget_type=\"text-editor.default\">\n\t\t\t\t<div class=\"elementor-widget-container\">\n\t\t\t\t\t\t\t\t\t<p>Dans la France riche, nous pouvons ajouter \u00e0 la liste Cht Latour, Cht le Pin, Cht Lafite Rothschild, Cht Mouton Rothschild, Cht Cheval Blanc, entre autres, ainsi que quelques Bourgognes de premier plan comme Vosne Roman\u00e9e La Grande Rue, Chassagne Montrachet et enfin les Champagnes, tels que Salon Le Mesnil Blanc de Blancs Grand Cru, Bollinger Ros\u00e9 Brut, Bollinger R.D., Bollinger Vieilles Vignes Fran\u00e7aises Blanc de Noirs Brut, Taittinger Brut.<\/p>\t\t\t\t\t\t\t\t<\/div>\n\t\t\t\t<\/div>\n\t\t\t\t<div class=\"elementor-element elementor-element-2c42e08 elementor-widget elementor-widget-heading\" data-id=\"2c42e08\" data-element_type=\"widget\" data-e-type=\"widget\" data-widget_type=\"heading.default\">\n\t\t\t\t<div class=\"elementor-widget-container\">\n\t\t\t\t\t<h3 class=\"elementor-heading-title elementor-size-default\">Une collection qui va plus loin<\/h3>\t\t\t\t<\/div>\n\t\t\t\t<\/div>\n\t\t\t\t<div class=\"elementor-element elementor-element-214dff2 elementor-widget elementor-widget-text-editor\" data-id=\"214dff2\" data-element_type=\"widget\" data-e-type=\"widget\" data-widget_type=\"text-editor.default\">\n\t\t\t\t<div class=\"elementor-widget-container\">\n\t\t\t\t\t\t\t\t\t<p>La liste se poursuit avec des vins espagnols de la famille Torres, entre autres. Quelques autres whiskies et cognacs de qualit\u00e9 compl\u00e8tent la collection.<\/p>\t\t\t\t\t\t\t\t<\/div>\n\t\t\t\t<\/div>\n\t\t\t\t<\/div>\n\t\t<div class=\"elementor-element elementor-element-4fccd1e e-con-full e-flex e-con e-child\" data-id=\"4fccd1e\" data-element_type=\"container\" data-e-type=\"container\" data-settings=\"{&quot;background_background&quot;:&quot;classic&quot;}\">\n\t\t\t\t<\/div>\n\t\t\t\t\t<\/div>\n\t\t\t\t<\/div>\n\t\t<div class=\"elementor-element elementor-element-c9e96b9 e-flex e-con-boxed e-con e-parent\" data-id=\"c9e96b9\" data-element_type=\"container\" data-e-type=\"container\" data-settings=\"{&quot;background_background&quot;:&quot;classic&quot;}\">\n\t\t\t\t\t<div class=\"e-con-inner\">\n\t\t<div class=\"elementor-element elementor-element-3e3fbaf e-con-full e-flex e-con e-child\" data-id=\"3e3fbaf\" data-element_type=\"container\" data-e-type=\"container\" data-settings=\"{&quot;background_background&quot;:&quot;classic&quot;}\">\n\t\t\t\t<\/div>\n\t\t<div class=\"elementor-element elementor-element-5157e74 e-con-full e-flex e-con e-child\" data-id=\"5157e74\" data-element_type=\"container\" data-e-type=\"container\">\n\t\t\t\t<div class=\"elementor-element elementor-element-5d07fa6 elementor-widget elementor-widget-heading\" data-id=\"5d07fa6\" data-element_type=\"widget\" data-e-type=\"widget\" data-widget_type=\"heading.default\">\n\t\t\t\t<div class=\"elementor-widget-container\">\n\t\t\t\t\t<h2 class=\"elementor-heading-title elementor-size-default\">La passion du port<\/h2>\t\t\t\t<\/div>\n\t\t\t\t<\/div>\n\t\t\t\t<div class=\"elementor-element elementor-element-2a9c7c4 elementor-widget elementor-widget-text-editor\" data-id=\"2a9c7c4\" data-element_type=\"widget\" data-e-type=\"widget\" data-widget_type=\"text-editor.default\">\n\t\t\t\t<div class=\"elementor-widget-container\">\n\t\t\t\t\t\t\t\t\t<p>Le vin \"PORT\", le porto, le vin de porto sont autant de noms pour ce produit unique.<\/p><p>Le porto n'est pas seulement le roi du vin, c'est bien plus que cela : c'est la passion du vigneron et de la cave, color\u00e9e par les \u00e9l\u00e9ments de la nature, avec la puissance du \"terroir\" et exalt\u00e9e par le travail intense et la patience pour brasser ce breuvage des dieux.<\/p>\t\t\t\t\t\t\t\t<\/div>\n\t\t\t\t<\/div>\n\t\t\t\t<\/div>\n\t\t\t\t\t<\/div>\n\t\t\t\t<\/div>\n\t\t<div class=\"elementor-element elementor-element-fc527bd e-flex e-con-boxed e-con e-parent\" data-id=\"fc527bd\" data-element_type=\"container\" data-e-type=\"container\">\n\t\t\t\t\t<div class=\"e-con-inner\">\n\t\t<div class=\"elementor-element elementor-element-a676e06 e-con-full e-flex e-con e-child\" data-id=\"a676e06\" data-element_type=\"container\" data-e-type=\"container\">\n\t\t\t\t<div class=\"elementor-element elementor-element-110a3c9 elementor-widget elementor-widget-heading\" data-id=\"110a3c9\" data-element_type=\"widget\" data-e-type=\"widget\" data-widget_type=\"heading.default\">\n\t\t\t\t<div class=\"elementor-widget-container\">\n\t\t\t\t\t<h3 class=\"elementor-heading-title elementor-size-default\">Un jeu de terroir, de travail et de patience<\/h3>\t\t\t\t<\/div>\n\t\t\t\t<\/div>\n\t\t\t\t<div class=\"elementor-element elementor-element-a592a02 elementor-widget elementor-widget-text-editor\" data-id=\"a592a02\" data-element_type=\"widget\" data-e-type=\"widget\" data-widget_type=\"text-editor.default\">\n\t\t\t\t<div class=\"elementor-widget-container\">\n\t\t\t\t\t\t\t\t\t<p>La patience, d'apparence simple, est l'une des \u00e9preuves les plus difficiles, tant pour le vigneron que pour le candidat final.<\/p>\t\t\t\t\t\t\t\t<\/div>\n\t\t\t\t<\/div>\n\t\t\t\t<div class=\"elementor-element elementor-element-b0538a0 elementor-widget elementor-widget-heading\" data-id=\"b0538a0\" data-element_type=\"widget\" data-e-type=\"widget\" data-widget_type=\"heading.default\">\n\t\t\t\t<div class=\"elementor-widget-container\">\n\t\t\t\t\t<h3 class=\"elementor-heading-title elementor-size-default\">On go\u00fbte le porto, on ne le boit pas<\/h3>\t\t\t\t<\/div>\n\t\t\t\t<\/div>\n\t\t\t\t<div class=\"elementor-element elementor-element-057cc22 elementor-widget elementor-widget-text-editor\" data-id=\"057cc22\" data-element_type=\"widget\" data-e-type=\"widget\" data-widget_type=\"text-editor.default\">\n\t\t\t\t<div class=\"elementor-widget-container\">\n\t\t\t\t\t\t\t\t\t<p>On ne boit pas le porto, on le go\u00fbte et on en appr\u00e9cie la saveur, la compagnie, l'environnement, l'odeur dans le verre, les rituels d'ouverture et bien d'autres \u00e9l\u00e9ments qui contribuent \u00e0 d\u00e9terminer l'exp\u00e9rience de votre porto au moment o\u00f9 votre patience s'ach\u00e8ve et culmine dans la \"d\u00e9gustation et l'appr\u00e9ciation\".<\/p><p>Je vais arr\u00eater avec ces superlatifs, pour que vous puissiez le d\u00e9couvrir par vous-m\u00eame.<\/p>\t\t\t\t\t\t\t\t<\/div>\n\t\t\t\t<\/div>\n\t\t\t\t<\/div>\n\t\t<div class=\"elementor-element elementor-element-7a4b121 e-con-full e-flex e-con e-child\" data-id=\"7a4b121\" data-element_type=\"container\" data-e-type=\"container\" data-settings=\"{&quot;background_background&quot;:&quot;classic&quot;}\">\n\t\t\t\t<\/div>\n\t\t\t\t\t<\/div>\n\t\t\t\t<\/div>\n\t\t<div class=\"elementor-element elementor-element-1317e2b e-flex e-con-boxed e-con e-parent\" data-id=\"1317e2b\" data-element_type=\"container\" data-e-type=\"container\" data-settings=\"{&quot;background_background&quot;:&quot;classic&quot;}\">\n\t\t\t\t\t<div class=\"e-con-inner\">\n\t\t\t\t<div class=\"elementor-element elementor-element-b3854b0 elementor-widget elementor-widget-heading\" data-id=\"b3854b0\" data-element_type=\"widget\" data-e-type=\"widget\" data-widget_type=\"heading.default\">\n\t\t\t\t<div class=\"elementor-widget-container\">\n\t\t\t\t\t<h2 class=\"elementor-heading-title elementor-size-default\">Vous avez des questions ? Prenez contact avec nous !<\/h2>\t\t\t\t<\/div>\n\t\t\t\t<\/div>\n\t\t\t\t<div class=\"elementor-element elementor-element-d226eae elementor-widget elementor-widget-text-editor\" data-id=\"d226eae\" data-element_type=\"widget\" data-e-type=\"widget\" data-widget_type=\"text-editor.default\">\n\t\t\t\t<div class=\"elementor-widget-container\">\n\t\t\t\t\t\t\t\t\t<p>Vous souhaitez en savoir plus sur un porto particulier ou sur d'autres vins de ma collection ? Ou vous cherchez un conseil personnalis\u00e9 ? Je me ferai un plaisir de vous aider !<\/p>\t\t\t\t\t\t\t\t<\/div>\n\t\t\t\t<\/div>\n\t\t\t\t<div class=\"elementor-element elementor-element-53043e6 elementor-align-center elementor-widget elementor-widget-button\" data-id=\"53043e6\" data-element_type=\"widget\" data-e-type=\"widget\" data-widget_type=\"button.default\">\n\t\t\t\t<div class=\"elementor-widget-container\">\n\t\t\t\t\t\t\t\t\t<div class=\"elementor-button-wrapper\">\n\t\t\t\t\t<a class=\"elementor-button elementor-button-link elementor-size-sm\" href=\"https:\/\/port2port.be\/fr\/boutique\/\">\n\t\t\t\t\t\t<span class=\"elementor-button-content-wrapper\">\n\t\t\t\t\t\t\t\t\t<span class=\"elementor-button-text\">Prendre contact<\/span>\n\t\t\t\t\t<\/span>\n\t\t\t\t\t<\/a>\n\t\t\t\t<\/div>\n\t\t\t\t\t\t\t\t<\/div>\n\t\t\t\t<\/div>\n\t\t\t\t\t<\/div>\n\t\t\t\t<\/div>\n\t\t\t\t<\/div>","protected":false},"excerpt":{"rendered":"<p>Over mij Kim Gastmans Sommelier, maar vooral genieter van port en topwijnen Deel mijn passie voor Portwijnen Op deze website deel ik mijn passie en mijn collectie van portwijnen en andere topwijnen. Het is (nog) geen webshop, maar een platform waarop ik mijn aanbod tentoonstel aan ge\u00efnteresseerden. Ontdek mijn unieke collectie wijnen Heb je interesse [&hellip;]<\/p>\n","protected":false},"author":1,"featured_media":0,"parent":0,"menu_order":0,"comment_status":"closed","ping_status":"closed","template":"","meta":{"_seopress_robots_primary_cat":"","_seopress_titles_title":"","_seopress_titles_desc":"","_seopress_robots_index":"","iawp_total_views":324,"footnotes":""},"class_list":["post-38","page","type-page","status-publish","hentry"],"jetpack_sharing_enabled":true,"_links":{"self":[{"href":"https:\/\/port2port.be\/fr\/wp-json\/wp\/v2\/pages\/38","targetHints":{"allow":["GET"]}}],"collection":[{"href":"https:\/\/port2port.be\/fr\/wp-json\/wp\/v2\/pages"}],"about":[{"href":"https:\/\/port2port.be\/fr\/wp-json\/wp\/v2\/types\/page"}],"author":[{"embeddable":true,"href":"https:\/\/port2port.be\/fr\/wp-json\/wp\/v2\/users\/1"}],"replies":[{"embeddable":true,"href":"https:\/\/port2port.be\/fr\/wp-json\/wp\/v2\/comments?post=38"}],"version-history":[{"count":0,"href":"https:\/\/port2port.be\/fr\/wp-json\/wp\/v2\/pages\/38\/revisions"}],"wp:attachment":[{"href":"https:\/\/port2port.be\/fr\/wp-json\/wp\/v2\/media?parent=38"}],"curies":[{"name":"wp","href":"https:\/\/api.w.org\/{rel}","templated":true}]}}