{"id":3858,"date":"2026-01-18T19:21:46","date_gmt":"2026-01-18T18:21:46","guid":{"rendered":"https:\/\/port2port.be\/?post_type=product&#038;p=3858"},"modified":"2026-03-26T21:06:42","modified_gmt":"2026-03-26T20:06:42","slug":"2022-chateau-duhart-milon","status":"publish","type":"product","link":"https:\/\/port2port.be\/en\/product\/2022-chateau-duhart-milon\/","title":{"rendered":"2018 Ch\u00e2teau Laroze - Saint-\u00c9milion"},"content":{"rendered":"<h2>Ch\u00e2teau Laroze 2018 - Ripe Saint-\u00c9milion with velvet charm<\/h2>\n<h3>A hot vintage with concentration and accessibility<\/h3>\n<p>Ch\u00e2teau<a href=\"https:\/\/port2port.be\/en\/product\/bordeaux-gift-box-2018-6-grand-cru-wines-in-wooden-case\/\"> Laroze<\/a> 2018 is a rich and expressive Saint-\u00c9milion Grand Cru from a warm and sunny growing season. The wine combines ripe fruit, round tannins and supple structure, resulting in a generous and harmonious style.<\/p>\n<p>The style is classic right bank: Merlot-driven softness is complemented by freshness and finesse. 2018 is already extremely enjoyable, but also possesses enough structure to age nicely for several more years.<\/p>\n<h3>Trial Experience<\/h3>\n<ul>\n<li>Deep ruby red with purple reflections<\/li>\n<li>Aromas of ripe cherry, plum, black currant and subtle spiciness<\/li>\n<li>Round and supple mouthfeel with velvety tannins<\/li>\n<li>Elegant, fruit-driven finish<\/li>\n<\/ul>\n<h3>The story behind the wine<\/h3>\n<ul>\n<li>Historic Saint-\u00c9milion Grand Cru estate<\/li>\n<li>2018 represents maturity, accessibility and balance<\/li>\n<li>Classic right bank style with modern precision<\/li>\n<li>Ideal for immediate drinkability and short cellar aging<\/li>\n<\/ul>","protected":false},"excerpt":{"rendered":"<h2>2018 - Smooth Saint-\u00c9milion with ripe fruit expression.<\/h2>\n<ul>\n<li>Warm top vintage with ripe red and black fruit.<\/li>\n<li>Velvety tannins and supple structure.<\/li>\n<li>Accessible and harmonious in style.<\/li>\n<li>Perfect for lovers of Merlot-driven Bordeaux.<\/li>\n<\/ul>","protected":false},"featured_media":3860,"template":"","meta":{"_seopress_robots_primary_cat":"none","_seopress_titles_title":"Ch\u00e2teau Laroze 2018 \u2013 Saint-\u00c9milion Grand Cru","_seopress_titles_desc":"Ch\u00e2teau Laroze 2018 is een zachte Saint-\u00c9milion Grand Cru met rijp fruit, fluweelzachte tannines en harmonieuze balans.","_seopress_robots_index":"","iawp_total_views":2},"product_brand":[808],"product_cat":[911,374,943,25],"product_tag":[924,935,925],"land":[40],"jaar":[266],"class_list":{"0":"post-3858","1":"product","2":"type-product","3":"status-publish","4":"has-post-thumbnail","6":"product_brand-chateau-laroze","7":"product_cat-bordeaux","8":"product_cat-rode-wijn","9":"product_cat-saint-emilion","10":"product_cat-wijn","11":"product_tag-bordeaux","12":"product_tag-merlot","13":"product_tag-saint-emilion","14":"pa_druivensoort-cabernet-franc","15":"pa_druivensoort-cabernet-sauvignon","16":"pa_druivensoort-merlot","17":"pa_eenheid-750-ml","18":"pa_houten-kist-houten-kist-6-flessen","19":"pa_regio-bordeaux-saint-emilion","20":"land-frankrijk","21":"jaar-266","23":"first","24":"instock","25":"taxable","26":"shipping-taxable","27":"purchasable","28":"product-type-simple"},"jetpack_sharing_enabled":true,"_links":{"self":[{"href":"https:\/\/port2port.be\/en\/wp-json\/wp\/v2\/product\/3858","targetHints":{"allow":["GET"]}}],"collection":[{"href":"https:\/\/port2port.be\/en\/wp-json\/wp\/v2\/product"}],"about":[{"href":"https:\/\/port2port.be\/en\/wp-json\/wp\/v2\/types\/product"}],"wp:featuredmedia":[{"embeddable":true,"href":"https:\/\/port2port.be\/en\/wp-json\/wp\/v2\/media\/3860"}],"wp:attachment":[{"href":"https:\/\/port2port.be\/en\/wp-json\/wp\/v2\/media?parent=3858"}],"wp:term":[{"taxonomy":"product_brand","embeddable":true,"href":"https:\/\/port2port.be\/en\/wp-json\/wp\/v2\/product_brand?post=3858"},{"taxonomy":"product_cat","embeddable":true,"href":"https:\/\/port2port.be\/en\/wp-json\/wp\/v2\/product_cat?post=3858"},{"taxonomy":"product_tag","embeddable":true,"href":"https:\/\/port2port.be\/en\/wp-json\/wp\/v2\/product_tag?post=3858"},{"taxonomy":"land","embeddable":true,"href":"https:\/\/port2port.be\/en\/wp-json\/wp\/v2\/land?post=3858"},{"taxonomy":"jaar","embeddable":true,"href":"https:\/\/port2port.be\/en\/wp-json\/wp\/v2\/jaar?post=3858"}],"curies":[{"name":"wp","href":"https:\/\/api.w.org\/{rel}","templated":true}]}}