{"id":3824,"date":"2026-01-17T20:21:29","date_gmt":"2026-01-17T19:21:29","guid":{"rendered":"https:\/\/port2port.be\/?post_type=product&#038;p=3824"},"modified":"2026-03-26T21:07:22","modified_gmt":"2026-03-26T20:07:22","slug":"2022-bernard-magrez-chateau-les-grands-chenes","status":"publish","type":"product","link":"https:\/\/port2port.be\/en\/product\/2022-bernard-magrez-chateau-les-grands-chenes\/","title":{"rendered":"2022 Bernard Magrez Ch\u00e2teau Les Grands Ch\u00eanes - M\u00e9doc"},"content":{"rendered":"<h2>Ch\u00e2teau Les Grands Ch\u00eanes 2022 - Deep concentration and modern M\u00e9doc class.<\/h2>\n<h3>A powerful Bordeaux from an exceptionally warm vintage<\/h3>\n<p>Ch\u00e2teau Les Grands Ch\u00eanes 2022 is an intense and expressive M\u00e9doc that effortlessly combines power and elegance. The warm growing season provided perfectly ripe grapes with deep fruit concentration, while precise vinification preserved freshness and balance.<\/p>\n<p>The wine shows a modern M\u00e9doc style: rich, full-bodied and velvety, but always tightly guided. The 2022 impresses in its youth, but is clearly built for further aging and complexity.<\/p>\n<h3>Trial Experience<\/h3>\n<ul>\n<li>Deep purple ruby red with intense core<\/li>\n<li>Aromas of cassis, black cherry, plum, cocoa and cedarwood<\/li>\n<li>Full and round mouthfeel with ripe, silky tannins<\/li>\n<li>Long, concentrated finish with fresh tension<\/li>\n<\/ul>\n<h3>The story behind the wine<\/h3>\n<ul>\n<li>Modern interpretation of classic M\u00e9doc<\/li>\n<li>2022 represents maturity, energy and storage potential<\/li>\n<li>Made with a focus on precision and purity<\/li>\n<li>Suitable for direct experience as well as cellaring<\/li>\n<\/ul>","protected":false},"excerpt":{"rendered":"<h2>2022 - Rich M\u00e9doc with power and elegance<\/h2>\n<ul>\n<li>Warm top vintage with deep fruit concentration.<\/li>\n<li>Velvety tannins and full-bodied structure.<\/li>\n<li>Modern, expressive and perfectly balanced.<\/li>\n<li>Excellent storage potential.<\/li>\n<\/ul>","protected":false},"featured_media":3823,"template":"","meta":{"_seopress_robots_primary_cat":"none","_seopress_titles_title":"Ch\u00e2teau Les Grands Ch\u00eanes 2022 \u2013 M\u00e9doc Bordeaux","_seopress_titles_desc":"Ch\u00e2teau Les Grands Ch\u00eanes 2022 is een krachtige M\u00e9doc met rijp zwart fruit, fluweelzachte tannines en modern Bordeaux-karakter.","_seopress_robots_index":"","iawp_total_views":3},"product_brand":[880],"product_cat":[911,950,374,25],"product_tag":[924,929],"land":[40],"jaar":[334],"class_list":{"0":"post-3824","1":"product","2":"type-product","3":"status-publish","4":"has-post-thumbnail","6":"product_brand-les-grands-chenes","7":"product_cat-bordeaux","8":"product_cat-medoc","9":"product_cat-rode-wijn","10":"product_cat-wijn","11":"product_tag-bordeaux","12":"product_tag-medoc","13":"pa_druivensoort-cabernet-sauvignon","14":"pa_druivensoort-merlot","15":"pa_eenheid-750-ml","16":"pa_houten-kist-houten-kist-6-flessen","17":"pa_regio-medoc-bordeaux","18":"land-frankrijk","19":"jaar-334","21":"first","22":"instock","23":"taxable","24":"shipping-taxable","25":"purchasable","26":"product-type-simple"},"jetpack_sharing_enabled":true,"_links":{"self":[{"href":"https:\/\/port2port.be\/en\/wp-json\/wp\/v2\/product\/3824","targetHints":{"allow":["GET"]}}],"collection":[{"href":"https:\/\/port2port.be\/en\/wp-json\/wp\/v2\/product"}],"about":[{"href":"https:\/\/port2port.be\/en\/wp-json\/wp\/v2\/types\/product"}],"wp:featuredmedia":[{"embeddable":true,"href":"https:\/\/port2port.be\/en\/wp-json\/wp\/v2\/media\/3823"}],"wp:attachment":[{"href":"https:\/\/port2port.be\/en\/wp-json\/wp\/v2\/media?parent=3824"}],"wp:term":[{"taxonomy":"product_brand","embeddable":true,"href":"https:\/\/port2port.be\/en\/wp-json\/wp\/v2\/product_brand?post=3824"},{"taxonomy":"product_cat","embeddable":true,"href":"https:\/\/port2port.be\/en\/wp-json\/wp\/v2\/product_cat?post=3824"},{"taxonomy":"product_tag","embeddable":true,"href":"https:\/\/port2port.be\/en\/wp-json\/wp\/v2\/product_tag?post=3824"},{"taxonomy":"land","embeddable":true,"href":"https:\/\/port2port.be\/en\/wp-json\/wp\/v2\/land?post=3824"},{"taxonomy":"jaar","embeddable":true,"href":"https:\/\/port2port.be\/en\/wp-json\/wp\/v2\/jaar?post=3824"}],"curies":[{"name":"wp","href":"https:\/\/api.w.org\/{rel}","templated":true}]}}